{"id":711,"date":"2024-05-21T14:45:07","date_gmt":"2024-05-21T14:45:07","guid":{"rendered":"https:\/\/primaria-online.primaria.eu\/malu-cu-flori\/?page_id=711"},"modified":"2024-10-24T12:34:10","modified_gmt":"2024-10-24T12:34:10","slug":"programare-acte-de-indentitate","status":"publish","type":"page","link":"https:\/\/primaria-online.primaria.eu\/malu-cu-flori\/programare-acte-de-indentitate\/","title":{"rendered":"Programare acte de indentitate"},"content":{"rendered":"<div class=\"fusion-fullwidth fullwidth-box fusion-builder-row-1 fusion-flex-container has-pattern-background has-mask-background nonhundred-percent-fullwidth non-hundred-percent-height-scrolling\" style=\"--awb-border-radius-top-left:0px;--awb-border-radius-top-right:0px;--awb-border-radius-bottom-right:0px;--awb-border-radius-bottom-left:0px;--awb-padding-top:60px;--awb-padding-bottom:40px;--awb-background-color:#f9fafb;\" ><div class=\"fusion-builder-row fusion-row fusion-flex-align-items-flex-start\" style=\"max-width:1248px;margin-left: calc(-4% \/ 2 );margin-right: calc(-4% \/ 2 );\"><div class=\"fusion-layout-column fusion_builder_column fusion-builder-column-0 fusion_builder_column_1_5 1_5 fusion-flex-column\" style=\"--awb-bg-size:cover;--awb-width-large:20%;--awb-margin-top-large:0px;--awb-spacing-right-large:9.6%;--awb-margin-bottom-large:20px;--awb-spacing-left-large:9.6%;--awb-width-medium:20%;--awb-order-medium:0;--awb-spacing-right-medium:9.6%;--awb-spacing-left-medium:9.6%;--awb-width-small:100%;--awb-order-small:0;--awb-spacing-right-small:1.92%;--awb-spacing-left-small:1.92%;\"><div class=\"fusion-column-wrapper fusion-column-has-shadow fusion-flex-justify-content-flex-start fusion-content-layout-column\"><\/div><\/div><div class=\"fusion-layout-column fusion_builder_column fusion-builder-column-1 fusion_builder_column_3_5 3_5 fusion-flex-column\" style=\"--awb-bg-size:cover;--awb-width-large:60%;--awb-margin-top-large:0px;--awb-spacing-right-large:3.2%;--awb-margin-bottom-large:20px;--awb-spacing-left-large:3.2%;--awb-width-medium:60%;--awb-order-medium:0;--awb-spacing-right-medium:3.2%;--awb-spacing-left-medium:3.2%;--awb-width-small:100%;--awb-order-small:0;--awb-spacing-right-small:1.92%;--awb-spacing-left-small:1.92%;\"><div class=\"fusion-column-wrapper fusion-column-has-shadow fusion-flex-justify-content-flex-start fusion-content-layout-column\"><div class=\"fusion-text fusion-text-1\"><!--noptimize-->\n        <script type=\"text\/javascript\">\n         var cp_hourbk_cancel_label = 'Cancel';\n         var cp_hourbk_quantity_label = 'Quantity';\n         var message_ffile_accept = 'Please upload a valid file type';         \n         var cp_hourbk_message_ffile_size = 'File size exceeds limit';\n         var cp_hourbk_cost_label = 'Cost';\n         var cp_hourbk_overlapping_label = 'Selected time is no longer available. Please select a different time.';\n         var cp_hourbk_nomore_label = 'No more slots available.';\n         var cp_hourbk_preselect = cp_hourbk_preselect || [];\n         cp_hourbk_preselect[\"_1\"] = '';\n         var cp_hourbk_cmpublic = true;\n         var cp_hourbk_avoid_overlapping = 0;         var apphboverbooking_handler0 = false;\n         function cp_appbooking_pform_doValidate_1(form)\n         { \n            $dexQuery = jQuery.noConflict();\n            try { document.cp_appbooking_pform_1.cp_ref_page.value = document.location; } catch (e) {}\n            $dexQuery = jQuery.noConflict();            var result = '';\n            try {\n            if (!apphboverbooking_handler0) {\n            if (document.cp_appbooking_pform_1.hdcaptcha_cp_appbooking_post.value == '') { setTimeout( \"cp_appbooking_cerror_1()\", 100); return false; }\n            result = $dexQuery.ajax({ type: \"GET\", url: \"https:\/\/primaria-online.primaria.eu\/malu-cu-flori\/?ps=_1&cp_appbooking_pform_process=2&cp_appbooking_id=1&inAdmin=1&ps=_1&hdcaptcha_cp_appbooking_post=\"+document.cp_appbooking_pform_1.hdcaptcha_cp_appbooking_post.value, async: false }).responseText;\n            } \n            } catch (e) {result='';console.log('AHB: Captcha not detected.');}\n            if (!apphboverbooking_handler0 && result.indexOf(\"captchafailed\") != -1) {\n                $dexQuery(\"#captchaimg_1\").attr('src', $dexQuery(\"#captchaimg_1\").attr('src')+'&'+Math.floor((Math.random() * 99999) + 1));\n                setTimeout( \"cp_appbooking_cerror_1()\", 100);\n                return false;\n            } else             {\n                var cpefb_error = 0;\n                $dexQuery(\"#cp_appbooking_pform_1\").find(\".cpefb_error\").each(function(index){\n                    if ($dexQuery(this).css(\"display\")!=\"none\")\n                        if ($dexQuery(this).html() != cp_hourbk_overlapping_label) cpefb_error++;  \n                    });               \n                if (cpefb_error==0)\n                {if (!apphboverbooking_handler0)\n                    {\n                        apphbblink_1(\".pbSubmit:visible\");\n                        $dexQuery(\"#cp_appbooking_pform_1\").find(\".avoid_overlapping_before\").not(\".ignore,.ignorepb\").each(function(){\n                            if ($dexQuery(this).parent().is(\":visible\")) $dexQuery(this).removeClass(\"avoid_overlapping_before\").removeClass(\"valid\").addClass(\"avoid_overlapping\");\n                        })\n                        cp_hourbk_avoid_overlapping = 1;\n                        try {\n                            $dexQuery(\"#cp_appbooking_pform_1\").find(\".avoid_overlapping\").valid();\n                        } catch (e) { cp_hourbk_avoid_overlapping = 0; }\n                        function check_cp_hourbk_avoid_overlapping(){\n\t\t                    if (cp_hourbk_avoid_overlapping>0)\n\t\t                        setTimeout(check_cp_hourbk_avoid_overlapping,100);\n\t\t                    else\n\t\t                    {\n                                var cpefb_error = 0;\n                                $dexQuery(\"#cp_appbooking_pform_1\").find(\".cpefb_error\").each(function(index){\n                                    if ($dexQuery(this).css(\"display\")!=\"none\")\n                                        cpefb_error++;    \n                                    });\n                                if (cpefb_error==0 && !apphboverbooking_handler0)    \n                                {\n                                    apphboverbooking_handler0 = true;\n                                    if (cp_appbooking_pform_doValidate_1(form))\n                                        document.getElementById(\"cp_appbooking_pform_1\").submit();                                }\n\t\t                    }  \n\t\t                }\n\t\t                check_cp_hourbk_avoid_overlapping();\n                        return false;\n                    }                    \n\t        \t\t$dexQuery(\"#cp_appbooking_pform_1\").find( '.ignore' ).closest( '.fields' ).remove();\n\t        \t}\n                if (cpefb_error) return false;\n\t        \tdocument.getElementById(\"form_structure_1\").value = '';    \n\t        \tdocument.getElementById(\"refpage_1\").value = document.location;    \n                try { if (document.cp_appbooking_pform_1.cp_appbooking_pform_status.value != '0')\n                return false; } catch (e) {}\n                apphbblink_1(\".pbSubmit:visible\");\n                try { document.cp_appbooking_pform_1.cp_appbooking_pform_status.value = '1';\t } catch (e) {}\n                $dexQuery(document).trigger(\"beforeOnSubmitAhb\",{id:\"cp_appbooking_pform_1\"});\n                return true;\n            }  \n         }\n         function apphbblink_1(selector){\n             try {   \n                 $dexQuery = jQuery.noConflict();\n                 $dexQuery(selector).fadeOut(1000, function(){\n                     $dexQuery(this).fadeIn(1000, function(){\n                             try {                     \n                                 if (document.cp_appbooking_pform_1.cp_appbooking_pform_status.value != '0')\n                                     apphbblink_1(this);                                  \n                             } catch (e) {}  \n                     });\n                 });             \n             } catch (e) {}                 \n         }         \n         function cp_appbooking_cerror_1(){$dexQuery = jQuery.noConflict();$dexQuery(\"#hdcaptcha_error_1\").css('top',$dexQuery(\"#hdcaptcha_cp_appbooking_post_1\").outerHeight());$dexQuery(\"#hdcaptcha_error_1\").css(\"display\",\"inline\");}\n        <\/script><!--\/noptimize-->\n        <link  rel='stylesheet' media=\"all\" href=\"https:\/\/primaria-online.primaria.eu\/malu-cu-flori\/wp-content\/plugins\/appointment-hour-booking\/templates\/08\/style.css\" type=\"text\/css\" \/><form autocomplete=\"off\" class=\"cpp_form no-prefetch\" name=\"cp_appbooking_pform_1\" id=\"cp_appbooking_pform_1\" action=\"\/malu-cu-flori\/programare-acte-de-indentitate\/?ahbnocache=957204\" method=\"post\" enctype=\"multipart\/form-data\" onsubmit=\"return cp_appbooking_pform_doValidate_1(this);\"><input type=\"hidden\" name=\"cp_pform_psequence\" value=\"_1\" \/><input type=\"hidden\" name=\"cp_appbooking_pform_process\" value=\"1\" \/><input type=\"hidden\" name=\"cp_appbooking_id\" value=\"1\" \/><input type=\"hidden\" name=\"cp_ref_page\" value=\"\" \/><input type=\"hidden\" name=\"form_structure_1\" id=\"form_structure_1\" size=\"180\" value=\"[[{&quot;form_identifier&quot;:&quot;&quot;,&quot;name&quot;:&quot;fieldname1&quot;,&quot;shortlabel&quot;:&quot;&quot;,&quot;index&quot;:0,&quot;ftype&quot;:&quot;fapp&quot;,&quot;userhelp&quot;:&quot;&quot;,&quot;userhelpTooltip&quot;:&quot;&quot;,&quot;csslayout&quot;:&quot;&quot;,&quot;title&quot;:&quot;&quot;,&quot;services&quot;:[{&quot;name&quot;:&quot;Programare acte identitate&quot;,&quot;price&quot;:0,&quot;capacity&quot;:1,&quot;duration&quot;:60,&quot;pb&quot;:0,&quot;pa&quot;:0,&quot;ohindex&quot;:0,&quot;idx&quot;:1}],&quot;openhours&quot;:[],&quot;allOH&quot;:[{&quot;name&quot;:&quot;Default&quot;,&quot;openhours&quot;:[{&quot;type&quot;:&quot;all&quot;,&quot;d&quot;:&quot;&quot;,&quot;h1&quot;:8,&quot;m1&quot;:0,&quot;h2&quot;:17,&quot;m2&quot;:0}]}],&quot;dateFormat&quot;:&quot;mm\\\/dd\\\/yy&quot;,&quot;showDropdown&quot;:false,&quot;showTotalCost&quot;:false,&quot;showTotalCostFormat&quot;:&quot;$ {0}&quot;,&quot;showEndTime&quot;:false,&quot;showQuantity&quot;:false,&quot;usedSlotsCheckbox&quot;:true,&quot;avoidOverlaping&quot;:true,&quot;emptySelectCheckbox&quot;:false,&quot;emptySelect&quot;:&quot;-- Please select service --&quot;,&quot;dropdownRange&quot;:&quot;-10:+10&quot;,&quot;working_dates&quot;:[false,false,true,true,true,true,true],&quot;numberOfMonths&quot;:1,&quot;maxNumberOfApp&quot;:0,&quot;firstDay&quot;:&quot;1&quot;,&quot;minDate&quot;:&quot;0&quot;,&quot;maxDate&quot;:&quot;&quot;,&quot;defaultDate&quot;:&quot;&quot;,&quot;invalidDates&quot;:&quot;&quot;,&quot;tmpinvalidDates&quot;:&quot;&quot;,&quot;required&quot;:true,&quot;bSlotsCheckbox&quot;:true,&quot;bSlots&quot;:30,&quot;militaryTime&quot;:1,&quot;autonum&quot;:1,&quot;autonumStaff&quot;:0,&quot;fBuild&quot;:{},&quot;special_days&quot;:[],&quot;minDateTmp&quot;:&quot;0&quot;,&quot;getMinDate&quot;:{},&quot;tmpinvalidDatestime&quot;:[]},{&quot;form_identifier&quot;:&quot;&quot;,&quot;name&quot;:&quot;fieldname2&quot;,&quot;shortlabel&quot;:&quot;&quot;,&quot;index&quot;:1,&quot;ftype&quot;:&quot;ftext&quot;,&quot;userhelp&quot;:&quot;&quot;,&quot;userhelpTooltip&quot;:&quot;&quot;,&quot;csslayout&quot;:&quot;&quot;,&quot;title&quot;:&quot;Numele tau&quot;,&quot;predefined&quot;:&quot;&quot;,&quot;predefinedClick&quot;:false,&quot;required&quot;:true,&quot;size&quot;:&quot;large&quot;,&quot;minlength&quot;:&quot;&quot;,&quot;maxlength&quot;:&quot;&quot;,&quot;equalTo&quot;:&quot;&quot;,&quot;fBuild&quot;:{}},{&quot;form_identifier&quot;:&quot;&quot;,&quot;name&quot;:&quot;fieldname3&quot;,&quot;shortlabel&quot;:&quot;&quot;,&quot;index&quot;:2,&quot;ftype&quot;:&quot;ftext&quot;,&quot;userhelp&quot;:&quot;&quot;,&quot;userhelpTooltip&quot;:&quot;&quot;,&quot;csslayout&quot;:&quot;&quot;,&quot;title&quot;:&quot;Telefon&quot;,&quot;predefined&quot;:&quot;&quot;,&quot;predefinedClick&quot;:true,&quot;required&quot;:true,&quot;size&quot;:&quot;large&quot;,&quot;minlength&quot;:&quot;7&quot;,&quot;maxlength&quot;:&quot;&quot;,&quot;equalTo&quot;:&quot;&quot;,&quot;fBuild&quot;:{}},{&quot;form_identifier&quot;:&quot;&quot;,&quot;name&quot;:&quot;email&quot;,&quot;shortlabel&quot;:&quot;&quot;,&quot;index&quot;:3,&quot;ftype&quot;:&quot;femail&quot;,&quot;userhelp&quot;:&quot;&quot;,&quot;userhelpTooltip&quot;:&quot;&quot;,&quot;csslayout&quot;:&quot;&quot;,&quot;title&quot;:&quot;Email&quot;,&quot;predefined&quot;:&quot;&quot;,&quot;predefinedClick&quot;:false,&quot;required&quot;:true,&quot;size&quot;:&quot;large&quot;,&quot;equalTo&quot;:&quot;&quot;,&quot;fBuild&quot;:{}}],[{&quot;title&quot;:&quot;&quot;,&quot;description&quot;:&quot;&quot;,&quot;formlayout&quot;:&quot;top_aligned&quot;,&quot;formtemplate&quot;:&quot;ahb_m2&quot;,&quot;evalequations&quot;:1,&quot;autocomplete&quot;:1,&quot;autofocus&quot;:false,&quot;progress&quot;:false,&quot;progresslabel&quot;:&quot;&quot;}]]\" \/><input type=\"hidden\" name=\"refpage_1\" id=\"refpage_1\" value=\"\"><input type=\"hidden\" name=\"cp_appbooking_pform_status\" value=\"0\" \/><input name=\"anonce\" type=\"hidden\" value=\"ac0240c4fd\"\/><div id=\"fbuilder\">    \r\n    <div id=\"fbuilder_1\">\r\n        <div id=\"formheader_1\"><\/div>\r\n        <div id=\"fieldlist_1\"><\/div>\r\n    <\/div>\r\n<\/div>    \r\n<div style=\"display:none\">\r\n<div id=\"cpcaptchalayer_1\" class=\"cpcaptchalayer\">\r\n <div class=\"fields\" id=\"field-c0\" style=\"display:none\">\r\n    <label><\/label>\r\n    <div class=\"dfield\"><!--addons-payment-options--><\/div>\r\n    <div class=\"clearer\"><\/div>\r\n <\/div><!--addons-payment-fields-->\r\n  Cod de securitate:<br \/>\r\n  <img decoding=\"async\" src=\"https:\/\/primaria-online.primaria.eu\/malu-cu-flori\/?cp_appbooking_captcha=captcha&ps=_1&inAdmin=1&width=180&height=60&letter_count=5&min_size=25&max_size=35&noise=200&noiselength=4&bcolor=ffffff&border=000000&font=font1\"  id=\"captchaimg_1\" alt=\"security code\" border=\"0\" class=\"skip-lazy\" \/>\r\n  <br \/>Va rugam sa introduceti codul de securitate:<br \/>\r\n  <div class=\"dfield\"><input type=\"text\" size=\"20\" name=\"hdcaptcha_cp_appbooking_post\" id=\"hdcaptcha_cp_appbooking_post_1\" value=\"\" autocomplete=\"off\" \/>\r\n  <div class=\"cpefb_error message\" id=\"hdcaptcha_error_1\" generated=\"true\" style=\"display:none;position: absolute; left: 0px; top: 25px;\">Va rugam sa introduceti un cod captcha valid.<\/div>\r\n  <\/div><br \/>\r\n<!-- rcadon -->\r\n<\/div>\r\n<\/div>\r\n<div id=\"cp_subbtn_1\" class=\"cp_subbtn\">Programeaza-te<\/div>\r\n<div style=\"clear:both;\"><\/div>\r\n<\/form>\r\n\n<\/div><div class=\"fusion-text fusion-text-2\" style=\"--awb-margin-top:30px;\"><p style=\"text-align: left;\">* Pentru a anula programarea, v\u0103 rug\u0103m s\u0103 folosi\u021bi linkul de anulare disponibil \u00een emailul de confirmare.<\/p>\n<\/div><\/div><\/div><div class=\"fusion-layout-column fusion_builder_column fusion-builder-column-2 fusion_builder_column_1_5 1_5 fusion-flex-column\" style=\"--awb-bg-size:cover;--awb-width-large:20%;--awb-margin-top-large:0px;--awb-spacing-right-large:9.6%;--awb-margin-bottom-large:20px;--awb-spacing-left-large:9.6%;--awb-width-medium:20%;--awb-order-medium:0;--awb-spacing-right-medium:9.6%;--awb-spacing-left-medium:9.6%;--awb-width-small:100%;--awb-order-small:0;--awb-spacing-right-small:1.92%;--awb-spacing-left-small:1.92%;\"><div class=\"fusion-column-wrapper fusion-column-has-shadow fusion-flex-justify-content-flex-start fusion-content-layout-column\"><\/div><\/div><\/div><\/div>\n","protected":false},"excerpt":{"rendered":"","protected":false},"author":3,"featured_media":0,"parent":0,"menu_order":0,"comment_status":"closed","ping_status":"closed","template":"100-width.php","meta":{"_acf_changed":false,"footnotes":""},"acf":[],"_links":{"self":[{"href":"https:\/\/primaria-online.primaria.eu\/malu-cu-flori\/wp-json\/wp\/v2\/pages\/711"}],"collection":[{"href":"https:\/\/primaria-online.primaria.eu\/malu-cu-flori\/wp-json\/wp\/v2\/pages"}],"about":[{"href":"https:\/\/primaria-online.primaria.eu\/malu-cu-flori\/wp-json\/wp\/v2\/types\/page"}],"author":[{"embeddable":true,"href":"https:\/\/primaria-online.primaria.eu\/malu-cu-flori\/wp-json\/wp\/v2\/users\/3"}],"replies":[{"embeddable":true,"href":"https:\/\/primaria-online.primaria.eu\/malu-cu-flori\/wp-json\/wp\/v2\/comments?post=711"}],"version-history":[{"count":7,"href":"https:\/\/primaria-online.primaria.eu\/malu-cu-flori\/wp-json\/wp\/v2\/pages\/711\/revisions"}],"predecessor-version":[{"id":1087,"href":"https:\/\/primaria-online.primaria.eu\/malu-cu-flori\/wp-json\/wp\/v2\/pages\/711\/revisions\/1087"}],"wp:attachment":[{"href":"https:\/\/primaria-online.primaria.eu\/malu-cu-flori\/wp-json\/wp\/v2\/media?parent=711"}],"curies":[{"name":"wp","href":"https:\/\/api.w.org\/{rel}","templated":true}]}}