{"id":635,"date":"2024-05-17T14:53:30","date_gmt":"2024-05-17T14:53:30","guid":{"rendered":"https:\/\/primaria-online.primaria.eu\/malu-cu-flori\/?page_id=635"},"modified":"2024-11-07T15:24:27","modified_gmt":"2024-11-07T15:24:27","slug":"monitorul-oficial-local","status":"publish","type":"page","link":"https:\/\/primaria-online.primaria.eu\/malu-cu-flori\/monitorul-oficial-local\/","title":{"rendered":"Monitorul oficial local"},"content":{"rendered":"<p><div class=\"fusion-fullwidth fullwidth-box fusion-builder-row-1 fusion-flex-container has-pattern-background has-mask-background nonhundred-percent-fullwidth non-hundred-percent-height-scrolling\" style=\"--awb-border-radius-top-left:0px;--awb-border-radius-top-right:0px;--awb-border-radius-bottom-right:0px;--awb-border-radius-bottom-left:0px;--awb-padding-top:80px;--awb-padding-bottom:80px;--awb-background-color:#f0f3ff;\" ><div class=\"fusion-builder-row fusion-row fusion-flex-align-items-flex-start\" style=\"max-width:1248px;margin-left: calc(-4% \/ 2 );margin-right: calc(-4% \/ 2 );\"><div class=\"fusion-layout-column fusion_builder_column fusion-builder-column-0 fusion_builder_column_1_3 1_3 fusion-flex-column fusion-flex-align-self-center\" style=\"--awb-padding-top:100pxpx;--awb-padding-bottom:100px;--awb-bg-size:cover;--awb-width-large:33.333333333333%;--awb-margin-top-large:0px;--awb-spacing-right-large:5.76%;--awb-margin-bottom-large:20px;--awb-spacing-left-large:5.76%;--awb-width-medium:33.333333333333%;--awb-order-medium:0;--awb-spacing-right-medium:5.76%;--awb-spacing-left-medium:5.76%;--awb-width-small:100%;--awb-order-small:0;--awb-spacing-right-small:1.92%;--awb-spacing-left-small:1.92%;\" data-motion-effects=\"[{&quot;type&quot;:&quot;&quot;,&quot;scroll_type&quot;:&quot;transition&quot;,&quot;scroll_direction&quot;:&quot;up&quot;,&quot;transition_speed&quot;:&quot;1&quot;,&quot;fade_type&quot;:&quot;in&quot;,&quot;scale_type&quot;:&quot;up&quot;,&quot;initial_scale&quot;:&quot;1&quot;,&quot;max_scale&quot;:&quot;1.5&quot;,&quot;min_scale&quot;:&quot;0.5&quot;,&quot;initial_rotate&quot;:&quot;0&quot;,&quot;end_rotate&quot;:&quot;30&quot;,&quot;initial_blur&quot;:&quot;0&quot;,&quot;end_blur&quot;:&quot;3&quot;,&quot;start_element&quot;:&quot;top&quot;,&quot;start_viewport&quot;:&quot;bottom&quot;,&quot;end_element&quot;:&quot;bottom&quot;,&quot;end_viewport&quot;:&quot;top&quot;,&quot;mouse_effect&quot;:&quot;track&quot;,&quot;mouse_effect_direction&quot;:&quot;opposite&quot;,&quot;mouse_effect_speed&quot;:&quot;2&quot;,&quot;infinite_animation&quot;:&quot;float&quot;,&quot;infinite_animation_speed&quot;:&quot;2&quot;}]\" data-scroll-devices=\"small-visibility,medium-visibility,large-visibility\"><div class=\"fusion-column-wrapper fusion-column-has-shadow fusion-flex-justify-content-flex-start fusion-content-layout-block\"><div class=\"fusion-image-element fusion-image-align-center in-legacy-container\" style=\"text-align:center;--awb-aspect-ratio:2 \/ 1;--awb-object-position:23% 55%;--awb-caption-title-font-family:var(--h2_typography-font-family);--awb-caption-title-font-weight:var(--h2_typography-font-weight);--awb-caption-title-font-style:var(--h2_typography-font-style);--awb-caption-title-size:var(--h2_typography-font-size);--awb-caption-title-transform:var(--h2_typography-text-transform);--awb-caption-title-line-height:var(--h2_typography-line-height);--awb-caption-title-letter-spacing:var(--h2_typography-letter-spacing);\"><div class=\"imageframe-align-center\"><span class=\" fusion-imageframe imageframe-none imageframe-1 hover-type-none has-aspect-ratio img-bgsize-column1-primarii\" class=\"image-magnify\" class=\"image-scroll\"><img decoding=\"async\" src=\"https:\/\/primaria-online.primaria.eu\/malu-cu-flori\/wp-content\/uploads\/sites\/11\/2024\/04\/Fixed-Aspect-Ratio-6-300x150.png\" class=\"img-responsive img-with-aspect-ratio\" alt \/><\/span><\/div><\/div><\/div><\/div><div class=\"fusion-layout-column fusion_builder_column fusion-builder-column-1 fusion_builder_column_2_3 2_3 fusion-flex-column\" style=\"--awb-padding-right:30px;--awb-bg-size:cover;--awb-width-large:66.666666666667%;--awb-margin-top-large:0px;--awb-spacing-right-large:2.88%;--awb-margin-bottom-large:20px;--awb-spacing-left-large:2.88%;--awb-width-medium:66.666666666667%;--awb-order-medium:0;--awb-spacing-right-medium:2.88%;--awb-spacing-left-medium:2.88%;--awb-width-small:100%;--awb-order-small:0;--awb-spacing-right-small:1.92%;--awb-spacing-left-small:1.92%;\" data-motion-effects=\"[{&quot;type&quot;:&quot;&quot;,&quot;scroll_type&quot;:&quot;transition&quot;,&quot;scroll_direction&quot;:&quot;up&quot;,&quot;transition_speed&quot;:&quot;1&quot;,&quot;fade_type&quot;:&quot;in&quot;,&quot;scale_type&quot;:&quot;up&quot;,&quot;initial_scale&quot;:&quot;1&quot;,&quot;max_scale&quot;:&quot;1.5&quot;,&quot;min_scale&quot;:&quot;0.5&quot;,&quot;initial_rotate&quot;:&quot;0&quot;,&quot;end_rotate&quot;:&quot;30&quot;,&quot;initial_blur&quot;:&quot;0&quot;,&quot;end_blur&quot;:&quot;3&quot;,&quot;start_element&quot;:&quot;top&quot;,&quot;start_viewport&quot;:&quot;bottom&quot;,&quot;end_element&quot;:&quot;bottom&quot;,&quot;end_viewport&quot;:&quot;top&quot;,&quot;mouse_effect&quot;:&quot;track&quot;,&quot;mouse_effect_direction&quot;:&quot;opposite&quot;,&quot;mouse_effect_speed&quot;:&quot;2&quot;,&quot;infinite_animation&quot;:&quot;float&quot;,&quot;infinite_animation_speed&quot;:&quot;2&quot;}]\" data-scroll-devices=\"small-visibility,medium-visibility,large-visibility\"><div class=\"fusion-column-wrapper fusion-column-has-shadow fusion-flex-justify-content-flex-start fusion-content-layout-column\"><div class=\"fusion-text fusion-text-1\"><h4 style=\"margin-top: 0px;\">Monitorul oficial local al Primariei [NUME ORAS]<\/h4>\n<p>Monitorul Oficial este publica\u021bia oficial\u0103 a statului rom\u00e2n, unde se public\u0103 acte normative, decizii judec\u0103tore\u0219ti, hot\u0103r\u00e2ri ale autorit\u0103\u021bilor locale \u0219i alte documente de interes public. \u00cen cadrul prim\u0103riilor, Monitorul Oficial este important pentru:<\/p>\n<ol>\n<li><strong>Publicarea hot\u0103r\u00e2rilor de consiliu local<\/strong>: Toate hot\u0103r\u00e2rile adoptate de consiliile locale trebuie publicate \u00een Monitorul Oficial pentru a avea efecte juridice.<\/li>\n<li><strong>Informarea cet\u0103\u021benilor<\/strong>: Prin publicarea documentelor oficiale, cet\u0103\u021benii sunt informa\u021bi despre deciziile \u0219i ac\u021biunile autorit\u0103\u021bilor locale.<\/li>\n<li><strong>Transparen\u021b\u0103<\/strong>: Publicarea \u00een Monitorul Oficial contribuie la transparen\u021ba administra\u021biei publice, permi\u021b\u00e2nd accesul la informa\u021bii relevante.<\/li>\n<\/ol>\n<\/div><\/div><\/div><\/div><\/div><div class=\"fusion-fullwidth fullwidth-box fusion-builder-row-2 fusion-flex-container has-pattern-background has-mask-background nonhundred-percent-fullwidth non-hundred-percent-height-scrolling\" style=\"--awb-border-radius-top-left:0px;--awb-border-radius-top-right:0px;--awb-border-radius-bottom-right:0px;--awb-border-radius-bottom-left:0px;--awb-padding-top:60px;--awb-padding-bottom:60px;--awb-background-color:#f9fafb;\" ><div class=\"fusion-builder-row fusion-row fusion-flex-align-items-flex-start\" style=\"max-width:1248px;margin-left: calc(-4% \/ 2 );margin-right: calc(-4% \/ 2 );\"><div class=\"fusion-layout-column fusion_builder_column fusion-builder-column-2 fusion_builder_column_1_1 1_1 fusion-flex-column\" style=\"--awb-bg-size:cover;--awb-width-large:100%;--awb-margin-top-large:0px;--awb-spacing-right-large:1.92%;--awb-margin-bottom-large:20px;--awb-spacing-left-large:1.92%;--awb-width-medium:100%;--awb-order-medium:0;--awb-spacing-right-medium:1.92%;--awb-spacing-left-medium:1.92%;--awb-width-small:100%;--awb-order-small:0;--awb-spacing-right-small:1.92%;--awb-spacing-left-small:1.92%;\"><div class=\"fusion-column-wrapper fusion-column-has-shadow fusion-flex-justify-content-flex-start fusion-content-layout-column\"><div class=\"fusion-text fusion-text-2\"><h4>HOTARARILE AUTORITATII DELIBERATIVE<\/h4>\n<hr \/>\n<\/div><div class=\"fusion-text fusion-text-3\"><p>Hot\u0103r\u00e2rile autorit\u0103\u021bii deliberative, cum ar fi consiliile locale sau jude\u021bene, reprezint\u0103 acte normative prin care se reglementeaz\u0103 diverse aspecte ale vie\u021bii comunit\u0103\u021bii. Acestea sunt adoptate \u00een urma dezbaterilor \u0219i votului membrilor consiliului \u0219i au rolul de a organiza activitatea administra\u021biei publice locale. Iat\u0103 c\u00e2teva aspecte importante:<\/p>\n<ol>\n<li><strong>Tipuri de hot\u0103r\u00e2ri<\/strong>: Hot\u0103r\u00e2rile pot viza o gam\u0103 larg\u0103 de subiecte, de la aprobarea bugetului local, la reglement\u0103ri privind ordinea public\u0103, urbanism, dezvoltare economic\u0103, \u0219i protec\u021bia mediului.<\/li>\n<li><strong>Procedura de adoptare<\/strong>: Hot\u0103r\u00e2rile sunt adoptate \u00een urma unor sesiuni de consiliu, unde propunerile sunt dezb\u0103tute. Este necesar un anumit cvorum pentru ca hot\u0103r\u00e2rile s\u0103 fie valide.<\/li>\n<li><strong>Publicare<\/strong>: Dup\u0103 adoptare, hot\u0103r\u00e2rile trebuie publicate \u00een Monitorul Oficial sau pe site-ul prim\u0103riei, pentru a fi aduse la cuno\u0219tin\u021ba cet\u0103\u021benilor.<\/li>\n<li><strong>Controlul legalit\u0103\u021bii<\/strong>: Hot\u0103r\u00e2rile pot fi contestate \u00een instan\u021b\u0103, dac\u0103 exist\u0103 suspiciuni de ilegalitate sau neconstitu\u021bionalitate.<\/li>\n<li><strong>Aplicabilitate<\/strong>: Odat\u0103 publicate, hot\u0103r\u00e2rile intr\u0103 \u00een vigoare \u0219i devin obligatorii pentru to\u021bi cet\u0103\u021benii \u0219i institu\u021biile din aria de competen\u021b\u0103 a autorit\u0103\u021bii respective.<\/li>\n<\/ol>\n<\/div><\/div><\/div><\/div><\/div><div class=\"fusion-fullwidth fullwidth-box fusion-builder-row-3 fusion-flex-container has-pattern-background has-mask-background nonhundred-percent-fullwidth non-hundred-percent-height-scrolling\" style=\"--awb-border-radius-top-left:0px;--awb-border-radius-top-right:0px;--awb-border-radius-bottom-right:0px;--awb-border-radius-bottom-left:0px;--awb-padding-top:0px;--awb-padding-bottom:80px;--awb-background-color:#f9fafb;\" ><div class=\"fusion-builder-row fusion-row fusion-flex-align-items-flex-start\" style=\"max-width:1248px;margin-left: calc(-4% \/ 2 );margin-right: calc(-4% \/ 2 );\"><div class=\"fusion-layout-column fusion_builder_column fusion-builder-column-3 fusion_builder_column_1_1 1_1 fusion-flex-column\" style=\"--awb-bg-size:cover;--awb-width-large:100%;--awb-margin-top-large:0px;--awb-spacing-right-large:1.92%;--awb-margin-bottom-large:20px;--awb-spacing-left-large:1.92%;--awb-width-medium:100%;--awb-order-medium:0;--awb-spacing-right-medium:1.92%;--awb-spacing-left-medium:1.92%;--awb-width-small:100%;--awb-order-small:0;--awb-spacing-right-small:1.92%;--awb-spacing-left-small:1.92%;\"><div class=\"fusion-column-wrapper fusion-column-has-shadow fusion-flex-justify-content-flex-start fusion-content-layout-column\"><div class=\"fusion-text fusion-text-4\"><h4>REGULAMENTELE PROCEDURILOR<\/h4>\n<hr \/>\n<\/div><div class=\"fusion-text fusion-text-5\"><p>Regulamentele procedurilor sunt acte normative adoptate de autorit\u0103\u021bile locale (consilii locale sau jude\u021bene) pentru a stabili modalit\u0103\u021bile de organizare \u0219i func\u021bionare a diverselor activit\u0103\u021bi administrative. Acestea reglementeaz\u0103 aspecte esen\u021biale ale func\u021bion\u0103rii administra\u021biei publice \u0219i ale rela\u021biei cu cet\u0103\u021benii. Iat\u0103 c\u00e2teva aspecte cheie:<\/p>\n<ol>\n<li><strong>Tipuri de regulamente<\/strong>: Acestea pot include regulamente pentru organizarea activit\u0103\u021bii consiliilor locale, reglement\u0103ri privind gestionarea patrimoniului public, norme de protec\u021bie a mediului, sau reglement\u0103ri specifice pentru servicii publice (de exemplu, transport, ap\u0103, salubritate).<\/li>\n<li><strong>Structur\u0103<\/strong>: Un regulament tipic con\u021bine:\n<ul>\n<li><strong>Obiective<\/strong>: Scopul regulamentului.<\/li>\n<li><strong>Defini\u021bii<\/strong>: Termenii utiliza\u021bi \u0219i semnifica\u021bia lor.<\/li>\n<li><strong>Proceduri<\/strong>: Pa\u0219ii specifici care trebuie urma\u021bi.<\/li>\n<li><strong>Responsabilit\u0103\u021bi<\/strong>: Cine este responsabil pentru implementarea regulamentului.<\/li>\n<li><strong>Dispozi\u021bii finale<\/strong>: Informa\u021bii despre modificarea sau abrogarea regulamentului.<\/li>\n<\/ul>\n<\/li>\n<li><strong>Adoptare<\/strong>: Regulamentele sunt adoptate de consiliile locale \u00een urma dezbaterilor. Ele trebuie s\u0103 respecte cadrul legal na\u021bional \u0219i european.<\/li>\n<li><strong>Publicare<\/strong>: Dup\u0103 adoptare, regulamentele trebuie publicate \u00een Monitorul Oficial sau pe site-ul prim\u0103riei, pentru a fi accesibile cet\u0103\u021benilor.<\/li>\n<li><strong>Controlul legalit\u0103\u021bii<\/strong>: Ca \u0219i hot\u0103r\u00e2rile, regulamentele pot fi contestate \u00een instan\u021b\u0103 dac\u0103 exist\u0103 suspiciuni de ilegalitate.<\/li>\n<\/ol>\n<p>Aceste reglement\u0103ri sunt esen\u021biale pentru asigurarea transparen\u021bei \u0219i eficien\u021bei \u00een activitatea autorit\u0103\u021bilor locale.<\/p>\n<\/div><\/div><\/div><\/div><\/div><\/p>\n","protected":false},"excerpt":{"rendered":"","protected":false},"author":3,"featured_media":0,"parent":0,"menu_order":0,"comment_status":"closed","ping_status":"closed","template":"100-width.php","meta":{"_acf_changed":false,"footnotes":""},"acf":[],"_links":{"self":[{"href":"https:\/\/primaria-online.primaria.eu\/malu-cu-flori\/wp-json\/wp\/v2\/pages\/635"}],"collection":[{"href":"https:\/\/primaria-online.primaria.eu\/malu-cu-flori\/wp-json\/wp\/v2\/pages"}],"about":[{"href":"https:\/\/primaria-online.primaria.eu\/malu-cu-flori\/wp-json\/wp\/v2\/types\/page"}],"author":[{"embeddable":true,"href":"https:\/\/primaria-online.primaria.eu\/malu-cu-flori\/wp-json\/wp\/v2\/users\/3"}],"replies":[{"embeddable":true,"href":"https:\/\/primaria-online.primaria.eu\/malu-cu-flori\/wp-json\/wp\/v2\/comments?post=635"}],"version-history":[{"count":8,"href":"https:\/\/primaria-online.primaria.eu\/malu-cu-flori\/wp-json\/wp\/v2\/pages\/635\/revisions"}],"predecessor-version":[{"id":1186,"href":"https:\/\/primaria-online.primaria.eu\/malu-cu-flori\/wp-json\/wp\/v2\/pages\/635\/revisions\/1186"}],"wp:attachment":[{"href":"https:\/\/primaria-online.primaria.eu\/malu-cu-flori\/wp-json\/wp\/v2\/media?parent=635"}],"curies":[{"name":"wp","href":"https:\/\/api.w.org\/{rel}","templated":true}]}}