{"id":499,"date":"2024-05-10T11:05:54","date_gmt":"2024-05-10T11:05:54","guid":{"rendered":"https:\/\/primaria-online.primaria.eu\/malu-cu-flori\/?page_id=499"},"modified":"2025-09-18T12:59:32","modified_gmt":"2025-09-18T12:59:32","slug":"proiecte","status":"publish","type":"page","link":"https:\/\/primaria-online.primaria.eu\/malu-cu-flori\/consiliul-local\/proiecte\/","title":{"rendered":"Proiecte"},"content":{"rendered":"<p><div class=\"fusion-fullwidth fullwidth-box fusion-builder-row-1 fusion-flex-container has-pattern-background has-mask-background nonhundred-percent-fullwidth non-hundred-percent-height-scrolling\" style=\"--awb-border-radius-top-left:0px;--awb-border-radius-top-right:0px;--awb-border-radius-bottom-right:0px;--awb-border-radius-bottom-left:0px;--awb-padding-top:80px;--awb-padding-bottom:80px;--awb-background-color:#f0f3ff;\" ><div class=\"fusion-builder-row fusion-row fusion-flex-align-items-flex-start\" style=\"max-width:1248px;margin-left: calc(-4% \/ 2 );margin-right: calc(-4% \/ 2 );\"><div class=\"fusion-layout-column fusion_builder_column fusion-builder-column-0 fusion_builder_column_1_2 1_2 fusion-flex-column fusion-flex-align-self-center\" style=\"--awb-padding-top:100pxpx;--awb-padding-bottom:100px;--awb-bg-size:cover;--awb-width-large:50%;--awb-margin-top-large:0px;--awb-spacing-right-large:3.84%;--awb-margin-bottom-large:20px;--awb-spacing-left-large:3.84%;--awb-width-medium:50%;--awb-order-medium:0;--awb-spacing-right-medium:3.84%;--awb-spacing-left-medium:3.84%;--awb-width-small:100%;--awb-order-small:0;--awb-spacing-right-small:1.92%;--awb-spacing-left-small:1.92%;\" data-motion-effects=\"[{&quot;type&quot;:&quot;&quot;,&quot;scroll_type&quot;:&quot;transition&quot;,&quot;scroll_direction&quot;:&quot;up&quot;,&quot;transition_speed&quot;:&quot;1&quot;,&quot;fade_type&quot;:&quot;in&quot;,&quot;scale_type&quot;:&quot;up&quot;,&quot;initial_scale&quot;:&quot;1&quot;,&quot;max_scale&quot;:&quot;1.5&quot;,&quot;min_scale&quot;:&quot;0.5&quot;,&quot;initial_rotate&quot;:&quot;0&quot;,&quot;end_rotate&quot;:&quot;30&quot;,&quot;initial_blur&quot;:&quot;0&quot;,&quot;end_blur&quot;:&quot;3&quot;,&quot;start_element&quot;:&quot;top&quot;,&quot;start_viewport&quot;:&quot;bottom&quot;,&quot;end_element&quot;:&quot;bottom&quot;,&quot;end_viewport&quot;:&quot;top&quot;,&quot;mouse_effect&quot;:&quot;track&quot;,&quot;mouse_effect_direction&quot;:&quot;opposite&quot;,&quot;mouse_effect_speed&quot;:&quot;2&quot;,&quot;infinite_animation&quot;:&quot;float&quot;,&quot;infinite_animation_speed&quot;:&quot;2&quot;}]\" data-scroll-devices=\"small-visibility,medium-visibility,large-visibility\"><div class=\"fusion-column-wrapper fusion-column-has-shadow fusion-flex-justify-content-flex-start fusion-content-layout-block\"><div class=\"fusion-image-element fusion-image-align-center in-legacy-container\" style=\"text-align:center;--awb-aspect-ratio:2 \/ 1;--awb-object-position:23% 55%;--awb-caption-title-font-family:var(--h2_typography-font-family);--awb-caption-title-font-weight:var(--h2_typography-font-weight);--awb-caption-title-font-style:var(--h2_typography-font-style);--awb-caption-title-size:var(--h2_typography-font-size);--awb-caption-title-transform:var(--h2_typography-text-transform);--awb-caption-title-line-height:var(--h2_typography-line-height);--awb-caption-title-letter-spacing:var(--h2_typography-letter-spacing);\"><div class=\"imageframe-align-center\"><span class=\" fusion-imageframe imageframe-none imageframe-1 hover-type-none has-aspect-ratio img-bgsize-column1-primarii\" class=\"image-magnify\" class=\"image-scroll\"><img decoding=\"async\" src=\"https:\/\/primaria-online.primaria.eu\/malu-cu-flori\/wp-content\/uploads\/sites\/11\/2025\/09\/56497-300x247.jpg\" class=\"img-responsive img-with-aspect-ratio\" alt \/><\/span><\/div><\/div><\/div><\/div><div class=\"fusion-layout-column fusion_builder_column fusion-builder-column-1 fusion_builder_column_1_2 1_2 fusion-flex-column\" style=\"--awb-padding-right:30px;--awb-bg-size:cover;--awb-width-large:50%;--awb-margin-top-large:0px;--awb-spacing-right-large:3.84%;--awb-margin-bottom-large:20px;--awb-spacing-left-large:3.84%;--awb-width-medium:50%;--awb-order-medium:0;--awb-spacing-right-medium:3.84%;--awb-spacing-left-medium:3.84%;--awb-width-small:100%;--awb-order-small:0;--awb-spacing-right-small:1.92%;--awb-spacing-left-small:1.92%;\" data-motion-effects=\"[{&quot;type&quot;:&quot;&quot;,&quot;scroll_type&quot;:&quot;transition&quot;,&quot;scroll_direction&quot;:&quot;up&quot;,&quot;transition_speed&quot;:&quot;1&quot;,&quot;fade_type&quot;:&quot;in&quot;,&quot;scale_type&quot;:&quot;up&quot;,&quot;initial_scale&quot;:&quot;1&quot;,&quot;max_scale&quot;:&quot;1.5&quot;,&quot;min_scale&quot;:&quot;0.5&quot;,&quot;initial_rotate&quot;:&quot;0&quot;,&quot;end_rotate&quot;:&quot;30&quot;,&quot;initial_blur&quot;:&quot;0&quot;,&quot;end_blur&quot;:&quot;3&quot;,&quot;start_element&quot;:&quot;top&quot;,&quot;start_viewport&quot;:&quot;bottom&quot;,&quot;end_element&quot;:&quot;bottom&quot;,&quot;end_viewport&quot;:&quot;top&quot;,&quot;mouse_effect&quot;:&quot;track&quot;,&quot;mouse_effect_direction&quot;:&quot;opposite&quot;,&quot;mouse_effect_speed&quot;:&quot;2&quot;,&quot;infinite_animation&quot;:&quot;float&quot;,&quot;infinite_animation_speed&quot;:&quot;2&quot;}]\" data-scroll-devices=\"small-visibility,medium-visibility,large-visibility\"><div class=\"fusion-column-wrapper fusion-column-has-shadow fusion-flex-justify-content-flex-start fusion-content-layout-column\"><div class=\"fusion-text fusion-text-1\"><p>Proiectele de prim\u0103rie pot varia semnificativ \u00een func\u021bie de nevoile comunit\u0103\u021bii \u0219i de priorit\u0103\u021bile locale. Printre proiectele dezvoltate in primaria noastra se numara: proiecte de modernizare a drumurilor, trotuarelor, podurilor \u0219i iluminatului public, proiecte de dezvoltare urban\u0103, inclusiv planificarea de noi cartiere sau revitalizarea celor existente, proiecte de re\u00eemp\u0103durire, gestionarea de\u0219eurilor sau crearea de spa\u021bii verzi, imbun\u0103t\u0103\u021birea serviciilor de ap\u0103, canalizare, salubritate sau transport public.<\/p>\n<\/div><\/div><\/div><\/div><\/div><div class=\"fusion-fullwidth fullwidth-box fusion-builder-row-2 fusion-flex-container has-pattern-background has-mask-background nonhundred-percent-fullwidth non-hundred-percent-height-scrolling\" style=\"--awb-border-radius-top-left:0px;--awb-border-radius-top-right:0px;--awb-border-radius-bottom-right:0px;--awb-border-radius-bottom-left:0px;--awb-padding-bottom:40px;--awb-background-color:#f0f3ff;\" ><div class=\"fusion-builder-row fusion-row fusion-flex-align-items-flex-start\" style=\"max-width:1248px;margin-left: calc(-4% \/ 2 );margin-right: calc(-4% \/ 2 );\"><div class=\"fusion-layout-column fusion_builder_column fusion-builder-column-2 fusion_builder_column_1_2 1_2 fusion-flex-column fusion-flex-align-self-center\" style=\"--awb-padding-top:100pxpx;--awb-padding-bottom:100px;--awb-bg-size:cover;--awb-width-large:50%;--awb-margin-top-large:0px;--awb-spacing-right-large:3.84%;--awb-margin-bottom-large:20px;--awb-spacing-left-large:3.84%;--awb-width-medium:50%;--awb-order-medium:0;--awb-spacing-right-medium:3.84%;--awb-spacing-left-medium:3.84%;--awb-width-small:100%;--awb-order-small:0;--awb-spacing-right-small:1.92%;--awb-spacing-left-small:1.92%;\" data-motion-effects=\"[{&quot;type&quot;:&quot;&quot;,&quot;scroll_type&quot;:&quot;transition&quot;,&quot;scroll_direction&quot;:&quot;up&quot;,&quot;transition_speed&quot;:&quot;1&quot;,&quot;fade_type&quot;:&quot;in&quot;,&quot;scale_type&quot;:&quot;up&quot;,&quot;initial_scale&quot;:&quot;1&quot;,&quot;max_scale&quot;:&quot;1.5&quot;,&quot;min_scale&quot;:&quot;0.5&quot;,&quot;initial_rotate&quot;:&quot;0&quot;,&quot;end_rotate&quot;:&quot;30&quot;,&quot;initial_blur&quot;:&quot;0&quot;,&quot;end_blur&quot;:&quot;3&quot;,&quot;start_element&quot;:&quot;top&quot;,&quot;start_viewport&quot;:&quot;bottom&quot;,&quot;end_element&quot;:&quot;bottom&quot;,&quot;end_viewport&quot;:&quot;top&quot;,&quot;mouse_effect&quot;:&quot;track&quot;,&quot;mouse_effect_direction&quot;:&quot;opposite&quot;,&quot;mouse_effect_speed&quot;:&quot;2&quot;,&quot;infinite_animation&quot;:&quot;float&quot;,&quot;infinite_animation_speed&quot;:&quot;2&quot;}]\" data-scroll-devices=\"small-visibility,medium-visibility,large-visibility\"><div class=\"fusion-column-wrapper fusion-column-has-shadow fusion-flex-justify-content-flex-start fusion-content-layout-block\"><div class=\"fusion-title title fusion-title-1 fusion-sep-none fusion-title-text fusion-title-size-one\" style=\"--awb-font-size:16px;\"><h1 class=\"title-heading-left\" style=\"font-family:&quot;Inter&quot;;font-style:normal;font-weight:400;margin:0;font-size:1em;\"><h2 style=\"text-align: left;\">Proiecte Dezvoltare urbana<\/h2>\n<p>Dezvoltarea urban\u0103 este esen\u021bial\u0103 pentru \u00eembun\u0103t\u0103\u021birea calit\u0103\u021bii vie\u021bii \u00een localitatea noastra.Momentan echipa noastra se ocupa de proiecte ce tin de:<\/p>\n<ul>\n<li>Reabilitarea spa\u021biilor publice: Modernizarea parcurilor, pie\u021belor \u0219i locurilor de joac\u0103, cu dot\u0103ri \u0219i facilit\u0103\u021bi pentru toate v\u00e2rstele.<\/li>\n<li>Transport public sustenabil: Extinderea re\u021belei de transport public, inclusiv autobuze electrice, piste pentru biciclete \u0219i sta\u021bii de \u00eenc\u0103rcare pentru vehicule electrice.<\/li>\n<li>Zone de circula\u021bie pietonal\u0103: Transformarea unor zone centrale \u00een zone exclusiv pietonale pentru a \u00eencuraja mersul pe jos \u0219i a reduce traficul.<\/li>\n<li>Proiecte de eficien\u021b\u0103 energetic\u0103: Renovarea cl\u0103dirilor publice pentru a reduce consumul de energie \u0219i a implementa solu\u021bii de energie regenerabil\u0103.<\/li>\n<\/ul>\n<hr \/><\/h1><\/div><\/div><\/div><div class=\"fusion-layout-column fusion_builder_column fusion-builder-column-3 fusion_builder_column_1_2 1_2 fusion-flex-column fusion-flex-align-self-center\" style=\"--awb-padding-top:100pxpx;--awb-padding-bottom:100px;--awb-bg-size:cover;--awb-width-large:50%;--awb-margin-top-large:0px;--awb-spacing-right-large:3.84%;--awb-margin-bottom-large:20px;--awb-spacing-left-large:3.84%;--awb-width-medium:50%;--awb-order-medium:0;--awb-spacing-right-medium:3.84%;--awb-spacing-left-medium:3.84%;--awb-width-small:100%;--awb-order-small:0;--awb-spacing-right-small:1.92%;--awb-spacing-left-small:1.92%;\" data-motion-effects=\"[{&quot;type&quot;:&quot;&quot;,&quot;scroll_type&quot;:&quot;transition&quot;,&quot;scroll_direction&quot;:&quot;up&quot;,&quot;transition_speed&quot;:&quot;1&quot;,&quot;fade_type&quot;:&quot;in&quot;,&quot;scale_type&quot;:&quot;up&quot;,&quot;initial_scale&quot;:&quot;1&quot;,&quot;max_scale&quot;:&quot;1.5&quot;,&quot;min_scale&quot;:&quot;0.5&quot;,&quot;initial_rotate&quot;:&quot;0&quot;,&quot;end_rotate&quot;:&quot;30&quot;,&quot;initial_blur&quot;:&quot;0&quot;,&quot;end_blur&quot;:&quot;3&quot;,&quot;start_element&quot;:&quot;top&quot;,&quot;start_viewport&quot;:&quot;bottom&quot;,&quot;end_element&quot;:&quot;bottom&quot;,&quot;end_viewport&quot;:&quot;top&quot;,&quot;mouse_effect&quot;:&quot;track&quot;,&quot;mouse_effect_direction&quot;:&quot;opposite&quot;,&quot;mouse_effect_speed&quot;:&quot;2&quot;,&quot;infinite_animation&quot;:&quot;float&quot;,&quot;infinite_animation_speed&quot;:&quot;2&quot;}]\" data-scroll-devices=\"small-visibility,medium-visibility,large-visibility\"><div class=\"fusion-column-wrapper fusion-column-has-shadow fusion-flex-justify-content-flex-start fusion-content-layout-block\"><div class=\"fusion-title title fusion-title-2 fusion-sep-none fusion-title-text fusion-title-size-one\" style=\"--awb-font-size:16px;\"><h1 class=\"title-heading-left\" style=\"font-family:&quot;Inter&quot;;font-style:normal;font-weight:400;margin:0;font-size:1em;\"><h2 style=\"text-align: left;\">Transportul public sustenabil<\/h2>\n<p>Transportul public sustenabil este crucial pentru reducerea emisiilor de carbon \u0219i \u00eembun\u0103t\u0103\u021birea calit\u0103\u021bii vie\u021bii. Iat\u0103 c\u00e2teva idei de proiecte \u00een proces de dezvoltare:<\/p>\n<ul>\n<li>Extinderea re\u021belei de transport public:Crearea de linii noi de autobuze \u0219i tramvaie, care s\u0103 conecteze zonele suburbane cu centrul localitatii noastre.<\/li>\n<li>Autobuze electrice: Investi\u021bii \u00een autobuze electrice sau hibride pentru a reduce poluarea \u0219i a \u00eembun\u0103t\u0103\u021bi eficien\u021ba energetic\u0103.<\/li>\n<li>Crearea de piste de biciclete sigure \u0219i bine \u00eentre\u021binute, conect\u00e2nd principalele puncte de interes.<br \/>\nIni\u021biative de \u00eenchiriere de biciclete (bike-sharing) pentru a \u00eencuraja utilizarea bicicletelor.<\/li>\n<li>Implementarea unui sistem de plat\u0103 unic care s\u0103 permit\u0103 utilizatorilor s\u0103 pl\u0103teasc\u0103 pentru toate tipurile de transport public cu un singur card sau aplica\u021bie.<\/li>\n<\/ul>\n<hr \/><\/h1><\/div><\/div><\/div><\/div><\/div><div class=\"fusion-fullwidth fullwidth-box fusion-builder-row-3 fusion-flex-container has-pattern-background has-mask-background nonhundred-percent-fullwidth non-hundred-percent-height-scrolling\" style=\"--awb-border-radius-top-left:0px;--awb-border-radius-top-right:0px;--awb-border-radius-bottom-right:0px;--awb-border-radius-bottom-left:0px;--awb-padding-top:80px;--awb-padding-bottom:80px;--awb-background-color:#f9fafb;\" ><div class=\"fusion-builder-row fusion-row fusion-flex-align-items-flex-start\" style=\"max-width:1248px;margin-left: calc(-4% \/ 2 );margin-right: calc(-4% \/ 2 );\"><div class=\"fusion-layout-column fusion_builder_column fusion-builder-column-4 fusion_builder_column_1_1 1_1 fusion-flex-column\" style=\"--awb-bg-size:cover;--awb-width-large:100%;--awb-margin-top-large:0px;--awb-spacing-right-large:1.92%;--awb-margin-bottom-large:20px;--awb-spacing-left-large:1.92%;--awb-width-medium:100%;--awb-order-medium:0;--awb-spacing-right-medium:1.92%;--awb-spacing-left-medium:1.92%;--awb-width-small:100%;--awb-order-small:0;--awb-spacing-right-small:1.92%;--awb-spacing-left-small:1.92%;\"><div class=\"fusion-column-wrapper fusion-column-has-shadow fusion-flex-justify-content-flex-start fusion-content-layout-column\"><div class=\"fusion-text fusion-text-2\"><h4>Proiecte sociale<\/h4>\n<p>Programele sociale sunt esen\u021biale pentru sprijinirea comunit\u0103\u021bilor \u0219i \u00eembun\u0103t\u0103\u021birea calit\u0103\u021bii vie\u021bii. Iata cateva din proiectele dezvoltate de primaria noastra:<\/p>\n<ul>\n<li>Sprijin pentru persoanele defavorizate:Programe de asisten\u021b\u0103 financiar\u0103 pentru familiile cu venituri mici.Centre de zi pentru persoanele v\u00e2rstnice, oferind suport social \u0219i activit\u0103\u021bi recreative.<\/li>\n<li>Ini\u021biative pentru tineret:Proiecte de educa\u021bie \u0219i formare profesional\u0103 pentru tineri, inclusiv stagii de practic\u0103 \u00een colaborare cu companii locale.Activit\u0103\u021bi sportive \u0219i culturale pentru tineri, inclusiv tabere \u0219i competi\u021bii.<\/li>\n<li>Servicii de s\u0103n\u0103tate mintal\u0103:Programe de consiliere \u0219i suport psihologic pentru comunitate, inclusiv sesiuni de grup \u0219i evenimente de con\u0219tientizare.<\/li>\n<li>Sprijin pentru familiile monoparentale:Ini\u021biative de asisten\u021b\u0103 pentru p\u0103rin\u021bi singuri, inclusiv grupuri de suport \u0219i resurse pentru \u00eengrijirea copiilor.<\/li>\n<\/ul>\n<hr \/>\n<\/div><\/div><\/div><div class=\"fusion-layout-column fusion_builder_column fusion-builder-column-5 fusion_builder_column_1_1 1_1 fusion-flex-column\" style=\"--awb-bg-size:cover;--awb-width-large:100%;--awb-margin-top-large:0px;--awb-spacing-right-large:1.92%;--awb-margin-bottom-large:20px;--awb-spacing-left-large:1.92%;--awb-width-medium:100%;--awb-order-medium:0;--awb-spacing-right-medium:1.92%;--awb-spacing-left-medium:1.92%;--awb-width-small:100%;--awb-order-small:0;--awb-spacing-right-small:1.92%;--awb-spacing-left-small:1.92%;\"><div class=\"fusion-column-wrapper fusion-column-has-shadow fusion-flex-justify-content-flex-start fusion-content-layout-column\"><div class=\"fusion-text fusion-text-3\"><h4>Proiecte ecologice<\/h4>\n<hr \/>\n<\/div><div class=\"accordian fusion-accordian\" style=\"--awb-border-size:1px;--awb-icon-size:20px;--awb-content-font-size:14px;--awb-content-line-height:20px;--awb-icon-alignment:right;--awb-hover-color:var(--awb-color2);--awb-border-color:var(--awb-color3);--awb-background-color:var(--awb-color1);--awb-divider-color:var(--awb-color7);--awb-divider-hover-color:var(--awb-color3);--awb-icon-color:#687183;--awb-title-color:var(--awb-color6);--awb-content-color:var(--awb-color6);--awb-icon-box-color:var(--awb-color8);--awb-toggle-hover-accent-color:var(--awb-color5);--awb-title-font-family:var(--awb-typography1-font-family);--awb-title-font-weight:var(--awb-typography1-font-weight);--awb-title-font-style:var(--awb-typography1-font-style);--awb-title-font-size:14px;--awb-title-letter-spacing:var(--awb-typography1-letter-spacing);--awb-title-line-height:20px;--awb-content-font-family:var(--awb-typography4-font-family);--awb-content-font-weight:var(--awb-typography4-font-weight);--awb-content-font-style:var(--awb-typography4-font-style);\"><div class=\"panel-group fusion-toggle-icon-right fusion-toggle-icon-unboxed\" id=\"accordion-499-1\"><div class=\"fusion-panel panel-default panel-61d6f6eee475469f4 fusion-toggle-no-divider\" style=\"--awb-title-color:var(--awb-color8);\"><div class=\"panel-heading\"><h4 class=\"panel-title toggle\" id=\"toggle_61d6f6eee475469f4\"><a aria-expanded=\"false\" aria-controls=\"61d6f6eee475469f4\" role=\"button\" data-toggle=\"collapse\" data-parent=\"#accordion-499-1\" data-target=\"#61d6f6eee475469f4\" href=\"#61d6f6eee475469f4\"><span class=\"fusion-toggle-icon-wrapper\" aria-hidden=\"true\"><i class=\"fa-fusion-box active-icon fa-angle-up fas\" aria-hidden=\"true\"><\/i><i class=\"fa-fusion-box inactive-icon fa-angle-down fas\" aria-hidden=\"true\"><\/i><\/span><span class=\"fusion-toggle-heading\">Programe de reciclare<\/span><\/a><\/h4><\/div><div id=\"61d6f6eee475469f4\" class=\"panel-collapse collapse \" aria-labelledby=\"toggle_61d6f6eee475469f4\"><div class=\"panel-body toggle-content fusion-clearfix\">\n<p>Programe de reciclare:<\/p>\n<p>Extinderea programelor de reciclare pentru a include o gam\u0103 mai larg\u0103 de materiale (plastic, sticl\u0103, metal, h\u00e2rtie).<br \/>\nOrganizarea de campanii de con\u0219tientizare pentru a \u00eencuraja cet\u0103\u021benii s\u0103 recicleze corect.<\/p>\n<\/div><\/div><\/div><div class=\"fusion-panel panel-default panel-bbeceeeb14f9ed8bb fusion-toggle-no-divider\" style=\"--awb-title-color:var(--awb-color8);\"><div class=\"panel-heading\"><h4 class=\"panel-title toggle\" id=\"toggle_bbeceeeb14f9ed8bb\"><a aria-expanded=\"false\" aria-controls=\"bbeceeeb14f9ed8bb\" role=\"button\" data-toggle=\"collapse\" data-parent=\"#accordion-499-1\" data-target=\"#bbeceeeb14f9ed8bb\" href=\"#bbeceeeb14f9ed8bb\"><span class=\"fusion-toggle-icon-wrapper\" aria-hidden=\"true\"><i class=\"fa-fusion-box active-icon fa-angle-up fas\" aria-hidden=\"true\"><\/i><i class=\"fa-fusion-box inactive-icon fa-angle-down fas\" aria-hidden=\"true\"><\/i><\/span><span class=\"fusion-toggle-heading\">Gr\u0103dini comunitare<\/span><\/a><\/h4><\/div><div id=\"bbeceeeb14f9ed8bb\" class=\"panel-collapse collapse \" aria-labelledby=\"toggle_bbeceeeb14f9ed8bb\"><div class=\"panel-body toggle-content fusion-clearfix\">\n<p>Gr\u0103dini comunitare:<\/p>\n<p>\u00cencurajarea cre\u0103rii de gr\u0103dini comunitare pentru a promova agricultura urban\u0103 \u0219i pentru a oferi cet\u0103\u021benilor oportunit\u0103\u021bi de a cultiva propriile legume \u0219i fructe.<\/p>\n<\/div><\/div><\/div><div class=\"fusion-panel panel-default panel-b56cff08964291d4f fusion-toggle-no-divider\" style=\"--awb-title-color:var(--awb-color8);\"><div class=\"panel-heading\"><h4 class=\"panel-title toggle\" id=\"toggle_b56cff08964291d4f\"><a aria-expanded=\"false\" aria-controls=\"b56cff08964291d4f\" role=\"button\" data-toggle=\"collapse\" data-parent=\"#accordion-499-1\" data-target=\"#b56cff08964291d4f\" href=\"#b56cff08964291d4f\"><span class=\"fusion-toggle-icon-wrapper\" aria-hidden=\"true\"><i class=\"fa-fusion-box active-icon fa-angle-up fas\" aria-hidden=\"true\"><\/i><i class=\"fa-fusion-box inactive-icon fa-angle-down fas\" aria-hidden=\"true\"><\/i><\/span><span class=\"fusion-toggle-heading\">Sisteme de gestionare a apei<\/span><\/a><\/h4><\/div><div id=\"b56cff08964291d4f\" class=\"panel-collapse collapse \" aria-labelledby=\"toggle_b56cff08964291d4f\"><div class=\"panel-body toggle-content fusion-clearfix\">\n<p>Sisteme de gestionare a apei:<\/p>\n<p>Implementarea sistemelor de colectare a apei rainwater pentru utilizarea \u00een iriga\u021bii sau sp\u0103larea str\u0103zilor.<br \/>\nCrearea de zone umede sau biotopuri pentru a \u00eembun\u0103t\u0103\u021bi calitatea apei \u0219i a sprijini biodiversitatea.<\/p>\n<\/div><\/div><\/div><div class=\"fusion-panel panel-default panel-ee5e9e02d9426d447 fusion-toggle-no-divider\" style=\"--awb-title-color:var(--awb-color8);\"><div class=\"panel-heading\"><h4 class=\"panel-title toggle\" id=\"toggle_ee5e9e02d9426d447\"><a aria-expanded=\"false\" aria-controls=\"ee5e9e02d9426d447\" role=\"button\" data-toggle=\"collapse\" data-parent=\"#accordion-499-1\" data-target=\"#ee5e9e02d9426d447\" href=\"#ee5e9e02d9426d447\"><span class=\"fusion-toggle-icon-wrapper\" aria-hidden=\"true\"><i class=\"fa-fusion-box active-icon fa-angle-up fas\" aria-hidden=\"true\"><\/i><i class=\"fa-fusion-box inactive-icon fa-angle-down fas\" aria-hidden=\"true\"><\/i><\/span><span class=\"fusion-toggle-heading\">Promovarea energiei regenerabile<\/span><\/a><\/h4><\/div><div id=\"ee5e9e02d9426d447\" class=\"panel-collapse collapse \" aria-labelledby=\"toggle_ee5e9e02d9426d447\"><div class=\"panel-body toggle-content fusion-clearfix\">\n<p>Promovarea energiei regenerabile:<\/p>\n<p>Instalarea panourilor solare pe cl\u0103dirile publice \u0219i oferirea de stimulente pentru cet\u0103\u021beni s\u0103 fac\u0103 acela\u0219i lucru.<br \/>\nDezvoltarea de proiecte de energie eolian\u0103 sau alte surse regenerabile \u00een zonele adecvate.<\/p>\n<\/div><\/div><\/div><\/div><\/div><\/div><\/div><\/div><\/div><\/p>\n","protected":false},"excerpt":{"rendered":"","protected":false},"author":3,"featured_media":0,"parent":355,"menu_order":0,"comment_status":"closed","ping_status":"closed","template":"100-width.php","meta":{"_acf_changed":false,"footnotes":""},"acf":[],"_links":{"self":[{"href":"https:\/\/primaria-online.primaria.eu\/malu-cu-flori\/wp-json\/wp\/v2\/pages\/499"}],"collection":[{"href":"https:\/\/primaria-online.primaria.eu\/malu-cu-flori\/wp-json\/wp\/v2\/pages"}],"about":[{"href":"https:\/\/primaria-online.primaria.eu\/malu-cu-flori\/wp-json\/wp\/v2\/types\/page"}],"author":[{"embeddable":true,"href":"https:\/\/primaria-online.primaria.eu\/malu-cu-flori\/wp-json\/wp\/v2\/users\/3"}],"replies":[{"embeddable":true,"href":"https:\/\/primaria-online.primaria.eu\/malu-cu-flori\/wp-json\/wp\/v2\/comments?post=499"}],"version-history":[{"count":11,"href":"https:\/\/primaria-online.primaria.eu\/malu-cu-flori\/wp-json\/wp\/v2\/pages\/499\/revisions"}],"predecessor-version":[{"id":1611,"href":"https:\/\/primaria-online.primaria.eu\/malu-cu-flori\/wp-json\/wp\/v2\/pages\/499\/revisions\/1611"}],"up":[{"embeddable":true,"href":"https:\/\/primaria-online.primaria.eu\/malu-cu-flori\/wp-json\/wp\/v2\/pages\/355"}],"wp:attachment":[{"href":"https:\/\/primaria-online.primaria.eu\/malu-cu-flori\/wp-json\/wp\/v2\/media?parent=499"}],"curies":[{"name":"wp","href":"https:\/\/api.w.org\/{rel}","templated":true}]}}