{"id":484,"date":"2024-05-10T10:01:11","date_gmt":"2024-05-10T10:01:11","guid":{"rendered":"https:\/\/primaria-online.primaria.eu\/malu-cu-flori\/?page_id=484"},"modified":"2024-11-06T11:59:29","modified_gmt":"2024-11-06T11:59:29","slug":"comisii-de-specialitate","status":"publish","type":"page","link":"https:\/\/primaria-online.primaria.eu\/malu-cu-flori\/consiliul-local\/comisii-de-specialitate\/","title":{"rendered":"Comisii de specialitate"},"content":{"rendered":"<p><div class=\"fusion-fullwidth fullwidth-box fusion-builder-row-1 fusion-flex-container has-pattern-background has-mask-background nonhundred-percent-fullwidth non-hundred-percent-height-scrolling\" style=\"--awb-border-radius-top-left:0px;--awb-border-radius-top-right:0px;--awb-border-radius-bottom-right:0px;--awb-border-radius-bottom-left:0px;--awb-padding-top:80px;--awb-padding-bottom:80px;--awb-background-color:#f0f3ff;\" ><div class=\"fusion-builder-row fusion-row fusion-flex-align-items-flex-start\" style=\"max-width:1248px;margin-left: calc(-4% \/ 2 );margin-right: calc(-4% \/ 2 );\"><div class=\"fusion-layout-column fusion_builder_column fusion-builder-column-0 fusion_builder_column_1_2 1_2 fusion-flex-column fusion-flex-align-self-center\" style=\"--awb-padding-top:100pxpx;--awb-padding-bottom:100px;--awb-bg-size:cover;--awb-width-large:50%;--awb-margin-top-large:0px;--awb-spacing-right-large:3.84%;--awb-margin-bottom-large:20px;--awb-spacing-left-large:3.84%;--awb-width-medium:50%;--awb-order-medium:0;--awb-spacing-right-medium:3.84%;--awb-spacing-left-medium:3.84%;--awb-width-small:100%;--awb-order-small:0;--awb-spacing-right-small:1.92%;--awb-spacing-left-small:1.92%;\" data-motion-effects=\"[{&quot;type&quot;:&quot;&quot;,&quot;scroll_type&quot;:&quot;transition&quot;,&quot;scroll_direction&quot;:&quot;up&quot;,&quot;transition_speed&quot;:&quot;1&quot;,&quot;fade_type&quot;:&quot;in&quot;,&quot;scale_type&quot;:&quot;up&quot;,&quot;initial_scale&quot;:&quot;1&quot;,&quot;max_scale&quot;:&quot;1.5&quot;,&quot;min_scale&quot;:&quot;0.5&quot;,&quot;initial_rotate&quot;:&quot;0&quot;,&quot;end_rotate&quot;:&quot;30&quot;,&quot;initial_blur&quot;:&quot;0&quot;,&quot;end_blur&quot;:&quot;3&quot;,&quot;start_element&quot;:&quot;top&quot;,&quot;start_viewport&quot;:&quot;bottom&quot;,&quot;end_element&quot;:&quot;bottom&quot;,&quot;end_viewport&quot;:&quot;top&quot;,&quot;mouse_effect&quot;:&quot;track&quot;,&quot;mouse_effect_direction&quot;:&quot;opposite&quot;,&quot;mouse_effect_speed&quot;:&quot;2&quot;,&quot;infinite_animation&quot;:&quot;float&quot;,&quot;infinite_animation_speed&quot;:&quot;2&quot;}]\" data-scroll-devices=\"small-visibility,medium-visibility,large-visibility\"><div class=\"fusion-column-wrapper fusion-column-has-shadow fusion-flex-justify-content-flex-start fusion-content-layout-block\"><div class=\"fusion-image-element fusion-image-align-center in-legacy-container\" style=\"text-align:center;--awb-aspect-ratio:2 \/ 1;--awb-object-position:26% 51%;--awb-caption-title-font-family:var(--h2_typography-font-family);--awb-caption-title-font-weight:var(--h2_typography-font-weight);--awb-caption-title-font-style:var(--h2_typography-font-style);--awb-caption-title-size:var(--h2_typography-font-size);--awb-caption-title-transform:var(--h2_typography-text-transform);--awb-caption-title-line-height:var(--h2_typography-line-height);--awb-caption-title-letter-spacing:var(--h2_typography-letter-spacing);\"><div class=\"imageframe-align-center\"><span class=\" fusion-imageframe imageframe-none imageframe-1 hover-type-none has-aspect-ratio img-bgsize-column1-primarii\" class=\"image-magnify\" class=\"image-scroll\"><img decoding=\"async\" src=\"https:\/\/primaria-online.primaria.eu\/malu-cu-flori\/wp-content\/uploads\/sites\/11\/2024\/04\/Fixed-Aspect-Ratio-5-300x150.png\" class=\"img-responsive img-with-aspect-ratio\" alt \/><\/span><\/div><\/div><\/div><\/div><div class=\"fusion-layout-column fusion_builder_column fusion-builder-column-1 fusion_builder_column_1_2 1_2 fusion-flex-column\" style=\"--awb-bg-size:cover;--awb-width-large:50%;--awb-margin-top-large:0px;--awb-spacing-right-large:3.84%;--awb-margin-bottom-large:20px;--awb-spacing-left-large:3.84%;--awb-width-medium:50%;--awb-order-medium:0;--awb-spacing-right-medium:3.84%;--awb-spacing-left-medium:3.84%;--awb-width-small:100%;--awb-order-small:0;--awb-spacing-right-small:1.92%;--awb-spacing-left-small:1.92%;\" data-motion-effects=\"[{&quot;type&quot;:&quot;&quot;,&quot;scroll_type&quot;:&quot;transition&quot;,&quot;scroll_direction&quot;:&quot;up&quot;,&quot;transition_speed&quot;:&quot;1&quot;,&quot;fade_type&quot;:&quot;in&quot;,&quot;scale_type&quot;:&quot;up&quot;,&quot;initial_scale&quot;:&quot;1&quot;,&quot;max_scale&quot;:&quot;1.5&quot;,&quot;min_scale&quot;:&quot;0.5&quot;,&quot;initial_rotate&quot;:&quot;0&quot;,&quot;end_rotate&quot;:&quot;30&quot;,&quot;initial_blur&quot;:&quot;0&quot;,&quot;end_blur&quot;:&quot;3&quot;,&quot;start_element&quot;:&quot;top&quot;,&quot;start_viewport&quot;:&quot;bottom&quot;,&quot;end_element&quot;:&quot;bottom&quot;,&quot;end_viewport&quot;:&quot;top&quot;,&quot;mouse_effect&quot;:&quot;track&quot;,&quot;mouse_effect_direction&quot;:&quot;opposite&quot;,&quot;mouse_effect_speed&quot;:&quot;2&quot;,&quot;infinite_animation&quot;:&quot;float&quot;,&quot;infinite_animation_speed&quot;:&quot;2&quot;}]\" data-scroll-devices=\"small-visibility,medium-visibility,large-visibility\"><div class=\"fusion-column-wrapper fusion-column-has-shadow fusion-flex-justify-content-flex-start fusion-content-layout-column\"><div class=\"fusion-text fusion-text-1\"><p>Comisiile de specialitate din cadrul consiliului local sunt grupuri formate din consilieri locali care se concentreaz\u0103 pe anumite domenii sau teme specifice de interes public. Aceste comisii au rolul de a analiza, dezbate \u0219i oferi recomand\u0103ri asupra problemelor ce \u021bin de competen\u021ba lor.<\/p>\n<\/div><\/div><\/div><\/div><\/div><div class=\"fusion-fullwidth fullwidth-box fusion-builder-row-2 fusion-flex-container has-pattern-background has-mask-background nonhundred-percent-fullwidth non-hundred-percent-height-scrolling\" style=\"--awb-border-radius-top-left:0px;--awb-border-radius-top-right:0px;--awb-border-radius-bottom-right:0px;--awb-border-radius-bottom-left:0px;--awb-padding-top:60px;--awb-padding-bottom:60px;--awb-background-color:var(--awb-color2);\" ><div class=\"fusion-builder-row fusion-row fusion-flex-align-items-flex-start\" style=\"max-width:1248px;margin-left: calc(-4% \/ 2 );margin-right: calc(-4% \/ 2 );\"><div class=\"fusion-layout-column fusion_builder_column fusion-builder-column-2 fusion_builder_column_1_1 1_1 fusion-flex-column fusion-flex-align-self-center\" style=\"--awb-padding-top:100pxpx;--awb-padding-bottom:100px;--awb-bg-size:cover;--awb-width-large:100%;--awb-margin-top-large:0px;--awb-spacing-right-large:1.92%;--awb-margin-bottom-large:20px;--awb-spacing-left-large:1.92%;--awb-width-medium:100%;--awb-order-medium:0;--awb-spacing-right-medium:1.92%;--awb-spacing-left-medium:1.92%;--awb-width-small:100%;--awb-order-small:0;--awb-spacing-right-small:1.92%;--awb-spacing-left-small:1.92%;\" data-motion-effects=\"[{&quot;type&quot;:&quot;&quot;,&quot;scroll_type&quot;:&quot;transition&quot;,&quot;scroll_direction&quot;:&quot;up&quot;,&quot;transition_speed&quot;:&quot;1&quot;,&quot;fade_type&quot;:&quot;in&quot;,&quot;scale_type&quot;:&quot;up&quot;,&quot;initial_scale&quot;:&quot;1&quot;,&quot;max_scale&quot;:&quot;1.5&quot;,&quot;min_scale&quot;:&quot;0.5&quot;,&quot;initial_rotate&quot;:&quot;0&quot;,&quot;end_rotate&quot;:&quot;30&quot;,&quot;initial_blur&quot;:&quot;0&quot;,&quot;end_blur&quot;:&quot;3&quot;,&quot;start_element&quot;:&quot;top&quot;,&quot;start_viewport&quot;:&quot;bottom&quot;,&quot;end_element&quot;:&quot;bottom&quot;,&quot;end_viewport&quot;:&quot;top&quot;,&quot;mouse_effect&quot;:&quot;track&quot;,&quot;mouse_effect_direction&quot;:&quot;opposite&quot;,&quot;mouse_effect_speed&quot;:&quot;2&quot;,&quot;infinite_animation&quot;:&quot;float&quot;,&quot;infinite_animation_speed&quot;:&quot;2&quot;}]\" data-scroll-devices=\"small-visibility,medium-visibility,large-visibility\"><div class=\"fusion-column-wrapper fusion-column-has-shadow fusion-flex-justify-content-flex-start fusion-content-layout-block\"><div class=\"fusion-title title fusion-title-1 fusion-sep-none fusion-title-text fusion-title-size-four\" style=\"--awb-text-color:var(--awb-color6);--awb-margin-bottom:0px;\"><h4 class=\"title-heading-left\" style=\"margin:0;line-height:32px;\">Comisii in vigoare<\/h4><\/div><\/div><\/div><div class=\"fusion-layout-column fusion_builder_column fusion-builder-column-3 fusion_builder_column_1_2 1_2 fusion-flex-column fusion-flex-align-self-center card-shadow\" style=\"--awb-padding-top:100pxpx;--awb-padding-bottom:100px;--awb-overflow:hidden;--awb-bg-color:var(--awb-color1);--awb-bg-color-hover:var(--awb-color1);--awb-bg-size:cover;--awb-border-radius:8px 8px 8px 8px;--awb-width-large:50%;--awb-margin-top-large:0px;--awb-spacing-right-large:3.84%;--awb-margin-bottom-large:20px;--awb-spacing-left-large:3.84%;--awb-width-medium:50%;--awb-order-medium:0;--awb-spacing-right-medium:3.84%;--awb-spacing-left-medium:3.84%;--awb-width-small:100%;--awb-order-small:0;--awb-spacing-right-small:1.92%;--awb-spacing-left-small:1.92%;\" data-motion-effects=\"[{&quot;type&quot;:&quot;&quot;,&quot;scroll_type&quot;:&quot;transition&quot;,&quot;scroll_direction&quot;:&quot;up&quot;,&quot;transition_speed&quot;:&quot;1&quot;,&quot;fade_type&quot;:&quot;in&quot;,&quot;scale_type&quot;:&quot;up&quot;,&quot;initial_scale&quot;:&quot;1&quot;,&quot;max_scale&quot;:&quot;1.5&quot;,&quot;min_scale&quot;:&quot;0.5&quot;,&quot;initial_rotate&quot;:&quot;0&quot;,&quot;end_rotate&quot;:&quot;30&quot;,&quot;initial_blur&quot;:&quot;0&quot;,&quot;end_blur&quot;:&quot;3&quot;,&quot;start_element&quot;:&quot;top&quot;,&quot;start_viewport&quot;:&quot;bottom&quot;,&quot;end_element&quot;:&quot;bottom&quot;,&quot;end_viewport&quot;:&quot;top&quot;,&quot;mouse_effect&quot;:&quot;track&quot;,&quot;mouse_effect_direction&quot;:&quot;opposite&quot;,&quot;mouse_effect_speed&quot;:&quot;2&quot;,&quot;infinite_animation&quot;:&quot;float&quot;,&quot;infinite_animation_speed&quot;:&quot;2&quot;}]\" data-scroll-devices=\"small-visibility,medium-visibility,large-visibility\"><div class=\"fusion-column-wrapper fusion-column-has-shadow fusion-flex-justify-content-flex-start fusion-content-layout-block\"><div class=\"fusion-title title fusion-title-2 fusion-sep-none fusion-title-text fusion-title-size-two\" style=\"--awb-text-color:var(--awb-color6);--awb-margin-right:16px;--awb-margin-bottom:0px;--awb-margin-left:16px;--awb-font-size:24px;\"><h2 class=\"title-heading-left\" style=\"margin:0;font-size:1em;line-height:28px;\">Comisia buget-finante<\/h2><\/div><div class=\"fusion-text fusion-text-2\" style=\"--awb-margin-right:16px;--awb-margin-left:16px;\"><h6 style=\"font-size: 18px; font-weight: 600; margin-top: 0px;\">Descrierea comisiei<\/h6>\n<p>Analizeaz\u0103 proiectele de buget, propunerile de cheltuieli \u0219i impozitele locale.<\/p>\n<p><strong>Componenta comisiei<\/strong>:<\/p>\n<p>&#8211; Nume Persoana<br \/>\n&#8211; Nume Persoana<br \/>\n&#8211; Nume Persoana<br \/>\n&#8211; Nume Persoana<br \/>\n&#8211; Nume Persoana<br \/>\n&#8211; Nume Persoana<\/p>\n<\/div><\/div><\/div><div class=\"fusion-layout-column fusion_builder_column fusion-builder-column-4 fusion_builder_column_1_2 1_2 fusion-flex-column fusion-flex-align-self-center card-shadow\" style=\"--awb-padding-top:100pxpx;--awb-padding-bottom:100px;--awb-overflow:hidden;--awb-bg-color:var(--awb-color1);--awb-bg-color-hover:var(--awb-color1);--awb-bg-size:cover;--awb-border-radius:8px 8px 8px 8px;--awb-width-large:50%;--awb-margin-top-large:0px;--awb-spacing-right-large:3.84%;--awb-margin-bottom-large:20px;--awb-spacing-left-large:3.84%;--awb-width-medium:50%;--awb-order-medium:0;--awb-spacing-right-medium:3.84%;--awb-spacing-left-medium:3.84%;--awb-width-small:100%;--awb-order-small:0;--awb-spacing-right-small:1.92%;--awb-spacing-left-small:1.92%;\" data-motion-effects=\"[{&quot;type&quot;:&quot;&quot;,&quot;scroll_type&quot;:&quot;transition&quot;,&quot;scroll_direction&quot;:&quot;up&quot;,&quot;transition_speed&quot;:&quot;1&quot;,&quot;fade_type&quot;:&quot;in&quot;,&quot;scale_type&quot;:&quot;up&quot;,&quot;initial_scale&quot;:&quot;1&quot;,&quot;max_scale&quot;:&quot;1.5&quot;,&quot;min_scale&quot;:&quot;0.5&quot;,&quot;initial_rotate&quot;:&quot;0&quot;,&quot;end_rotate&quot;:&quot;30&quot;,&quot;initial_blur&quot;:&quot;0&quot;,&quot;end_blur&quot;:&quot;3&quot;,&quot;start_element&quot;:&quot;top&quot;,&quot;start_viewport&quot;:&quot;bottom&quot;,&quot;end_element&quot;:&quot;bottom&quot;,&quot;end_viewport&quot;:&quot;top&quot;,&quot;mouse_effect&quot;:&quot;track&quot;,&quot;mouse_effect_direction&quot;:&quot;opposite&quot;,&quot;mouse_effect_speed&quot;:&quot;2&quot;,&quot;infinite_animation&quot;:&quot;float&quot;,&quot;infinite_animation_speed&quot;:&quot;2&quot;}]\" data-scroll-devices=\"small-visibility,medium-visibility,large-visibility\"><div class=\"fusion-column-wrapper fusion-column-has-shadow fusion-flex-justify-content-flex-start fusion-content-layout-block\"><div class=\"fusion-title title fusion-title-3 fusion-sep-none fusion-title-text fusion-title-size-two\" style=\"--awb-text-color:var(--awb-color6);--awb-margin-right:16px;--awb-margin-bottom:0px;--awb-margin-left:16px;--awb-font-size:24px;\"><h2 class=\"title-heading-left\" style=\"margin:0;font-size:1em;line-height:28px;\">Comisia patrimoniu<\/h2><\/div><div class=\"fusion-text fusion-text-3\" style=\"--awb-margin-right:16px;--awb-margin-left:16px;\"><h6 style=\"font-size: 18px; font-weight: 600; margin-top: 0px;\">Descrierea comisiei<\/h6>\n<p>Comisia de patrimoniu se refer\u0103, de obicei, la o entitate care se ocup\u0103 cu protec\u021bia \u0219i gestionarea patrimoniului cultural, istoric sau natural. Aceasta poate include evaluarea, conservarea \u0219i promovarea diverselor obiective de patrimoniu, precum monumente, situri arheologice sau tradi\u021bii culturale.<\/p>\n<p><strong>Componenta comisiei<\/strong>:<\/p>\n<p>&#8211; Nume Persoana<br \/>\n&#8211; Nume Persoana<br \/>\n&#8211; Nume Persoana<br \/>\n&#8211; Nume Persoana<br \/>\n&#8211; Nume Persoana<br \/>\n&#8211; Nume Persoana<\/p>\n<\/div><\/div><\/div><div class=\"fusion-layout-column fusion_builder_column fusion-builder-column-5 fusion_builder_column_1_2 1_2 fusion-flex-column fusion-flex-align-self-center card-shadow\" style=\"--awb-padding-top:100pxpx;--awb-padding-bottom:100px;--awb-overflow:hidden;--awb-bg-color:var(--awb-color1);--awb-bg-color-hover:var(--awb-color1);--awb-bg-size:cover;--awb-border-radius:8px 8px 8px 8px;--awb-width-large:50%;--awb-margin-top-large:0px;--awb-spacing-right-large:3.84%;--awb-margin-bottom-large:20px;--awb-spacing-left-large:3.84%;--awb-width-medium:50%;--awb-order-medium:0;--awb-spacing-right-medium:3.84%;--awb-spacing-left-medium:3.84%;--awb-width-small:100%;--awb-order-small:0;--awb-spacing-right-small:1.92%;--awb-spacing-left-small:1.92%;\" data-motion-effects=\"[{&quot;type&quot;:&quot;&quot;,&quot;scroll_type&quot;:&quot;transition&quot;,&quot;scroll_direction&quot;:&quot;up&quot;,&quot;transition_speed&quot;:&quot;1&quot;,&quot;fade_type&quot;:&quot;in&quot;,&quot;scale_type&quot;:&quot;up&quot;,&quot;initial_scale&quot;:&quot;1&quot;,&quot;max_scale&quot;:&quot;1.5&quot;,&quot;min_scale&quot;:&quot;0.5&quot;,&quot;initial_rotate&quot;:&quot;0&quot;,&quot;end_rotate&quot;:&quot;30&quot;,&quot;initial_blur&quot;:&quot;0&quot;,&quot;end_blur&quot;:&quot;3&quot;,&quot;start_element&quot;:&quot;top&quot;,&quot;start_viewport&quot;:&quot;bottom&quot;,&quot;end_element&quot;:&quot;bottom&quot;,&quot;end_viewport&quot;:&quot;top&quot;,&quot;mouse_effect&quot;:&quot;track&quot;,&quot;mouse_effect_direction&quot;:&quot;opposite&quot;,&quot;mouse_effect_speed&quot;:&quot;2&quot;,&quot;infinite_animation&quot;:&quot;float&quot;,&quot;infinite_animation_speed&quot;:&quot;2&quot;}]\" data-scroll-devices=\"small-visibility,medium-visibility,large-visibility\"><div class=\"fusion-column-wrapper fusion-column-has-shadow fusion-flex-justify-content-flex-start fusion-content-layout-block\"><div class=\"fusion-title title fusion-title-4 fusion-sep-none fusion-title-text fusion-title-size-two\" style=\"--awb-text-color:var(--awb-color6);--awb-margin-right:16px;--awb-margin-bottom:0px;--awb-margin-left:16px;--awb-font-size:24px;\"><h2 class=\"title-heading-left\" style=\"margin:0;font-size:1em;line-height:28px;\">Comisia comert<\/h2><\/div><div class=\"fusion-text fusion-text-4\" style=\"--awb-margin-right:16px;--awb-margin-left:16px;\"><h6 style=\"font-size: 18px; font-weight: 600; margin-top: 0px;\">Comisia patrimoniu<\/h6>\n<p>Comisia de comer\u021b din cadrul consiliului local are un rol esen\u021bial \u00een reglementarea \u0219i supravegherea activit\u0103\u021bilor comerciale la nivel local.Comisia analizeaz\u0103 propunerile \u0219i proiectele de hot\u0103r\u00e2ri privind regimul comer\u021bului \u00een localitate, inclusiv autorizarea func\u021bion\u0103rii agen\u021bilor economici.<\/p>\n<p>Poate fi responsabil\u0103 pentru emiterea avizelor necesare pentru desf\u0103\u0219urarea activit\u0103\u021bilor comerciale, inclusiv pentru licen\u021be \u0219i autoriza\u021bii.<\/p>\n<p><strong>Componenta comisiei<\/strong>:<\/p>\n<p>&#8211; Nume Persoana<br \/>\n&#8211; Nume Persoana<br \/>\n&#8211; Nume Persoana<br \/>\n&#8211; Nume Persoana<br \/>\n&#8211; Nume Persoana<br \/>\n&#8211; Nume Persoana<\/p>\n<\/div><\/div><\/div><div class=\"fusion-layout-column fusion_builder_column fusion-builder-column-6 fusion_builder_column_1_2 1_2 fusion-flex-column fusion-flex-align-self-center card-shadow\" style=\"--awb-padding-top:100pxpx;--awb-padding-bottom:100px;--awb-overflow:hidden;--awb-bg-color:var(--awb-color1);--awb-bg-color-hover:var(--awb-color1);--awb-bg-size:cover;--awb-border-radius:8px 8px 8px 8px;--awb-width-large:50%;--awb-margin-top-large:0px;--awb-spacing-right-large:3.84%;--awb-margin-bottom-large:20px;--awb-spacing-left-large:3.84%;--awb-width-medium:50%;--awb-order-medium:0;--awb-spacing-right-medium:3.84%;--awb-spacing-left-medium:3.84%;--awb-width-small:100%;--awb-order-small:0;--awb-spacing-right-small:1.92%;--awb-spacing-left-small:1.92%;\" data-motion-effects=\"[{&quot;type&quot;:&quot;&quot;,&quot;scroll_type&quot;:&quot;transition&quot;,&quot;scroll_direction&quot;:&quot;up&quot;,&quot;transition_speed&quot;:&quot;1&quot;,&quot;fade_type&quot;:&quot;in&quot;,&quot;scale_type&quot;:&quot;up&quot;,&quot;initial_scale&quot;:&quot;1&quot;,&quot;max_scale&quot;:&quot;1.5&quot;,&quot;min_scale&quot;:&quot;0.5&quot;,&quot;initial_rotate&quot;:&quot;0&quot;,&quot;end_rotate&quot;:&quot;30&quot;,&quot;initial_blur&quot;:&quot;0&quot;,&quot;end_blur&quot;:&quot;3&quot;,&quot;start_element&quot;:&quot;top&quot;,&quot;start_viewport&quot;:&quot;bottom&quot;,&quot;end_element&quot;:&quot;bottom&quot;,&quot;end_viewport&quot;:&quot;top&quot;,&quot;mouse_effect&quot;:&quot;track&quot;,&quot;mouse_effect_direction&quot;:&quot;opposite&quot;,&quot;mouse_effect_speed&quot;:&quot;2&quot;,&quot;infinite_animation&quot;:&quot;float&quot;,&quot;infinite_animation_speed&quot;:&quot;2&quot;}]\" data-scroll-devices=\"small-visibility,medium-visibility,large-visibility\"><div class=\"fusion-column-wrapper fusion-column-has-shadow fusion-flex-justify-content-flex-start fusion-content-layout-block\"><div class=\"fusion-title title fusion-title-5 fusion-sep-none fusion-title-text fusion-title-size-two\" style=\"--awb-text-color:var(--awb-color6);--awb-margin-right:16px;--awb-margin-bottom:0px;--awb-margin-left:16px;--awb-font-size:24px;\"><h2 class=\"title-heading-left\" style=\"margin:0;font-size:1em;line-height:28px;\"><div id=\"u21_div\" class=\"\">Comisia sport si tineret<\/div><\/h2><\/div><div class=\"fusion-text fusion-text-5\" style=\"--awb-margin-right:16px;--awb-margin-left:16px;\"><h6 style=\"font-size: 18px; font-weight: 600; margin-top: 0px;\">Comisia patrimoniu<\/h6>\n<p>Comisia de sport \u0219i tineret din cadrul consiliului local joac\u0103 un rol crucial \u00een promovarea activit\u0103\u021bilor sportive \u0219i a programelor destinate tinerilor. Comisia elaboreaz\u0103 strategii \u0219i programe pentru dezvoltarea sportului la nivel local, sprijinind cluburile sportive \u0219i evenimentele competi\u021bionale.Colaboreaz\u0103 cu \u0219coli, asocia\u021bii sportive \u0219i organiza\u021bii non-guvernamentale pentru a organiza evenimente \u0219i activit\u0103\u021bi care s\u0103 \u00eencurajeze participarea tinerilor la sport \u0219i la via\u021ba comunit\u0103\u021bii.Comisia poate propune alocarea de fonduri pentru proiecte de sport \u0219i tineret, evalu\u00e2nd cererile de finan\u021bare venite din partea organiza\u021biilor locale.<\/p>\n<p><strong>Componenta comisiei<\/strong>:<\/p>\n<p>&#8211; Nume Persoana<br \/>\n&#8211; Nume Persoana<br \/>\n&#8211; Nume Persoana<br \/>\n&#8211; Nume Persoana<br \/>\n&#8211; Nume Persoana<br \/>\n&#8211; Nume Persoana<\/p>\n<\/div><\/div><\/div><div class=\"fusion-layout-column fusion_builder_column fusion-builder-column-7 fusion_builder_column_1_2 1_2 fusion-flex-column fusion-flex-align-self-center card-shadow\" style=\"--awb-padding-top:100pxpx;--awb-padding-bottom:100px;--awb-overflow:hidden;--awb-bg-color:var(--awb-color1);--awb-bg-color-hover:var(--awb-color1);--awb-bg-size:cover;--awb-border-radius:8px 8px 8px 8px;--awb-width-large:50%;--awb-margin-top-large:0px;--awb-spacing-right-large:3.84%;--awb-margin-bottom-large:20px;--awb-spacing-left-large:3.84%;--awb-width-medium:50%;--awb-order-medium:0;--awb-spacing-right-medium:3.84%;--awb-spacing-left-medium:3.84%;--awb-width-small:100%;--awb-order-small:0;--awb-spacing-right-small:1.92%;--awb-spacing-left-small:1.92%;\" data-motion-effects=\"[{&quot;type&quot;:&quot;&quot;,&quot;scroll_type&quot;:&quot;transition&quot;,&quot;scroll_direction&quot;:&quot;up&quot;,&quot;transition_speed&quot;:&quot;1&quot;,&quot;fade_type&quot;:&quot;in&quot;,&quot;scale_type&quot;:&quot;up&quot;,&quot;initial_scale&quot;:&quot;1&quot;,&quot;max_scale&quot;:&quot;1.5&quot;,&quot;min_scale&quot;:&quot;0.5&quot;,&quot;initial_rotate&quot;:&quot;0&quot;,&quot;end_rotate&quot;:&quot;30&quot;,&quot;initial_blur&quot;:&quot;0&quot;,&quot;end_blur&quot;:&quot;3&quot;,&quot;start_element&quot;:&quot;top&quot;,&quot;start_viewport&quot;:&quot;bottom&quot;,&quot;end_element&quot;:&quot;bottom&quot;,&quot;end_viewport&quot;:&quot;top&quot;,&quot;mouse_effect&quot;:&quot;track&quot;,&quot;mouse_effect_direction&quot;:&quot;opposite&quot;,&quot;mouse_effect_speed&quot;:&quot;2&quot;,&quot;infinite_animation&quot;:&quot;float&quot;,&quot;infinite_animation_speed&quot;:&quot;2&quot;}]\" data-scroll-devices=\"small-visibility,medium-visibility,large-visibility\"><div class=\"fusion-column-wrapper fusion-column-has-shadow fusion-flex-justify-content-flex-start fusion-content-layout-block\"><div class=\"fusion-title title fusion-title-6 fusion-sep-none fusion-title-text fusion-title-size-two\" style=\"--awb-text-color:var(--awb-color6);--awb-margin-right:16px;--awb-margin-bottom:0px;--awb-margin-left:16px;--awb-font-size:24px;\"><h2 class=\"title-heading-left\" style=\"margin:0;font-size:1em;line-height:28px;\">Comisia educatie<\/h2><\/div><div class=\"fusion-text fusion-text-6\" style=\"--awb-margin-right:16px;--awb-margin-left:16px;\"><h6 style=\"font-size: 18px; font-weight: 600; margin-top: 0px;\">Comisia patrimoniu<\/h6>\n<p>Comisia de educa\u021bie din cadrul consiliului local are un rol esen\u021bial \u00een formularea \u0219i implementarea politicilor educa\u021bionale la nivel local.Comisia analizeaz\u0103 starea \u00eenv\u0103\u021b\u0103m\u00e2ntului din localitate, inclusiv calitatea educa\u021biei \u0219i resursele disponibile.Propune \u0219i sus\u021bine programe \u0219i proiecte care s\u0103 sprijine educa\u021bia, inclusiv activit\u0103\u021bi extracurriculare \u0219i ini\u021biative de incluziune.Colaboreaz\u0103 cu \u0219coli, gr\u0103dini\u021be, colegii \u0219i universit\u0103\u021bi pentru a asigura o comunicare eficient\u0103 \u00eentre autorit\u0103\u021bile locale \u0219i institu\u021biile de educa\u021bie.<\/p>\n<p><strong>Componenta comisiei<\/strong>:<\/p>\n<p>&#8211; Nume Persoana<br \/>\n&#8211; Nume Persoana<br \/>\n&#8211; Nume Persoana<br \/>\n&#8211; Nume Persoana<br \/>\n&#8211; Nume Persoana<br \/>\n&#8211; Nume Persoana<\/p>\n<\/div><\/div><\/div><\/div><\/div><\/p>\n","protected":false},"excerpt":{"rendered":"","protected":false},"author":3,"featured_media":0,"parent":355,"menu_order":0,"comment_status":"closed","ping_status":"closed","template":"100-width.php","meta":{"_acf_changed":false,"footnotes":""},"acf":[],"_links":{"self":[{"href":"https:\/\/primaria-online.primaria.eu\/malu-cu-flori\/wp-json\/wp\/v2\/pages\/484"}],"collection":[{"href":"https:\/\/primaria-online.primaria.eu\/malu-cu-flori\/wp-json\/wp\/v2\/pages"}],"about":[{"href":"https:\/\/primaria-online.primaria.eu\/malu-cu-flori\/wp-json\/wp\/v2\/types\/page"}],"author":[{"embeddable":true,"href":"https:\/\/primaria-online.primaria.eu\/malu-cu-flori\/wp-json\/wp\/v2\/users\/3"}],"replies":[{"embeddable":true,"href":"https:\/\/primaria-online.primaria.eu\/malu-cu-flori\/wp-json\/wp\/v2\/comments?post=484"}],"version-history":[{"count":5,"href":"https:\/\/primaria-online.primaria.eu\/malu-cu-flori\/wp-json\/wp\/v2\/pages\/484\/revisions"}],"predecessor-version":[{"id":1151,"href":"https:\/\/primaria-online.primaria.eu\/malu-cu-flori\/wp-json\/wp\/v2\/pages\/484\/revisions\/1151"}],"up":[{"embeddable":true,"href":"https:\/\/primaria-online.primaria.eu\/malu-cu-flori\/wp-json\/wp\/v2\/pages\/355"}],"wp:attachment":[{"href":"https:\/\/primaria-online.primaria.eu\/malu-cu-flori\/wp-json\/wp\/v2\/media?parent=484"}],"curies":[{"name":"wp","href":"https:\/\/api.w.org\/{rel}","templated":true}]}}