{"id":1540,"date":"2025-08-05T11:32:35","date_gmt":"2025-08-05T11:32:35","guid":{"rendered":"https:\/\/primaria-online.primaria.eu\/malu-cu-flori\/?page_id=1540"},"modified":"2025-08-05T11:35:05","modified_gmt":"2025-08-05T11:35:05","slug":"linkul-pentru-anulare-a-expirat","status":"publish","type":"page","link":"https:\/\/primaria-online.primaria.eu\/malu-cu-flori\/linkul-pentru-anulare-a-expirat\/","title":{"rendered":"Linkul pentru anulare a expirat"},"content":{"rendered":"<div class=\"fusion-fullwidth fullwidth-box fusion-builder-row-1 fusion-flex-container has-pattern-background has-mask-background nonhundred-percent-fullwidth non-hundred-percent-height-scrolling\" style=\"--awb-border-radius-top-left:0px;--awb-border-radius-top-right:0px;--awb-border-radius-bottom-right:0px;--awb-border-radius-bottom-left:0px;\" ><div class=\"fusion-builder-row fusion-row fusion-flex-align-items-flex-start\" style=\"max-width:1248px;margin-left: calc(-4% \/ 2 );margin-right: calc(-4% \/ 2 );\"><div class=\"fusion-layout-column fusion_builder_column fusion-builder-column-0 fusion_builder_column_1_5 1_5 fusion-flex-column\" style=\"--awb-bg-size:cover;--awb-width-large:20%;--awb-margin-top-large:0px;--awb-spacing-right-large:9.6%;--awb-margin-bottom-large:20px;--awb-spacing-left-large:9.6%;--awb-width-medium:20%;--awb-order-medium:0;--awb-spacing-right-medium:9.6%;--awb-spacing-left-medium:9.6%;--awb-width-small:100%;--awb-order-small:0;--awb-spacing-right-small:1.92%;--awb-spacing-left-small:1.92%;\"><div class=\"fusion-column-wrapper fusion-column-has-shadow fusion-flex-justify-content-flex-start fusion-content-layout-column\"><\/div><\/div><div class=\"fusion-layout-column fusion_builder_column fusion-builder-column-1 fusion_builder_column_3_5 3_5 fusion-flex-column\" style=\"--awb-bg-size:cover;--awb-width-large:60%;--awb-margin-top-large:0px;--awb-spacing-right-large:3.2%;--awb-margin-bottom-large:20px;--awb-spacing-left-large:3.2%;--awb-width-medium:60%;--awb-order-medium:0;--awb-spacing-right-medium:3.2%;--awb-spacing-left-medium:3.2%;--awb-width-small:100%;--awb-order-small:0;--awb-spacing-right-small:1.92%;--awb-spacing-left-small:1.92%;\"><div class=\"fusion-column-wrapper fusion-column-has-shadow fusion-flex-justify-content-flex-start fusion-content-layout-column\"><div class=\"fusion-text fusion-text-1\"><h3 style=\"text-align: center;\">Linkul de anulare al programarii este expirat!<\/h3>\n<p style=\"text-align: center;\"><span style=\"text-decoration: underline;\">Dac\u0103 dori\u021bi s\u0103 anulati programarea v\u0103 rug\u0103m s\u0103 sunati la numarul de telefon <span data-teams=\"true\">0245.670.114<\/span><span data-teams=\"true\">\u00a0<\/span> sau sa trimiteti un email pe adresa: <span data-teams=\"true\">primaria@malucuflori.ro<\/span><\/span><\/p>\n<\/div><\/div><\/div><div class=\"fusion-layout-column fusion_builder_column fusion-builder-column-2 fusion_builder_column_1_5 1_5 fusion-flex-column\" style=\"--awb-bg-size:cover;--awb-width-large:20%;--awb-margin-top-large:0px;--awb-spacing-right-large:9.6%;--awb-margin-bottom-large:20px;--awb-spacing-left-large:9.6%;--awb-width-medium:20%;--awb-order-medium:0;--awb-spacing-right-medium:9.6%;--awb-spacing-left-medium:9.6%;--awb-width-small:100%;--awb-order-small:0;--awb-spacing-right-small:1.92%;--awb-spacing-left-small:1.92%;\"><div class=\"fusion-column-wrapper fusion-column-has-shadow fusion-flex-justify-content-flex-start fusion-content-layout-column\"><\/div><\/div><\/div><\/div>\n","protected":false},"excerpt":{"rendered":"","protected":false},"author":3,"featured_media":0,"parent":0,"menu_order":0,"comment_status":"closed","ping_status":"closed","template":"100-width.php","meta":{"_acf_changed":false,"footnotes":""},"acf":[],"_links":{"self":[{"href":"https:\/\/primaria-online.primaria.eu\/malu-cu-flori\/wp-json\/wp\/v2\/pages\/1540"}],"collection":[{"href":"https:\/\/primaria-online.primaria.eu\/malu-cu-flori\/wp-json\/wp\/v2\/pages"}],"about":[{"href":"https:\/\/primaria-online.primaria.eu\/malu-cu-flori\/wp-json\/wp\/v2\/types\/page"}],"author":[{"embeddable":true,"href":"https:\/\/primaria-online.primaria.eu\/malu-cu-flori\/wp-json\/wp\/v2\/users\/3"}],"replies":[{"embeddable":true,"href":"https:\/\/primaria-online.primaria.eu\/malu-cu-flori\/wp-json\/wp\/v2\/comments?post=1540"}],"version-history":[{"count":3,"href":"https:\/\/primaria-online.primaria.eu\/malu-cu-flori\/wp-json\/wp\/v2\/pages\/1540\/revisions"}],"predecessor-version":[{"id":1543,"href":"https:\/\/primaria-online.primaria.eu\/malu-cu-flori\/wp-json\/wp\/v2\/pages\/1540\/revisions\/1543"}],"wp:attachment":[{"href":"https:\/\/primaria-online.primaria.eu\/malu-cu-flori\/wp-json\/wp\/v2\/media?parent=1540"}],"curies":[{"name":"wp","href":"https:\/\/api.w.org\/{rel}","templated":true}]}}