{"id":1275,"date":"2024-11-15T12:36:46","date_gmt":"2024-11-15T12:36:46","guid":{"rendered":"https:\/\/primaria-online.primaria.eu\/malu-cu-flori\/?page_id=1275"},"modified":"2024-12-02T07:45:54","modified_gmt":"2024-12-02T07:45:54","slug":"spatii-verzi","status":"publish","type":"page","link":"https:\/\/primaria-online.primaria.eu\/malu-cu-flori\/servicii-publice\/spatii-verzi\/","title":{"rendered":"Spatii verzi"},"content":{"rendered":"<div class=\"fusion-fullwidth fullwidth-box fusion-builder-row-1 fusion-flex-container has-pattern-background has-mask-background nonhundred-percent-fullwidth non-hundred-percent-height-scrolling\" style=\"--awb-border-radius-top-left:0px;--awb-border-radius-top-right:0px;--awb-border-radius-bottom-right:0px;--awb-border-radius-bottom-left:0px;\" ><div class=\"fusion-builder-row fusion-row fusion-flex-align-items-flex-start\" style=\"max-width:1248px;margin-left: calc(-4% \/ 2 );margin-right: calc(-4% \/ 2 );\"><div class=\"fusion-layout-column fusion_builder_column fusion-builder-column-0 fusion_builder_column_1_1 1_1 fusion-flex-column\" style=\"--awb-bg-size:cover;--awb-width-large:100%;--awb-margin-top-large:0px;--awb-spacing-right-large:1.92%;--awb-margin-bottom-large:20px;--awb-spacing-left-large:1.92%;--awb-width-medium:100%;--awb-order-medium:0;--awb-spacing-right-medium:1.92%;--awb-spacing-left-medium:1.92%;--awb-width-small:100%;--awb-order-small:0;--awb-spacing-right-small:1.92%;--awb-spacing-left-small:1.92%;\"><div class=\"fusion-column-wrapper fusion-column-has-shadow fusion-flex-justify-content-flex-start fusion-content-layout-column\"><div class=\"fusion-text fusion-text-1\"><p><strong>Descriere:<\/strong><br \/>\nServiciul de Administrare a Spa\u021biilor Verzi al Prim\u0103riei Ora\u0219ului [Nume Ora\u0219] are ca scop \u00eentre\u021binerea, dezvoltarea \u0219i protejarea zonelor verzi din ora\u0219. Prin proiecte moderne \u0219i sustenabile, acest serviciu contribuie la crearea unui mediu curat \u0219i s\u0103n\u0103tos, oferind locuitorilor oportunit\u0103\u021bi pentru relaxare \u0219i recreere.<\/p>\n<hr \/>\n<h4><strong>Responsabilit\u0103\u021bi principale:<\/strong><\/h4>\n<ol>\n<li><strong>\u00centre\u021binerea spa\u021biilor verzi:<\/strong>\n<ul>\n<li>Cur\u0103\u021barea, plantarea \u0219i \u00eentre\u021binerea gazonului, arborilor \u0219i florilor.<\/li>\n<li>Igienizarea \u0219i eliminarea de\u0219eurilor din parcuri \u0219i zonele verzi.<\/li>\n<li>Tratarea \u0219i \u00eengrijirea arborilor pentru prevenirea bolilor \u0219i a d\u0103un\u0103torilor.<\/li>\n<\/ul>\n<\/li>\n<li><strong>Amenajarea \u0219i modernizarea parcurilor:<\/strong>\n<ul>\n<li>Construirea \u0219i reabilitarea aleilor, locurilor de joac\u0103 \u0219i spa\u021biilor de relaxare.<\/li>\n<li>Instalarea de mobilier urban (b\u0103nci, co\u0219uri de gunoi, foi\u0219oare).<\/li>\n<li>Crearea de zone tematice (gr\u0103dini botanice, gr\u0103dini senzoriale).<\/li>\n<\/ul>\n<\/li>\n<li><strong>Extinderea zonelor verzi:<\/strong>\n<ul>\n<li>Identificarea \u0219i amenajarea de noi spa\u021bii pentru parcuri \u0219i gr\u0103dini publice.<\/li>\n<li>Promovarea proiectelor de \u00eemp\u0103durire urban\u0103.<\/li>\n<\/ul>\n<\/li>\n<li><strong>Educa\u021bie ecologic\u0103:<\/strong>\n<ul>\n<li>Organizarea de evenimente pentru promovarea protec\u021biei mediului.<\/li>\n<li>Campanii de plantare cu implicarea comunit\u0103\u021bii \u0219i a \u0219colilor.<\/li>\n<\/ul>\n<\/li>\n<li><strong>Colaborare cu alte institu\u021bii:<\/strong>\n<ul>\n<li>Parteneriate pentru accesarea fondurilor europene dedicate dezvolt\u0103rii spa\u021biilor verzi.<\/li>\n<li>Colaborarea cu ONG-uri pentru ini\u021biative ecologice \u0219i proiecte.<\/li>\n<\/ul>\n<\/li>\n<\/ol>\n<\/div><\/div><\/div><\/div><\/div>\n","protected":false},"excerpt":{"rendered":"","protected":false},"author":10,"featured_media":0,"parent":21,"menu_order":0,"comment_status":"closed","ping_status":"closed","template":"100-width.php","meta":{"_acf_changed":false,"footnotes":""},"acf":[],"_links":{"self":[{"href":"https:\/\/primaria-online.primaria.eu\/malu-cu-flori\/wp-json\/wp\/v2\/pages\/1275"}],"collection":[{"href":"https:\/\/primaria-online.primaria.eu\/malu-cu-flori\/wp-json\/wp\/v2\/pages"}],"about":[{"href":"https:\/\/primaria-online.primaria.eu\/malu-cu-flori\/wp-json\/wp\/v2\/types\/page"}],"author":[{"embeddable":true,"href":"https:\/\/primaria-online.primaria.eu\/malu-cu-flori\/wp-json\/wp\/v2\/users\/10"}],"replies":[{"embeddable":true,"href":"https:\/\/primaria-online.primaria.eu\/malu-cu-flori\/wp-json\/wp\/v2\/comments?post=1275"}],"version-history":[{"count":2,"href":"https:\/\/primaria-online.primaria.eu\/malu-cu-flori\/wp-json\/wp\/v2\/pages\/1275\/revisions"}],"predecessor-version":[{"id":1301,"href":"https:\/\/primaria-online.primaria.eu\/malu-cu-flori\/wp-json\/wp\/v2\/pages\/1275\/revisions\/1301"}],"up":[{"embeddable":true,"href":"https:\/\/primaria-online.primaria.eu\/malu-cu-flori\/wp-json\/wp\/v2\/pages\/21"}],"wp:attachment":[{"href":"https:\/\/primaria-online.primaria.eu\/malu-cu-flori\/wp-json\/wp\/v2\/media?parent=1275"}],"curies":[{"name":"wp","href":"https:\/\/api.w.org\/{rel}","templated":true}]}}