{"id":1272,"date":"2024-11-15T12:34:27","date_gmt":"2024-11-15T12:34:27","guid":{"rendered":"https:\/\/primaria-online.primaria.eu\/malu-cu-flori\/?page_id=1272"},"modified":"2024-12-02T07:42:42","modified_gmt":"2024-12-02T07:42:42","slug":"patrimoniu","status":"publish","type":"page","link":"https:\/\/primaria-online.primaria.eu\/malu-cu-flori\/servicii-publice\/patrimoniu\/","title":{"rendered":"Patrimoniu"},"content":{"rendered":"<div class=\"fusion-fullwidth fullwidth-box fusion-builder-row-1 fusion-flex-container has-pattern-background has-mask-background nonhundred-percent-fullwidth non-hundred-percent-height-scrolling\" style=\"--awb-border-radius-top-left:0px;--awb-border-radius-top-right:0px;--awb-border-radius-bottom-right:0px;--awb-border-radius-bottom-left:0px;\" ><div class=\"fusion-builder-row fusion-row fusion-flex-align-items-flex-start\" style=\"max-width:1248px;margin-left: calc(-4% \/ 2 );margin-right: calc(-4% \/ 2 );\"><div class=\"fusion-layout-column fusion_builder_column fusion-builder-column-0 fusion_builder_column_1_1 1_1 fusion-flex-column\" style=\"--awb-bg-size:cover;--awb-width-large:100%;--awb-margin-top-large:0px;--awb-spacing-right-large:1.92%;--awb-margin-bottom-large:20px;--awb-spacing-left-large:1.92%;--awb-width-medium:100%;--awb-order-medium:0;--awb-spacing-right-medium:1.92%;--awb-spacing-left-medium:1.92%;--awb-width-small:100%;--awb-order-small:0;--awb-spacing-right-small:1.92%;--awb-spacing-left-small:1.92%;\"><div class=\"fusion-column-wrapper fusion-column-has-shadow fusion-flex-justify-content-flex-start fusion-content-layout-column\"><div class=\"fusion-text fusion-text-1\"><p>Serviciul de Administrare a Patrimoniului din cadrul Prim\u0103riei Ora\u0219ului [Nume Ora\u0219] gestioneaz\u0103 \u0219i valorific\u0103 resursele \u0219i bunurile aflate \u00een proprietatea public\u0103 \u0219i privat\u0103 a ora\u0219ului. Prin administrare eficient\u0103 \u0219i transparent\u0103, acest serviciu contribuie la dezvoltarea durabil\u0103 a comunit\u0103\u021bii \u0219i la cre\u0219terea valorii patrimoniului local.<\/p>\n<hr \/>\n<h4><strong>Responsabilit\u0103\u021bi principale:<\/strong><\/h4>\n<ol>\n<li><strong>Eviden\u021ba \u0219i gestionarea patrimoniului local:<\/strong>\n<ul>\n<li>Inventarierea \u0219i actualizarea periodic\u0103 a bunurilor din proprietatea public\u0103 \u0219i privat\u0103 a ora\u0219ului.<\/li>\n<li>Monitorizarea \u0219i \u00eentre\u021binerea cl\u0103dirilor, terenurilor \u0219i altor bunuri aflate \u00een administrarea Prim\u0103riei.<\/li>\n<\/ul>\n<\/li>\n<li><strong>Valorificarea resurselor patrimoniale:<\/strong>\n<ul>\n<li>\u00cenchirierea sau concesionarea spa\u021biilor \u0219i terenurilor publice.<\/li>\n<li>Organizarea licita\u021biilor pentru valorificarea bunurilor.<\/li>\n<li>Sprijinirea ini\u021biativelor care contribuie la dezvoltarea economic\u0103 \u0219i turistic\u0103 a ora\u0219ului.<\/li>\n<\/ul>\n<\/li>\n<li><strong>Proiecte de reabilitare \u0219i modernizare:<\/strong>\n<ul>\n<li>Restaurarea \u0219i protejarea cl\u0103dirilor de patrimoniu istoric \u0219i cultural.<\/li>\n<li>Modernizarea infrastructurii publice, cum ar fi pie\u021bele, parcurile \u0219i cl\u0103dirile administrative.<\/li>\n<\/ul>\n<\/li>\n<li><strong>Protec\u021bia \u0219i conservarea patrimoniului:<\/strong>\n<ul>\n<li>Implementarea m\u0103surilor pentru prevenirea degrad\u0103rii bunurilor publice.<\/li>\n<li>Colaborarea cu organiza\u021bii culturale \u0219i institu\u021bii pentru protejarea monumentelor istorice.<\/li>\n<\/ul>\n<\/li>\n<li><strong>Colaborare interinstitu\u021bional\u0103:<\/strong>\n<ul>\n<li>Gestionarea rela\u021biilor cu institu\u021biile jude\u021bene \u0219i na\u021bionale privind patrimoniul cultural.<\/li>\n<li>Accesarea fondurilor europene pentru proiectele de patrimoniu.<\/li>\n<\/ul>\n<\/li>\n<\/ol>\n<\/div><\/div><\/div><\/div><\/div>\n","protected":false},"excerpt":{"rendered":"","protected":false},"author":10,"featured_media":0,"parent":21,"menu_order":0,"comment_status":"closed","ping_status":"closed","template":"100-width.php","meta":{"_acf_changed":false,"footnotes":""},"acf":[],"_links":{"self":[{"href":"https:\/\/primaria-online.primaria.eu\/malu-cu-flori\/wp-json\/wp\/v2\/pages\/1272"}],"collection":[{"href":"https:\/\/primaria-online.primaria.eu\/malu-cu-flori\/wp-json\/wp\/v2\/pages"}],"about":[{"href":"https:\/\/primaria-online.primaria.eu\/malu-cu-flori\/wp-json\/wp\/v2\/types\/page"}],"author":[{"embeddable":true,"href":"https:\/\/primaria-online.primaria.eu\/malu-cu-flori\/wp-json\/wp\/v2\/users\/10"}],"replies":[{"embeddable":true,"href":"https:\/\/primaria-online.primaria.eu\/malu-cu-flori\/wp-json\/wp\/v2\/comments?post=1272"}],"version-history":[{"count":2,"href":"https:\/\/primaria-online.primaria.eu\/malu-cu-flori\/wp-json\/wp\/v2\/pages\/1272\/revisions"}],"predecessor-version":[{"id":1299,"href":"https:\/\/primaria-online.primaria.eu\/malu-cu-flori\/wp-json\/wp\/v2\/pages\/1272\/revisions\/1299"}],"up":[{"embeddable":true,"href":"https:\/\/primaria-online.primaria.eu\/malu-cu-flori\/wp-json\/wp\/v2\/pages\/21"}],"wp:attachment":[{"href":"https:\/\/primaria-online.primaria.eu\/malu-cu-flori\/wp-json\/wp\/v2\/media?parent=1272"}],"curies":[{"name":"wp","href":"https:\/\/api.w.org\/{rel}","templated":true}]}}