{"id":1260,"date":"2024-11-15T12:19:33","date_gmt":"2024-11-15T12:19:33","guid":{"rendered":"https:\/\/primaria-online.primaria.eu\/malu-cu-flori\/?page_id=1260"},"modified":"2024-12-02T07:47:54","modified_gmt":"2024-12-02T07:47:54","slug":"serviciul-pentru-protectia-mediului-primaria-orasului-nume-oras","status":"publish","type":"page","link":"https:\/\/primaria-online.primaria.eu\/malu-cu-flori\/servicii-publice\/serviciul-pentru-protectia-mediului-primaria-orasului-nume-oras\/","title":{"rendered":"Mediu"},"content":{"rendered":"<div class=\"fusion-fullwidth fullwidth-box fusion-builder-row-1 fusion-flex-container has-pattern-background has-mask-background nonhundred-percent-fullwidth non-hundred-percent-height-scrolling\" style=\"--awb-border-radius-top-left:0px;--awb-border-radius-top-right:0px;--awb-border-radius-bottom-right:0px;--awb-border-radius-bottom-left:0px;\" ><div class=\"fusion-builder-row fusion-row fusion-flex-align-items-flex-start\" style=\"max-width:1248px;margin-left: calc(-4% \/ 2 );margin-right: calc(-4% \/ 2 );\"><div class=\"fusion-layout-column fusion_builder_column fusion-builder-column-0 fusion_builder_column_1_1 1_1 fusion-flex-column\" style=\"--awb-bg-size:cover;--awb-width-large:100%;--awb-margin-top-large:0px;--awb-spacing-right-large:1.92%;--awb-margin-bottom-large:20px;--awb-spacing-left-large:1.92%;--awb-width-medium:100%;--awb-order-medium:0;--awb-spacing-right-medium:1.92%;--awb-spacing-left-medium:1.92%;--awb-width-small:100%;--awb-order-small:0;--awb-spacing-right-small:1.92%;--awb-spacing-left-small:1.92%;\"><div class=\"fusion-column-wrapper fusion-column-has-shadow fusion-flex-justify-content-flex-start fusion-content-layout-column\"><div class=\"fusion-text fusion-text-1\"><p><strong>Descriere:<\/strong><br \/>\nPrim\u0103ria Ora\u0219ului [Nume Ora\u0219] este angajat\u0103 s\u0103 promoveze un mediu curat, s\u0103n\u0103tos \u0219i sustenabil pentru locuitorii s\u0103i. Prin ini\u021biative ecologice, proiecte de infrastructur\u0103 verde \u0219i colabor\u0103ri cu organiza\u021bii de mediu, Prim\u0103ria contribuie la protejarea resurselor naturale \u0219i la \u00eembun\u0103t\u0103\u021birea calit\u0103\u021bii vie\u021bii.<\/p>\n<hr \/>\n<h4><strong>Responsabilit\u0103\u021bi principale:<\/strong><\/h4>\n<ol>\n<li><strong>Gestionarea de\u0219eurilor:<\/strong>\n<ul>\n<li>Implementarea unui sistem eficient de colectare selectiv\u0103.<\/li>\n<li>Organizarea campaniilor de reciclare.<\/li>\n<li>Monitorizarea \u0219i reducerea depozitelor ilegale de de\u0219euri.<\/li>\n<\/ul>\n<\/li>\n<li><strong>Reabilitarea \u0219i extinderea spa\u021biilor verzi:<\/strong>\n<ul>\n<li>Plantarea de arbori \u0219i \u00eentre\u021binerea parcurilor.<\/li>\n<li>Crearea de noi zone verzi \u0219i gr\u0103dini urbane.<\/li>\n<li>Reabilitarea spa\u021biilor verzi deteriorate din ora\u0219.<\/li>\n<\/ul>\n<\/li>\n<li><strong>Combaterea polu\u0103rii:<\/strong>\n<ul>\n<li>Monitorizarea calit\u0103\u021bii aerului, apei \u0219i solului.<\/li>\n<li>Reducerea emisiilor de gaze cu efect de ser\u0103 prin sus\u021binerea transportului verde.<\/li>\n<li>Campanii de con\u0219tientizare privind poluarea fonic\u0103 \u0219i vizual\u0103.<\/li>\n<\/ul>\n<\/li>\n<li><strong>Programe de educa\u021bie ecologic\u0103:<\/strong>\n<ul>\n<li>Organizarea de activit\u0103\u021bi \u00een \u0219coli pentru a promova respectul fa\u021b\u0103 de natur\u0103.<\/li>\n<li>Campanii publice pentru utilizarea resurselor \u00een mod responsabil.<\/li>\n<li>Parteneriate cu ONG-uri pentru ateliere \u0219i cursuri ecologice.<\/li>\n<\/ul>\n<\/li>\n<li><strong>Prevenirea \u0219i gestionarea dezastrelor naturale:<\/strong>\n<ul>\n<li>Lucr\u0103ri de prevenire a inunda\u021biilor \u0219i alunec\u0103rilor de teren.<\/li>\n<li>Monitorizarea \u0219i protejarea biodiversit\u0103\u021bii locale.<\/li>\n<\/ul>\n<\/li>\n<li><strong>Proiecte de energie regenerabil\u0103 \u0219i sustenabilitate:<\/strong>\n<ul>\n<li>Instalarea de panouri solare pe cl\u0103dirile publice.<\/li>\n<li>Promovarea utiliz\u0103rii energiei verzi \u00een gospod\u0103rii.<\/li>\n<li>Sprijinirea proiectelor de eficien\u021b\u0103 energetic\u0103.<\/li>\n<\/ul>\n<\/li>\n<\/ol>\n<\/div><\/div><\/div><\/div><\/div>\n","protected":false},"excerpt":{"rendered":"","protected":false},"author":10,"featured_media":0,"parent":21,"menu_order":0,"comment_status":"closed","ping_status":"closed","template":"100-width.php","meta":{"_acf_changed":false,"footnotes":""},"acf":[],"_links":{"self":[{"href":"https:\/\/primaria-online.primaria.eu\/malu-cu-flori\/wp-json\/wp\/v2\/pages\/1260"}],"collection":[{"href":"https:\/\/primaria-online.primaria.eu\/malu-cu-flori\/wp-json\/wp\/v2\/pages"}],"about":[{"href":"https:\/\/primaria-online.primaria.eu\/malu-cu-flori\/wp-json\/wp\/v2\/types\/page"}],"author":[{"embeddable":true,"href":"https:\/\/primaria-online.primaria.eu\/malu-cu-flori\/wp-json\/wp\/v2\/users\/10"}],"replies":[{"embeddable":true,"href":"https:\/\/primaria-online.primaria.eu\/malu-cu-flori\/wp-json\/wp\/v2\/comments?post=1260"}],"version-history":[{"count":5,"href":"https:\/\/primaria-online.primaria.eu\/malu-cu-flori\/wp-json\/wp\/v2\/pages\/1260\/revisions"}],"predecessor-version":[{"id":1303,"href":"https:\/\/primaria-online.primaria.eu\/malu-cu-flori\/wp-json\/wp\/v2\/pages\/1260\/revisions\/1303"}],"up":[{"embeddable":true,"href":"https:\/\/primaria-online.primaria.eu\/malu-cu-flori\/wp-json\/wp\/v2\/pages\/21"}],"wp:attachment":[{"href":"https:\/\/primaria-online.primaria.eu\/malu-cu-flori\/wp-json\/wp\/v2\/media?parent=1260"}],"curies":[{"name":"wp","href":"https:\/\/api.w.org\/{rel}","templated":true}]}}