{"id":1253,"date":"2024-11-15T12:11:24","date_gmt":"2024-11-15T12:11:24","guid":{"rendered":"https:\/\/primaria-online.primaria.eu\/malu-cu-flori\/?page_id=1253"},"modified":"2025-04-08T10:38:06","modified_gmt":"2025-04-08T10:38:06","slug":"plati-online","status":"publish","type":"page","link":"https:\/\/primaria-online.primaria.eu\/malu-cu-flori\/servicii-online\/plati-online\/","title":{"rendered":"Plati online"},"content":{"rendered":"<div class=\"fusion-fullwidth fullwidth-box fusion-builder-row-1 fusion-flex-container has-pattern-background has-mask-background nonhundred-percent-fullwidth non-hundred-percent-height-scrolling\" style=\"--awb-border-radius-top-left:0px;--awb-border-radius-top-right:0px;--awb-border-radius-bottom-right:0px;--awb-border-radius-bottom-left:0px;\" ><div class=\"fusion-builder-row fusion-row fusion-flex-align-items-flex-start\" style=\"max-width:1248px;margin-left: calc(-4% \/ 2 );margin-right: calc(-4% \/ 2 );\"><div class=\"fusion-layout-column fusion_builder_column fusion-builder-column-0 fusion_builder_column_1_1 1_1 fusion-flex-column\" style=\"--awb-bg-size:cover;--awb-width-large:100%;--awb-margin-top-large:0px;--awb-spacing-right-large:1.92%;--awb-margin-bottom-large:20px;--awb-spacing-left-large:1.92%;--awb-width-medium:100%;--awb-order-medium:0;--awb-spacing-right-medium:1.92%;--awb-spacing-left-medium:1.92%;--awb-width-small:100%;--awb-order-small:0;--awb-spacing-right-small:1.92%;--awb-spacing-left-small:1.92%;\"><div class=\"fusion-column-wrapper fusion-column-has-shadow fusion-flex-justify-content-flex-start fusion-content-layout-column\"><div class=\"fusion-text fusion-text-1\"><h3><strong>Pl\u0103\u021bi Online &#8211; Prim\u0103ria Comunei Malu cu Flori<\/strong><\/h3>\n<p>Pentru a facilita interac\u021biunea cu cet\u0103\u021benii \u0219i pentru a simplifica procesul de achitare a taxelor \u0219i impozitelor, Prim\u0103ria Comunei Malu cu Flori ofer\u0103 un sistem modern de <strong>pl\u0103\u021bi online<\/strong>, accesibil direct pe site-ul oficial al institu\u021biei.<\/p>\n<hr \/>\n<h4><strong>Ce taxe \u0219i pl\u0103\u021bi pot fi efectuate online?<\/strong><\/h4>\n<ol>\n<li><strong>Taxe \u0219i impozite locale:<\/strong>\n<ul>\n<li>Impozitul pe cl\u0103diri<\/li>\n<li>Impozitul pe terenuri<\/li>\n<li>Impozitul pe mijloacele de transport<\/li>\n<\/ul>\n<\/li>\n<li><strong>Amenzi:<\/strong>\n<ul>\n<li>Amenzi contraven\u021bionale<\/li>\n<li>Amenzi emise de Poli\u021bia Local\u0103<\/li>\n<\/ul>\n<\/li>\n<li><strong>Taxe administrative:<\/strong>\n<ul>\n<li>Taxe pentru eliberarea certificatelor \u0219i autoriza\u021biilor<\/li>\n<li>Taxe pentru acte de stare civil\u0103 (certificat de na\u0219tere, c\u0103s\u0103torie, deces)<\/li>\n<\/ul>\n<\/li>\n<li><strong>Chirii \u0219i concesiuni:<\/strong>\n<ul>\n<li>Pl\u0103\u021bi pentru \u00eenchirierea spa\u021biilor publice sau terenurilor<\/li>\n<li>Redeven\u021be pentru concesiuni<\/li>\n<\/ul>\n<\/li>\n<li><strong>Alte pl\u0103\u021bi:<\/strong>\n<ul>\n<li>Taxe de salubritate<\/li>\n<li>Pl\u0103\u021bi pentru parc\u0103ri<\/li>\n<li>Contribu\u021bii locale specifice<\/li>\n<\/ul>\n<\/li>\n<\/ol>\n<\/div><div style=\"text-align:center;\"><a class=\"fusion-button button-flat fusion-button-default-size button-default fusion-button-default button-1 fusion-button-default-span fusion-button-default-type\" target=\"_blank\" rel=\"noopener noreferrer\" href=\"https:\/\/www.ghiseul.ro\/ghiseul\/public\/taxe\"><span class=\"fusion-button-text\">Pl\u0103te\u0219te Online<\/span><\/a><\/div><\/div><\/div><\/div><\/div>\n","protected":false},"excerpt":{"rendered":"","protected":false},"author":10,"featured_media":0,"parent":25,"menu_order":0,"comment_status":"closed","ping_status":"closed","template":"100-width.php","meta":{"_acf_changed":false,"footnotes":""},"acf":[],"_links":{"self":[{"href":"https:\/\/primaria-online.primaria.eu\/malu-cu-flori\/wp-json\/wp\/v2\/pages\/1253"}],"collection":[{"href":"https:\/\/primaria-online.primaria.eu\/malu-cu-flori\/wp-json\/wp\/v2\/pages"}],"about":[{"href":"https:\/\/primaria-online.primaria.eu\/malu-cu-flori\/wp-json\/wp\/v2\/types\/page"}],"author":[{"embeddable":true,"href":"https:\/\/primaria-online.primaria.eu\/malu-cu-flori\/wp-json\/wp\/v2\/users\/10"}],"replies":[{"embeddable":true,"href":"https:\/\/primaria-online.primaria.eu\/malu-cu-flori\/wp-json\/wp\/v2\/comments?post=1253"}],"version-history":[{"count":5,"href":"https:\/\/primaria-online.primaria.eu\/malu-cu-flori\/wp-json\/wp\/v2\/pages\/1253\/revisions"}],"predecessor-version":[{"id":1371,"href":"https:\/\/primaria-online.primaria.eu\/malu-cu-flori\/wp-json\/wp\/v2\/pages\/1253\/revisions\/1371"}],"up":[{"embeddable":true,"href":"https:\/\/primaria-online.primaria.eu\/malu-cu-flori\/wp-json\/wp\/v2\/pages\/25"}],"wp:attachment":[{"href":"https:\/\/primaria-online.primaria.eu\/malu-cu-flori\/wp-json\/wp\/v2\/media?parent=1253"}],"curies":[{"name":"wp","href":"https:\/\/api.w.org\/{rel}","templated":true}]}}