{"id":1250,"date":"2024-11-15T12:08:02","date_gmt":"2024-11-15T12:08:02","guid":{"rendered":"https:\/\/primaria-online.primaria.eu\/malu-cu-flori\/?page_id=1250"},"modified":"2024-12-02T08:14:12","modified_gmt":"2024-12-02T08:14:12","slug":"verificare-stadiu-cerrere","status":"publish","type":"page","link":"https:\/\/primaria-online.primaria.eu\/malu-cu-flori\/servicii-online\/verificare-stadiu-cerrere\/","title":{"rendered":"Verificare stadiu cerere"},"content":{"rendered":"<div class=\"fusion-fullwidth fullwidth-box fusion-builder-row-1 fusion-flex-container has-pattern-background has-mask-background nonhundred-percent-fullwidth non-hundred-percent-height-scrolling\" style=\"--awb-border-radius-top-left:0px;--awb-border-radius-top-right:0px;--awb-border-radius-bottom-right:0px;--awb-border-radius-bottom-left:0px;\" ><div class=\"fusion-builder-row fusion-row fusion-flex-align-items-flex-start\" style=\"max-width:1248px;margin-left: calc(-4% \/ 2 );margin-right: calc(-4% \/ 2 );\"><div class=\"fusion-layout-column fusion_builder_column fusion-builder-column-0 fusion_builder_column_1_1 1_1 fusion-flex-column\" style=\"--awb-bg-size:cover;--awb-width-large:100%;--awb-margin-top-large:0px;--awb-spacing-right-large:1.92%;--awb-margin-bottom-large:20px;--awb-spacing-left-large:1.92%;--awb-width-medium:100%;--awb-order-medium:0;--awb-spacing-right-medium:1.92%;--awb-spacing-left-medium:1.92%;--awb-width-small:100%;--awb-order-small:0;--awb-spacing-right-small:1.92%;--awb-spacing-left-small:1.92%;\"><div class=\"fusion-column-wrapper fusion-column-has-shadow fusion-flex-justify-content-flex-start fusion-content-layout-column\"><div class=\"fusion-text fusion-text-1\"><h4><strong>Cum pute\u021bi verifica stadiul cererii:<\/strong><\/h4>\n<ol>\n<li><strong>Accesarea platformei online<\/strong><br \/>\nVizita\u021bi sec\u021biunea <em>&#8222;Verificare Stadiu Cerere&#8221;<\/em> de pe site-ul oficial al Prim\u0103riei Ora\u0219ului [Nume Ora\u0219].<\/li>\n<li><strong>Telefonic:<\/strong><br \/>\nSuna\u021bi la num\u0103rul de telefon [Num\u0103r Telefon Prim\u0103rie] \u0219i furniza\u021bi operatorului num\u0103rul de \u00eenregistrare al cererii.<\/li>\n<li><strong>email:<\/strong><br \/>\nTrimite\u021bi o solicitare la [Adres\u0103 Email Prim\u0103rie], men\u021bion\u00e2nd num\u0103rul cererii \u0219i datele personale pentru identificare.<\/li>\n<li><strong>La ghi\u0219eu:<\/strong><br \/>\nVizita\u021bi sediul Prim\u0103riei \u0219i adresa\u021bi-v\u0103 Biroului de Rela\u021bii cu Publicul, av\u00e2nd la \u00eendem\u00e2n\u0103 documentele necesare (dovada depunerii cererii).<\/li>\n<\/ol>\n<\/div><\/div><\/div><\/div><\/div>\n","protected":false},"excerpt":{"rendered":"","protected":false},"author":10,"featured_media":0,"parent":25,"menu_order":0,"comment_status":"closed","ping_status":"closed","template":"100-width.php","meta":{"_acf_changed":false,"footnotes":""},"acf":[],"_links":{"self":[{"href":"https:\/\/primaria-online.primaria.eu\/malu-cu-flori\/wp-json\/wp\/v2\/pages\/1250"}],"collection":[{"href":"https:\/\/primaria-online.primaria.eu\/malu-cu-flori\/wp-json\/wp\/v2\/pages"}],"about":[{"href":"https:\/\/primaria-online.primaria.eu\/malu-cu-flori\/wp-json\/wp\/v2\/types\/page"}],"author":[{"embeddable":true,"href":"https:\/\/primaria-online.primaria.eu\/malu-cu-flori\/wp-json\/wp\/v2\/users\/10"}],"replies":[{"embeddable":true,"href":"https:\/\/primaria-online.primaria.eu\/malu-cu-flori\/wp-json\/wp\/v2\/comments?post=1250"}],"version-history":[{"count":5,"href":"https:\/\/primaria-online.primaria.eu\/malu-cu-flori\/wp-json\/wp\/v2\/pages\/1250\/revisions"}],"predecessor-version":[{"id":1310,"href":"https:\/\/primaria-online.primaria.eu\/malu-cu-flori\/wp-json\/wp\/v2\/pages\/1250\/revisions\/1310"}],"up":[{"embeddable":true,"href":"https:\/\/primaria-online.primaria.eu\/malu-cu-flori\/wp-json\/wp\/v2\/pages\/25"}],"wp:attachment":[{"href":"https:\/\/primaria-online.primaria.eu\/malu-cu-flori\/wp-json\/wp\/v2\/media?parent=1250"}],"curies":[{"name":"wp","href":"https:\/\/api.w.org\/{rel}","templated":true}]}}