{"id":1166,"date":"2024-11-07T12:15:04","date_gmt":"2024-11-07T12:15:04","guid":{"rendered":"https:\/\/primaria-online.primaria.eu\/malu-cu-flori\/?page_id=1166"},"modified":"2024-11-07T12:18:15","modified_gmt":"2024-11-07T12:18:15","slug":"sport-si-recreere","status":"publish","type":"page","link":"https:\/\/primaria-online.primaria.eu\/malu-cu-flori\/servicii-publice\/sport-si-recreere\/","title":{"rendered":"Sport si recreere"},"content":{"rendered":"<div class=\"fusion-fullwidth fullwidth-box fusion-builder-row-1 fusion-flex-container has-pattern-background has-mask-background nonhundred-percent-fullwidth non-hundred-percent-height-scrolling\" style=\"--awb-border-radius-top-left:0px;--awb-border-radius-top-right:0px;--awb-border-radius-bottom-right:0px;--awb-border-radius-bottom-left:0px;--awb-padding-top:80px;--awb-padding-bottom:80px;--awb-background-color:#f9fafb;\" ><div class=\"fusion-builder-row fusion-row fusion-flex-align-items-flex-start\" style=\"max-width:1248px;margin-left: calc(-4% \/ 2 );margin-right: calc(-4% \/ 2 );\"><div class=\"fusion-layout-column fusion_builder_column fusion-builder-column-0 fusion_builder_column_2_3 2_3 fusion-flex-column\" style=\"--awb-padding-right:30px;--awb-bg-size:cover;--awb-width-large:66.666666666667%;--awb-margin-top-large:0px;--awb-spacing-right-large:2.88%;--awb-margin-bottom-large:20px;--awb-spacing-left-large:2.88%;--awb-width-medium:66.666666666667%;--awb-order-medium:0;--awb-spacing-right-medium:2.88%;--awb-spacing-left-medium:2.88%;--awb-width-small:100%;--awb-order-small:0;--awb-spacing-right-small:1.92%;--awb-spacing-left-small:1.92%;\" data-motion-effects=\"[{&quot;type&quot;:&quot;&quot;,&quot;scroll_type&quot;:&quot;transition&quot;,&quot;scroll_direction&quot;:&quot;up&quot;,&quot;transition_speed&quot;:&quot;1&quot;,&quot;fade_type&quot;:&quot;in&quot;,&quot;scale_type&quot;:&quot;up&quot;,&quot;initial_scale&quot;:&quot;1&quot;,&quot;max_scale&quot;:&quot;1.5&quot;,&quot;min_scale&quot;:&quot;0.5&quot;,&quot;initial_rotate&quot;:&quot;0&quot;,&quot;end_rotate&quot;:&quot;30&quot;,&quot;initial_blur&quot;:&quot;0&quot;,&quot;end_blur&quot;:&quot;3&quot;,&quot;start_element&quot;:&quot;top&quot;,&quot;start_viewport&quot;:&quot;bottom&quot;,&quot;end_element&quot;:&quot;bottom&quot;,&quot;end_viewport&quot;:&quot;top&quot;,&quot;mouse_effect&quot;:&quot;track&quot;,&quot;mouse_effect_direction&quot;:&quot;opposite&quot;,&quot;mouse_effect_speed&quot;:&quot;2&quot;,&quot;infinite_animation&quot;:&quot;float&quot;,&quot;infinite_animation_speed&quot;:&quot;2&quot;}]\" data-scroll-devices=\"small-visibility,medium-visibility,large-visibility\"><div class=\"fusion-column-wrapper fusion-column-has-shadow fusion-flex-justify-content-flex-start fusion-content-layout-column\"><div class=\"fusion-text fusion-text-1\"><h4><strong>Atribu\u021bii principale:<\/strong><\/h4>\n<ol>\n<li><strong>Administrarea facilit\u0103\u021bilor sportive<\/strong>\n<ul>\n<li>\u00centre\u021binerea \u0219i modernizarea s\u0103lilor de sport, terenurilor \u0219i stadioanelor de pe teritoriul ora\u0219ului<\/li>\n<li>Accesibilizarea spa\u021biilor sportive pentru toate categoriile de v\u00e2rst\u0103 \u0219i abilit\u0103\u021bi<\/li>\n<li>Programarea \u0219i gestionarea activit\u0103\u021bilor desf\u0103\u0219urate \u00een cadrul bazelor sportive<\/li>\n<\/ul>\n<\/li>\n<li><strong>Organizarea evenimentelor sportive \u0219i recreative<\/strong>\n<ul>\n<li>Coordonarea de competi\u021bii locale, turnee \u0219i evenimente sportive de mas\u0103 (maratoane, competi\u021bii \u0219colare)<\/li>\n<li>Colaborarea cu asocia\u021bii sportive pentru organizarea de activit\u0103\u021bi pentru amatori \u0219i profesioni\u0219ti<\/li>\n<li>Promovarea de festivaluri \u0219i evenimente recreative pentru comunitate<\/li>\n<\/ul>\n<\/li>\n<li><strong>Programe de fitness \u0219i s\u0103n\u0103tate<\/strong>\n<ul>\n<li>Lansarea de programe de fitness \u0219i wellness gratuite sau la pre\u021buri accesibile \u00een colaborare cu instructori locali<\/li>\n<li>Organizarea de clase de yoga, pilates \u0219i alte activit\u0103\u021bi de men\u021binere a s\u0103n\u0103t\u0103\u021bii fizice<\/li>\n<li>Implementarea de campanii de informare cu privire la beneficiile activit\u0103\u021bii fizice regulate<\/li>\n<\/ul>\n<\/li>\n<li><strong>Programe pentru copii \u0219i tineri<\/strong>\n<ul>\n<li>Dezvoltarea de tabere de var\u0103 \u0219i activit\u0103\u021bi sportive extra\u0219colare<\/li>\n<li>Programe speciale de ini\u021biere sportiv\u0103 pentru copii, cum ar fi \u00eenot, baschet, fotbal \u0219i alte sporturi de echip\u0103<\/li>\n<li>Parteneriate cu \u0219colile \u0219i liceele pentru sus\u021binerea activit\u0103\u021bilor sportive \u0219colare<\/li>\n<\/ul>\n<\/li>\n<li><strong>Proiecte de integrare \u0219i incluziune social\u0103<\/strong>\n<ul>\n<li>Programe sportive pentru persoanele cu dizabilit\u0103\u021bi, pentru a asigura accesul egal la activit\u0103\u021bile recreative<\/li>\n<li>Evenimente de integrare prin sport pentru grupuri defavorizate<\/li>\n<li>Organizarea de activit\u0103\u021bi care promoveaz\u0103 diversitatea \u0219i incluziunea \u00een comunitate<\/li>\n<\/ul>\n<\/li>\n<li><strong>Dezvoltarea infrastructurii de recreere<\/strong>\n<ul>\n<li>Construirea \u0219i reabilitarea parcurilor, pistelor de biciclete \u0219i traseelor de jogging<\/li>\n<li>Instalarea de echipamente de fitness \u00een aer liber \u00een diverse loca\u021bii ale ora\u0219ului<\/li>\n<li>Crearea de spa\u021bii de joac\u0103 moderne \u0219i sigure pentru copii<\/li>\n<\/ul>\n<\/li>\n<\/ol>\n<\/div><\/div><\/div><div class=\"fusion-layout-column fusion_builder_column fusion-builder-column-1 fusion_builder_column_1_3 1_3 fusion-flex-column fusion-flex-align-self-center\" style=\"--awb-padding-top:100pxpx;--awb-padding-bottom:100px;--awb-bg-size:cover;--awb-width-large:33.333333333333%;--awb-margin-top-large:0px;--awb-spacing-right-large:5.76%;--awb-margin-bottom-large:20px;--awb-spacing-left-large:5.76%;--awb-width-medium:33.333333333333%;--awb-order-medium:0;--awb-spacing-right-medium:5.76%;--awb-spacing-left-medium:5.76%;--awb-width-small:100%;--awb-order-small:0;--awb-spacing-right-small:1.92%;--awb-spacing-left-small:1.92%;\" data-motion-effects=\"[{&quot;type&quot;:&quot;&quot;,&quot;scroll_type&quot;:&quot;transition&quot;,&quot;scroll_direction&quot;:&quot;up&quot;,&quot;transition_speed&quot;:&quot;1&quot;,&quot;fade_type&quot;:&quot;in&quot;,&quot;scale_type&quot;:&quot;up&quot;,&quot;initial_scale&quot;:&quot;1&quot;,&quot;max_scale&quot;:&quot;1.5&quot;,&quot;min_scale&quot;:&quot;0.5&quot;,&quot;initial_rotate&quot;:&quot;0&quot;,&quot;end_rotate&quot;:&quot;30&quot;,&quot;initial_blur&quot;:&quot;0&quot;,&quot;end_blur&quot;:&quot;3&quot;,&quot;start_element&quot;:&quot;top&quot;,&quot;start_viewport&quot;:&quot;bottom&quot;,&quot;end_element&quot;:&quot;bottom&quot;,&quot;end_viewport&quot;:&quot;top&quot;,&quot;mouse_effect&quot;:&quot;track&quot;,&quot;mouse_effect_direction&quot;:&quot;opposite&quot;,&quot;mouse_effect_speed&quot;:&quot;2&quot;,&quot;infinite_animation&quot;:&quot;float&quot;,&quot;infinite_animation_speed&quot;:&quot;2&quot;}]\" data-scroll-devices=\"small-visibility,medium-visibility,large-visibility\"><div class=\"fusion-column-wrapper fusion-column-has-shadow fusion-flex-justify-content-flex-start fusion-content-layout-block\"><div class=\"fusion-image-element fusion-image-align-center in-legacy-container\" style=\"text-align:center;--awb-caption-title-font-family:var(--h2_typography-font-family);--awb-caption-title-font-weight:var(--h2_typography-font-weight);--awb-caption-title-font-style:var(--h2_typography-font-style);--awb-caption-title-size:var(--h2_typography-font-size);--awb-caption-title-transform:var(--h2_typography-text-transform);--awb-caption-title-line-height:var(--h2_typography-line-height);--awb-caption-title-letter-spacing:var(--h2_typography-letter-spacing);\"><div class=\"imageframe-align-center\"><span class=\" fusion-imageframe imageframe-none imageframe-1 hover-type-none img-bgsize-column1-primarii\" class=\"image-magnify\" class=\"image-scroll\"><img decoding=\"async\" src=\"https:\/\/primaria-online.primaria.eu\/malu-cu-flori\/wp-content\/uploads\/sites\/11\/2024\/05\/reg-c-removebg-preview-300x264.png\" alt class=\"img-responsive\"\/><\/span><\/div><\/div><\/div><\/div><\/div><\/div>\n","protected":false},"excerpt":{"rendered":"","protected":false},"author":9,"featured_media":0,"parent":21,"menu_order":0,"comment_status":"closed","ping_status":"closed","template":"100-width.php","meta":{"_acf_changed":false,"footnotes":""},"acf":[],"_links":{"self":[{"href":"https:\/\/primaria-online.primaria.eu\/malu-cu-flori\/wp-json\/wp\/v2\/pages\/1166"}],"collection":[{"href":"https:\/\/primaria-online.primaria.eu\/malu-cu-flori\/wp-json\/wp\/v2\/pages"}],"about":[{"href":"https:\/\/primaria-online.primaria.eu\/malu-cu-flori\/wp-json\/wp\/v2\/types\/page"}],"author":[{"embeddable":true,"href":"https:\/\/primaria-online.primaria.eu\/malu-cu-flori\/wp-json\/wp\/v2\/users\/9"}],"replies":[{"embeddable":true,"href":"https:\/\/primaria-online.primaria.eu\/malu-cu-flori\/wp-json\/wp\/v2\/comments?post=1166"}],"version-history":[{"count":1,"href":"https:\/\/primaria-online.primaria.eu\/malu-cu-flori\/wp-json\/wp\/v2\/pages\/1166\/revisions"}],"predecessor-version":[{"id":1167,"href":"https:\/\/primaria-online.primaria.eu\/malu-cu-flori\/wp-json\/wp\/v2\/pages\/1166\/revisions\/1167"}],"up":[{"embeddable":true,"href":"https:\/\/primaria-online.primaria.eu\/malu-cu-flori\/wp-json\/wp\/v2\/pages\/21"}],"wp:attachment":[{"href":"https:\/\/primaria-online.primaria.eu\/malu-cu-flori\/wp-json\/wp\/v2\/media?parent=1166"}],"curies":[{"name":"wp","href":"https:\/\/api.w.org\/{rel}","templated":true}]}}