{"id":1140,"date":"2024-11-06T09:08:52","date_gmt":"2024-11-06T09:08:52","guid":{"rendered":"https:\/\/primaria-online.primaria.eu\/malu-cu-flori\/?page_id=1140"},"modified":"2024-11-06T09:11:27","modified_gmt":"2024-11-06T09:11:27","slug":"politia-locala","status":"publish","type":"page","link":"https:\/\/primaria-online.primaria.eu\/malu-cu-flori\/servicii-publice\/politia-locala\/","title":{"rendered":"Politia Locala"},"content":{"rendered":"<div class=\"fusion-fullwidth fullwidth-box fusion-builder-row-1 fusion-flex-container has-pattern-background has-mask-background nonhundred-percent-fullwidth non-hundred-percent-height-scrolling\" style=\"--awb-border-radius-top-left:0px;--awb-border-radius-top-right:0px;--awb-border-radius-bottom-right:0px;--awb-border-radius-bottom-left:0px;--awb-padding-top:80px;--awb-padding-bottom:80px;--awb-background-color:#f9fafb;\" ><div class=\"fusion-builder-row fusion-row fusion-flex-align-items-flex-start\" style=\"max-width:1248px;margin-left: calc(-4% \/ 2 );margin-right: calc(-4% \/ 2 );\"><div class=\"fusion-layout-column fusion_builder_column fusion-builder-column-0 fusion_builder_column_2_3 2_3 fusion-flex-column\" style=\"--awb-padding-right:30px;--awb-bg-size:cover;--awb-width-large:66.666666666667%;--awb-margin-top-large:0px;--awb-spacing-right-large:2.88%;--awb-margin-bottom-large:20px;--awb-spacing-left-large:2.88%;--awb-width-medium:66.666666666667%;--awb-order-medium:0;--awb-spacing-right-medium:2.88%;--awb-spacing-left-medium:2.88%;--awb-width-small:100%;--awb-order-small:0;--awb-spacing-right-small:1.92%;--awb-spacing-left-small:1.92%;\" data-motion-effects=\"[{&quot;type&quot;:&quot;&quot;,&quot;scroll_type&quot;:&quot;transition&quot;,&quot;scroll_direction&quot;:&quot;up&quot;,&quot;transition_speed&quot;:&quot;1&quot;,&quot;fade_type&quot;:&quot;in&quot;,&quot;scale_type&quot;:&quot;up&quot;,&quot;initial_scale&quot;:&quot;1&quot;,&quot;max_scale&quot;:&quot;1.5&quot;,&quot;min_scale&quot;:&quot;0.5&quot;,&quot;initial_rotate&quot;:&quot;0&quot;,&quot;end_rotate&quot;:&quot;30&quot;,&quot;initial_blur&quot;:&quot;0&quot;,&quot;end_blur&quot;:&quot;3&quot;,&quot;start_element&quot;:&quot;top&quot;,&quot;start_viewport&quot;:&quot;bottom&quot;,&quot;end_element&quot;:&quot;bottom&quot;,&quot;end_viewport&quot;:&quot;top&quot;,&quot;mouse_effect&quot;:&quot;track&quot;,&quot;mouse_effect_direction&quot;:&quot;opposite&quot;,&quot;mouse_effect_speed&quot;:&quot;2&quot;,&quot;infinite_animation&quot;:&quot;float&quot;,&quot;infinite_animation_speed&quot;:&quot;2&quot;}]\" data-scroll-devices=\"small-visibility,medium-visibility,large-visibility\"><div class=\"fusion-column-wrapper fusion-column-has-shadow fusion-flex-justify-content-flex-start fusion-content-layout-column\"><div class=\"fusion-text fusion-text-1\"><h3><strong>Poli\u021bia Local\u0103 a Ora\u0219ului Chinteni<\/strong><\/h3>\n<p><strong>Descriere:<\/strong><\/p>\n<p>Poli\u021bia Local\u0103 din cadrul Prim\u0103riei Ora\u0219ului Chinteni este responsabil\u0103 pentru men\u021binerea ordinii \u0219i siguran\u021bei publice, asigurarea respect\u0103rii legilor locale \u0219i sprijinirea cet\u0103\u021benilor prin ac\u021biuni de preven\u021bie \u0219i interven\u021bie. Poli\u021bia Local\u0103 colaboreaz\u0103 str\u00e2ns cu Poli\u021bia Na\u021bional\u0103 \u0219i alte autorit\u0103\u021bi pentru a r\u0103spunde nevoilor comunit\u0103\u021bii \u0219i pentru a crea un mediu sigur \u0219i protejat.<\/p>\n<hr \/>\n<h4><strong>Atribu\u021bii principale:<\/strong><\/h4>\n<ol>\n<li><strong>Men\u021binerea ordinii \u0219i lini\u0219tii publice<\/strong>\n<ul>\n<li>Patrularea zonelor publice (parcuri, pie\u021be, cartiere) pentru prevenirea actelor antisociale<\/li>\n<li>Interven\u021bia prompt\u0103 \u00een cazurile de tulburare a ordinii \u0219i lini\u0219tii publice<\/li>\n<li>Supravegherea locurilor publice \u0219i descurajarea comportamentelor ilegale<\/li>\n<\/ul>\n<\/li>\n<li><strong>Supravegherea traficului \u0219i siguran\u021ba rutier\u0103<\/strong>\n<ul>\n<li>Controlul traficului rutier \u0219i asigurarea respect\u0103rii normelor de circula\u021bie<\/li>\n<li>Desf\u0103\u0219urarea de campanii educa\u021bionale pentru pietoni \u0219i \u0219oferi, \u00een special pentru cei tineri<\/li>\n<li>Gestionarea parc\u0103rilor publice \u0219i sanc\u021bionarea parc\u0103rilor ilegale<\/li>\n<\/ul>\n<\/li>\n<li><strong>Protec\u021bia mediului \u0219i controlul salubriz\u0103rii<\/strong>\n<ul>\n<li>Verificarea respect\u0103rii normelor de salubritate, colectarea \u0219i depozitarea corect\u0103 a de\u0219eurilor<\/li>\n<li>Sanc\u021bionarea persoanelor \u0219i companiilor care arunc\u0103 ilegal de\u0219euri sau polueaz\u0103 mediul<\/li>\n<li>Supravegherea zonelor verzi pentru prevenirea degrad\u0103rii acestora<\/li>\n<\/ul>\n<\/li>\n<li><strong>Prevenirea \u0219i combaterea actelor de vandalism<\/strong>\n<ul>\n<li>Monitorizarea zonelor publice pentru prevenirea distrugerilor de bunuri publice \u0219i private<\/li>\n<li>Interven\u021bia \u00een cazurile de vandalism \u0219i alte acte de deteriorare a propriet\u0103\u021bii<\/li>\n<li>Colaborarea cu cet\u0103\u021benii \u0219i alte autorit\u0103\u021bi pentru a proteja patrimoniul ora\u0219ului<\/li>\n<\/ul>\n<\/li>\n<li><strong>Asigurarea securit\u0103\u021bii \u00een unit\u0103\u021bile de \u00eenv\u0103\u021b\u0103m\u00e2nt<\/strong>\n<ul>\n<li>Patrularea zonelor adiacente \u0219colilor \u0219i liceelor pentru a descuraja comportamentele antisociale<\/li>\n<li>Colaborarea cu directorii de \u0219coli pentru a organiza sesiuni de educa\u021bie \u0219i preven\u021bie pentru elevi<\/li>\n<li>Interven\u021bia \u00een cazurile de incidente \u00een proximitatea unit\u0103\u021bilor de \u00eenv\u0103\u021b\u0103m\u00e2nt<\/li>\n<\/ul>\n<\/li>\n<li><strong>Suport pentru ac\u021biuni de urgen\u021b\u0103 \u0219i situa\u021bii de criz\u0103<\/strong>\n<ul>\n<li>Asisten\u021b\u0103 \u00een cazuri de calamit\u0103\u021bi naturale, incendii sau alte situa\u021bii de urgen\u021b\u0103<\/li>\n<li>Evacuarea \u0219i protec\u021bia popula\u021biei \u00een situa\u021bii de risc<\/li>\n<li>Colaborarea cu echipele de interven\u021bie pentru gestionarea situa\u021biilor de criz\u0103<\/li>\n<\/ul>\n<\/li>\n<\/ol>\n<\/div><\/div><\/div><div class=\"fusion-layout-column fusion_builder_column fusion-builder-column-1 fusion_builder_column_1_3 1_3 fusion-flex-column fusion-flex-align-self-center\" style=\"--awb-padding-top:100pxpx;--awb-padding-bottom:100px;--awb-bg-size:cover;--awb-width-large:33.333333333333%;--awb-margin-top-large:0px;--awb-spacing-right-large:5.76%;--awb-margin-bottom-large:20px;--awb-spacing-left-large:5.76%;--awb-width-medium:33.333333333333%;--awb-order-medium:0;--awb-spacing-right-medium:5.76%;--awb-spacing-left-medium:5.76%;--awb-width-small:100%;--awb-order-small:0;--awb-spacing-right-small:1.92%;--awb-spacing-left-small:1.92%;\" data-motion-effects=\"[{&quot;type&quot;:&quot;&quot;,&quot;scroll_type&quot;:&quot;transition&quot;,&quot;scroll_direction&quot;:&quot;up&quot;,&quot;transition_speed&quot;:&quot;1&quot;,&quot;fade_type&quot;:&quot;in&quot;,&quot;scale_type&quot;:&quot;up&quot;,&quot;initial_scale&quot;:&quot;1&quot;,&quot;max_scale&quot;:&quot;1.5&quot;,&quot;min_scale&quot;:&quot;0.5&quot;,&quot;initial_rotate&quot;:&quot;0&quot;,&quot;end_rotate&quot;:&quot;30&quot;,&quot;initial_blur&quot;:&quot;0&quot;,&quot;end_blur&quot;:&quot;3&quot;,&quot;start_element&quot;:&quot;top&quot;,&quot;start_viewport&quot;:&quot;bottom&quot;,&quot;end_element&quot;:&quot;bottom&quot;,&quot;end_viewport&quot;:&quot;top&quot;,&quot;mouse_effect&quot;:&quot;track&quot;,&quot;mouse_effect_direction&quot;:&quot;opposite&quot;,&quot;mouse_effect_speed&quot;:&quot;2&quot;,&quot;infinite_animation&quot;:&quot;float&quot;,&quot;infinite_animation_speed&quot;:&quot;2&quot;}]\" data-scroll-devices=\"small-visibility,medium-visibility,large-visibility\"><div class=\"fusion-column-wrapper fusion-column-has-shadow fusion-flex-justify-content-flex-start fusion-content-layout-block\"><div class=\"fusion-image-element fusion-image-align-center in-legacy-container\" style=\"text-align:center;--awb-caption-title-font-family:var(--h2_typography-font-family);--awb-caption-title-font-weight:var(--h2_typography-font-weight);--awb-caption-title-font-style:var(--h2_typography-font-style);--awb-caption-title-size:var(--h2_typography-font-size);--awb-caption-title-transform:var(--h2_typography-text-transform);--awb-caption-title-line-height:var(--h2_typography-line-height);--awb-caption-title-letter-spacing:var(--h2_typography-letter-spacing);\"><div class=\"imageframe-align-center\"><span class=\" fusion-imageframe imageframe-none imageframe-1 hover-type-none img-bgsize-column1-primarii\" class=\"image-magnify\" class=\"image-scroll\"><img decoding=\"async\" src=\"https:\/\/primaria-online.primaria.eu\/malu-cu-flori\/wp-content\/uploads\/sites\/11\/2024\/05\/reg-c-removebg-preview-300x264.png\" alt class=\"img-responsive\"\/><\/span><\/div><\/div><\/div><\/div><\/div><\/div>\n","protected":false},"excerpt":{"rendered":"","protected":false},"author":9,"featured_media":0,"parent":21,"menu_order":0,"comment_status":"closed","ping_status":"closed","template":"100-width.php","meta":{"_acf_changed":false,"footnotes":""},"acf":[],"_links":{"self":[{"href":"https:\/\/primaria-online.primaria.eu\/malu-cu-flori\/wp-json\/wp\/v2\/pages\/1140"}],"collection":[{"href":"https:\/\/primaria-online.primaria.eu\/malu-cu-flori\/wp-json\/wp\/v2\/pages"}],"about":[{"href":"https:\/\/primaria-online.primaria.eu\/malu-cu-flori\/wp-json\/wp\/v2\/types\/page"}],"author":[{"embeddable":true,"href":"https:\/\/primaria-online.primaria.eu\/malu-cu-flori\/wp-json\/wp\/v2\/users\/9"}],"replies":[{"embeddable":true,"href":"https:\/\/primaria-online.primaria.eu\/malu-cu-flori\/wp-json\/wp\/v2\/comments?post=1140"}],"version-history":[{"count":2,"href":"https:\/\/primaria-online.primaria.eu\/malu-cu-flori\/wp-json\/wp\/v2\/pages\/1140\/revisions"}],"predecessor-version":[{"id":1143,"href":"https:\/\/primaria-online.primaria.eu\/malu-cu-flori\/wp-json\/wp\/v2\/pages\/1140\/revisions\/1143"}],"up":[{"embeddable":true,"href":"https:\/\/primaria-online.primaria.eu\/malu-cu-flori\/wp-json\/wp\/v2\/pages\/21"}],"wp:attachment":[{"href":"https:\/\/primaria-online.primaria.eu\/malu-cu-flori\/wp-json\/wp\/v2\/media?parent=1140"}],"curies":[{"name":"wp","href":"https:\/\/api.w.org\/{rel}","templated":true}]}}