{"id":355,"date":"2024-04-25T13:32:33","date_gmt":"2024-04-25T13:32:33","guid":{"rendered":"https:\/\/primaria-online.primaria.eu\/conop\/?page_id=355"},"modified":"2025-04-30T08:50:19","modified_gmt":"2025-04-30T08:50:19","slug":"consiliul-local","status":"publish","type":"page","link":"https:\/\/primaria-online.primaria.eu\/conop\/consiliul-local\/","title":{"rendered":"Consiliul local"},"content":{"rendered":"<div class=\"fusion-fullwidth fullwidth-box fusion-builder-row-1 fusion-flex-container has-pattern-background has-mask-background nonhundred-percent-fullwidth non-hundred-percent-height-scrolling\" style=\"--awb-border-radius-top-left:0px;--awb-border-radius-top-right:0px;--awb-border-radius-bottom-right:0px;--awb-border-radius-bottom-left:0px;--awb-padding-top:80px;--awb-padding-bottom:80px;--awb-background-color:#f0f3ff;\" ><div class=\"fusion-builder-row fusion-row fusion-flex-align-items-flex-start\" style=\"max-width:1248px;margin-left: calc(-4% \/ 2 );margin-right: calc(-4% \/ 2 );\"><div class=\"fusion-layout-column fusion_builder_column fusion-builder-column-0 fusion_builder_column_1_1 1_1 fusion-flex-column\" style=\"--awb-padding-right:30px;--awb-bg-size:cover;--awb-width-large:100%;--awb-margin-top-large:0px;--awb-spacing-right-large:1.92%;--awb-margin-bottom-large:20px;--awb-spacing-left-large:1.92%;--awb-width-medium:100%;--awb-order-medium:0;--awb-spacing-right-medium:1.92%;--awb-spacing-left-medium:1.92%;--awb-width-small:100%;--awb-order-small:0;--awb-spacing-right-small:1.92%;--awb-spacing-left-small:1.92%;\" data-motion-effects=\"[{&quot;type&quot;:&quot;&quot;,&quot;scroll_type&quot;:&quot;transition&quot;,&quot;scroll_direction&quot;:&quot;up&quot;,&quot;transition_speed&quot;:&quot;1&quot;,&quot;fade_type&quot;:&quot;in&quot;,&quot;scale_type&quot;:&quot;up&quot;,&quot;initial_scale&quot;:&quot;1&quot;,&quot;max_scale&quot;:&quot;1.5&quot;,&quot;min_scale&quot;:&quot;0.5&quot;,&quot;initial_rotate&quot;:&quot;0&quot;,&quot;end_rotate&quot;:&quot;30&quot;,&quot;initial_blur&quot;:&quot;0&quot;,&quot;end_blur&quot;:&quot;3&quot;,&quot;start_element&quot;:&quot;top&quot;,&quot;start_viewport&quot;:&quot;bottom&quot;,&quot;end_element&quot;:&quot;bottom&quot;,&quot;end_viewport&quot;:&quot;top&quot;,&quot;mouse_effect&quot;:&quot;track&quot;,&quot;mouse_effect_direction&quot;:&quot;opposite&quot;,&quot;mouse_effect_speed&quot;:&quot;2&quot;,&quot;infinite_animation&quot;:&quot;float&quot;,&quot;infinite_animation_speed&quot;:&quot;2&quot;}]\" data-scroll-devices=\"small-visibility,medium-visibility,large-visibility\"><div class=\"fusion-column-wrapper fusion-column-has-shadow fusion-flex-justify-content-flex-start fusion-content-layout-column\"><div class=\"accordian fusion-accordian\" style=\"--awb-border-size:1px;--awb-icon-size:16px;--awb-content-font-size:var(--awb-typography4-font-size);--awb-icon-alignment:left;--awb-hover-color:var(--awb-color2);--awb-border-color:var(--awb-color3);--awb-background-color:var(--awb-color1);--awb-divider-color:var(--awb-color3);--awb-divider-hover-color:var(--awb-color3);--awb-icon-color:var(--awb-color1);--awb-title-color:var(--awb-color8);--awb-content-color:var(--awb-color8);--awb-icon-box-color:var(--awb-color8);--awb-toggle-hover-accent-color:var(--awb-color5);--awb-title-font-family:var(--awb-typography1-font-family);--awb-title-font-weight:var(--awb-typography1-font-weight);--awb-title-font-style:var(--awb-typography1-font-style);--awb-title-font-size:16px;--awb-content-font-family:var(--awb-typography4-font-family);--awb-content-font-weight:var(--awb-typography4-font-weight);--awb-content-font-style:var(--awb-typography4-font-style);\"><div class=\"panel-group fusion-toggle-icon-boxed\" id=\"accordion-355-1\"><div class=\"fusion-panel panel-default panel-db1e3b5aa33153cfb fusion-toggle-has-divider\" style=\"--awb-title-color:var(--awb-color8);\"><div class=\"panel-heading\"><h4 class=\"panel-title toggle\" id=\"toggle_db1e3b5aa33153cfb\"><a class=\"active\" aria-expanded=\"true\" aria-controls=\"db1e3b5aa33153cfb\" role=\"button\" data-toggle=\"collapse\" data-parent=\"#accordion-355-1\" data-target=\"#db1e3b5aa33153cfb\" href=\"#db1e3b5aa33153cfb\"><span class=\"fusion-toggle-icon-wrapper\" aria-hidden=\"true\"><i class=\"fa-fusion-box active-icon awb-icon-minus\" aria-hidden=\"true\"><\/i><i class=\"fa-fusion-box inactive-icon awb-icon-plus\" aria-hidden=\"true\"><\/i><\/span><span class=\"fusion-toggle-heading\">2024-2028<\/span><\/a><\/h4><\/div><div id=\"db1e3b5aa33153cfb\" class=\"panel-collapse collapse in\" aria-labelledby=\"toggle_db1e3b5aa33153cfb\"><div class=\"panel-body toggle-content fusion-clearfix\">\n<p>Viceprimar B\u0103lt\u0103\u021boiu Cristian-Constantin PNL<br \/>\nConsilier local B\u0103lan C\u0103lin-Cornel PSD<br \/>\nConsilier local B\u0103lan Ioan-Sergiu PNL<br \/>\nConsilier local Coad\u0103 Sergiu-Darius PSD<br \/>\nConsilier local Cost\u0103chescu Romeo PNL<br \/>\nConsilier local Covaci David PSD<br \/>\nConsilier local Dr\u0103gan Nicolae-Aurel PNL<br \/>\nConsilier local Iovescu Ioan-Aurel PSD<\/p>\n<p>Comisia de specialitate nr. 1 din domeniul activit\u0103\u0163i economico-financiare,buget,finan\u0163e,juridic\u0103 \u015fi de disciplin\u0103<br \/>\nB\u0102LAN IOAN SERGIU Presedinte<br \/>\nB\u0103lt\u0103\u021boiu Cristian-Constantin secretar<br \/>\nB\u0103lan C\u0103lin Cornel membru<\/p>\n<p>Comisia de specialitate nr.2 din domeniul agricultur\u0103,silvicultur\u0103,urbanism \u015fi amenajarea teritoriului,munc\u0103 \u015fi protec\u0163ie social\u0103,protec\u0163ia mediului,turism<br \/>\nDragan Nicolae Aurel Presedinte<br \/>\nCost\u0103chescu Romeo Secretar<br \/>\nIovescu Ioan Aurel Membru<\/p>\n<p>Comisia de specialitate nr. 3 din domeniul \u00eenv\u0103\u0163\u0103m\u00e2nt, s\u0103n\u0103tate \u015fi familie, activit\u0103\u0163i social culturale, culte ,protec\u0163ia copilului, sport<br \/>\nMihu\u021ba Milica Florentina Presedinte<br \/>\nM\u00eerza Ana Viorica Secretar<br \/>\nLeric Adrian Ioan Membru<br \/>\nCOVACI DAVID Membru<br \/>\nCoad\u0103 Sergiu Darius Membru<\/p>\n<p>Consilier local Leric Adrian-ioan AUR<br \/>\nConsilier local Mihu\u021ba Milica-Florentina PNL<br \/>\nConsilier local M\u00eerza Ana-Viorica PNL<\/p>\n<\/div><\/div><\/div><div class=\"fusion-panel panel-default panel-8bcf53d482484563f fusion-toggle-has-divider\" style=\"--awb-title-color:var(--awb-color8);\"><div class=\"panel-heading\"><h4 class=\"panel-title toggle\" id=\"toggle_8bcf53d482484563f\"><a aria-expanded=\"false\" aria-controls=\"8bcf53d482484563f\" role=\"button\" data-toggle=\"collapse\" data-parent=\"#accordion-355-1\" data-target=\"#8bcf53d482484563f\" href=\"#8bcf53d482484563f\"><span class=\"fusion-toggle-icon-wrapper\" aria-hidden=\"true\"><i class=\"fa-fusion-box active-icon awb-icon-minus\" aria-hidden=\"true\"><\/i><i class=\"fa-fusion-box inactive-icon awb-icon-plus\" aria-hidden=\"true\"><\/i><\/span><span class=\"fusion-toggle-heading\">2020-2024<\/span><\/a><\/h4><\/div><div id=\"8bcf53d482484563f\" class=\"panel-collapse collapse \" aria-labelledby=\"toggle_8bcf53d482484563f\"><div class=\"panel-body toggle-content fusion-clearfix\">\n<p>B\u0102LT\u0102\u021aOIU CRISTIAN-CONSTANTIN PNL<br \/>\nB\u0102LAN IOAN-SERGIU PNL<br \/>\nCUREC ANI\u0218OARA-GHEORGHINA PNL<br \/>\nCOST\u0102CHESCU ROMEO PNL<br \/>\nM\u00ceRZA ANA-VIORICA PNL<br \/>\nDR\u0102GAN NICOLAE-AUREL PNL<br \/>\nCIUCURI\u021a\u0102 DANA-ALEXANDRA PNL<br \/>\nMIHU\u021aA MILICA-FLORENTINA PSD<br \/>\nMARINCA FLORIN-IONEL PSD<br \/>\nB\u0102LU NADIA-LAURA PSD<br \/>\nP\u0102SCU\u021a VASILE-ROMIC\u0102 USR-PLUS<\/p>\n<\/div><\/div><\/div><div class=\"fusion-panel panel-default panel-eec1dbced2dfb94cc fusion-toggle-has-divider\" style=\"--awb-title-color:var(--awb-color8);\"><div class=\"panel-heading\"><h4 class=\"panel-title toggle\" id=\"toggle_eec1dbced2dfb94cc\"><a aria-expanded=\"false\" aria-controls=\"eec1dbced2dfb94cc\" role=\"button\" data-toggle=\"collapse\" data-parent=\"#accordion-355-1\" data-target=\"#eec1dbced2dfb94cc\" href=\"#eec1dbced2dfb94cc\"><span class=\"fusion-toggle-icon-wrapper\" aria-hidden=\"true\"><i class=\"fa-fusion-box active-icon awb-icon-minus\" aria-hidden=\"true\"><\/i><i class=\"fa-fusion-box inactive-icon awb-icon-plus\" aria-hidden=\"true\"><\/i><\/span><span class=\"fusion-toggle-heading\">2016-2020<\/span><\/a><\/h4><\/div><div id=\"eec1dbced2dfb94cc\" class=\"panel-collapse collapse \" aria-labelledby=\"toggle_eec1dbced2dfb94cc\"><div class=\"panel-body toggle-content fusion-clearfix\">\n<p>Males Petru \u2013 viceprimar<br \/>\nB\u0103lan Ioan Sergiu<br \/>\nC\u0103\u015fu\u0163 Gabriel Dan<br \/>\nCost\u0103chescu Romeo<br \/>\nCurec Ani\u015foara<br \/>\nDr\u0103gan Nicolae Aurel<br \/>\nHerbei Roman<br \/>\nMarinca Florin Ionel<br \/>\nMihuta Milica Florentina<br \/>\nMos Dana Alexandra<br \/>\nRasca Florin Vasile<\/p>\n<\/div><\/div><\/div><\/div><\/div><\/div><\/div><\/div><\/div>\n","protected":false},"excerpt":{"rendered":"","protected":false},"author":3,"featured_media":0,"parent":0,"menu_order":0,"comment_status":"closed","ping_status":"closed","template":"100-width.php","meta":{"_acf_changed":false,"footnotes":""},"acf":[],"_links":{"self":[{"href":"https:\/\/primaria-online.primaria.eu\/conop\/wp-json\/wp\/v2\/pages\/355"}],"collection":[{"href":"https:\/\/primaria-online.primaria.eu\/conop\/wp-json\/wp\/v2\/pages"}],"about":[{"href":"https:\/\/primaria-online.primaria.eu\/conop\/wp-json\/wp\/v2\/types\/page"}],"author":[{"embeddable":true,"href":"https:\/\/primaria-online.primaria.eu\/conop\/wp-json\/wp\/v2\/users\/3"}],"replies":[{"embeddable":true,"href":"https:\/\/primaria-online.primaria.eu\/conop\/wp-json\/wp\/v2\/comments?post=355"}],"version-history":[{"count":27,"href":"https:\/\/primaria-online.primaria.eu\/conop\/wp-json\/wp\/v2\/pages\/355\/revisions"}],"predecessor-version":[{"id":1442,"href":"https:\/\/primaria-online.primaria.eu\/conop\/wp-json\/wp\/v2\/pages\/355\/revisions\/1442"}],"wp:attachment":[{"href":"https:\/\/primaria-online.primaria.eu\/conop\/wp-json\/wp\/v2\/media?parent=355"}],"curies":[{"name":"wp","href":"https:\/\/api.w.org\/{rel}","templated":true}]}}