{"id":285,"date":"2024-04-23T14:48:36","date_gmt":"2024-04-23T14:48:36","guid":{"rendered":"https:\/\/primaria-online.primaria.eu\/conop\/?page_id=285"},"modified":"2024-11-12T08:45:57","modified_gmt":"2024-11-12T08:45:57","slug":"regulament","status":"publish","type":"page","link":"https:\/\/primaria-online.primaria.eu\/conop\/primaria\/regulament\/","title":{"rendered":"Regulament"},"content":{"rendered":"<p><div class=\"fusion-fullwidth fullwidth-box fusion-builder-row-1 fusion-flex-container has-pattern-background has-mask-background nonhundred-percent-fullwidth non-hundred-percent-height-scrolling\" style=\"--awb-border-radius-top-left:0px;--awb-border-radius-top-right:0px;--awb-border-radius-bottom-right:0px;--awb-border-radius-bottom-left:0px;--awb-padding-top:80px;--awb-padding-bottom:80px;--awb-background-color:#f0f3ff;\" ><div class=\"fusion-builder-row fusion-row fusion-flex-align-items-flex-start\" style=\"max-width:1248px;margin-left: calc(-4% \/ 2 );margin-right: calc(-4% \/ 2 );\"><div class=\"fusion-layout-column fusion_builder_column fusion-builder-column-0 fusion_builder_column_1_2 1_2 fusion-flex-column fusion-flex-align-self-center\" style=\"--awb-padding-top:100pxpx;--awb-padding-bottom:100px;--awb-bg-size:cover;--awb-width-large:50%;--awb-margin-top-large:0px;--awb-spacing-right-large:3.84%;--awb-margin-bottom-large:20px;--awb-spacing-left-large:3.84%;--awb-width-medium:50%;--awb-order-medium:0;--awb-spacing-right-medium:3.84%;--awb-spacing-left-medium:3.84%;--awb-width-small:100%;--awb-order-small:0;--awb-spacing-right-small:1.92%;--awb-spacing-left-small:1.92%;\" data-motion-effects=\"[{&quot;type&quot;:&quot;&quot;,&quot;scroll_type&quot;:&quot;transition&quot;,&quot;scroll_direction&quot;:&quot;up&quot;,&quot;transition_speed&quot;:&quot;1&quot;,&quot;fade_type&quot;:&quot;in&quot;,&quot;scale_type&quot;:&quot;up&quot;,&quot;initial_scale&quot;:&quot;1&quot;,&quot;max_scale&quot;:&quot;1.5&quot;,&quot;min_scale&quot;:&quot;0.5&quot;,&quot;initial_rotate&quot;:&quot;0&quot;,&quot;end_rotate&quot;:&quot;30&quot;,&quot;initial_blur&quot;:&quot;0&quot;,&quot;end_blur&quot;:&quot;3&quot;,&quot;start_element&quot;:&quot;top&quot;,&quot;start_viewport&quot;:&quot;bottom&quot;,&quot;end_element&quot;:&quot;bottom&quot;,&quot;end_viewport&quot;:&quot;top&quot;,&quot;mouse_effect&quot;:&quot;track&quot;,&quot;mouse_effect_direction&quot;:&quot;opposite&quot;,&quot;mouse_effect_speed&quot;:&quot;2&quot;,&quot;infinite_animation&quot;:&quot;float&quot;,&quot;infinite_animation_speed&quot;:&quot;2&quot;}]\" data-scroll-devices=\"small-visibility,medium-visibility,large-visibility\"><div class=\"fusion-column-wrapper fusion-column-has-shadow fusion-flex-justify-content-flex-start fusion-content-layout-block\"><div class=\"fusion-image-element fusion-image-align-center in-legacy-container\" style=\"text-align:center;--awb-aspect-ratio:2 \/ 1;--awb-object-position:23% 55%;--awb-caption-title-font-family:var(--h2_typography-font-family);--awb-caption-title-font-weight:var(--h2_typography-font-weight);--awb-caption-title-font-style:var(--h2_typography-font-style);--awb-caption-title-size:var(--h2_typography-font-size);--awb-caption-title-transform:var(--h2_typography-text-transform);--awb-caption-title-line-height:var(--h2_typography-line-height);--awb-caption-title-letter-spacing:var(--h2_typography-letter-spacing);\"><div class=\"imageframe-align-center\"><span class=\" fusion-imageframe imageframe-none imageframe-1 hover-type-none has-aspect-ratio img-bgsize-column1-primarii\" class=\"image-magnify\" class=\"image-scroll\"><img decoding=\"async\" src=\"https:\/\/primaria-online.primaria.eu\/conop\/wp-content\/uploads\/sites\/10\/2024\/04\/Fixed-Aspect-Ratio-6-300x150.png\" class=\"img-responsive img-with-aspect-ratio\" alt \/><\/span><\/div><\/div><\/div><\/div><div class=\"fusion-layout-column fusion_builder_column fusion-builder-column-1 fusion_builder_column_1_2 1_2 fusion-flex-column\" style=\"--awb-padding-right:30px;--awb-bg-size:cover;--awb-width-large:50%;--awb-margin-top-large:0px;--awb-spacing-right-large:3.84%;--awb-margin-bottom-large:20px;--awb-spacing-left-large:3.84%;--awb-width-medium:50%;--awb-order-medium:0;--awb-spacing-right-medium:3.84%;--awb-spacing-left-medium:3.84%;--awb-width-small:100%;--awb-order-small:0;--awb-spacing-right-small:1.92%;--awb-spacing-left-small:1.92%;\" data-motion-effects=\"[{&quot;type&quot;:&quot;&quot;,&quot;scroll_type&quot;:&quot;transition&quot;,&quot;scroll_direction&quot;:&quot;up&quot;,&quot;transition_speed&quot;:&quot;1&quot;,&quot;fade_type&quot;:&quot;in&quot;,&quot;scale_type&quot;:&quot;up&quot;,&quot;initial_scale&quot;:&quot;1&quot;,&quot;max_scale&quot;:&quot;1.5&quot;,&quot;min_scale&quot;:&quot;0.5&quot;,&quot;initial_rotate&quot;:&quot;0&quot;,&quot;end_rotate&quot;:&quot;30&quot;,&quot;initial_blur&quot;:&quot;0&quot;,&quot;end_blur&quot;:&quot;3&quot;,&quot;start_element&quot;:&quot;top&quot;,&quot;start_viewport&quot;:&quot;bottom&quot;,&quot;end_element&quot;:&quot;bottom&quot;,&quot;end_viewport&quot;:&quot;top&quot;,&quot;mouse_effect&quot;:&quot;track&quot;,&quot;mouse_effect_direction&quot;:&quot;opposite&quot;,&quot;mouse_effect_speed&quot;:&quot;2&quot;,&quot;infinite_animation&quot;:&quot;float&quot;,&quot;infinite_animation_speed&quot;:&quot;2&quot;}]\" data-scroll-devices=\"small-visibility,medium-visibility,large-visibility\"><div class=\"fusion-column-wrapper fusion-column-has-shadow fusion-flex-justify-content-flex-start fusion-content-layout-column\"><div class=\"fusion-text fusion-text-1\"><h4 style=\"margin-top: 0px;\">Regulamentul prim\u0103riei<\/h4>\n<p>Regulamentul prim\u0103riei este un document care stabile\u0219te normele \u0219i procedurile interne de func\u021bionare ale prim\u0103riei, inclusiv responsabilit\u0103\u021bile personalului \u0219i modul de interac\u021biune cu cet\u0103\u021benii.Regulamentul trebuie s\u0103 fie publicat pe site-ul prim\u0103riei \u0219i s\u0103 fie accesibil cet\u0103\u021benilor pentru a asigura transparen\u021ba \u00een activitatea administrativ\u0103.Regulamentul trebuie s\u0103 fie revizuit periodic pentru a se adapta la schimb\u0103rile legislative sau organiza\u021bionale.Informa\u021bii despre intrarea \u00een vigoare, modific\u0103ri, \u0219i abrogarea anterioarelor reglement\u0103ri.<\/p>\n<\/div><\/div><\/div><\/div><\/div><div class=\"fusion-fullwidth fullwidth-box fusion-builder-row-2 fusion-flex-container has-pattern-background has-mask-background nonhundred-percent-fullwidth non-hundred-percent-height-scrolling\" style=\"--awb-border-radius-top-left:0px;--awb-border-radius-top-right:0px;--awb-border-radius-bottom-right:0px;--awb-border-radius-bottom-left:0px;--awb-padding-top:80px;--awb-padding-bottom:80px;--awb-background-color:#f9fafb;\" ><div class=\"fusion-builder-row fusion-row fusion-flex-align-items-flex-start\" style=\"max-width:1248px;margin-left: calc(-4% \/ 2 );margin-right: calc(-4% \/ 2 );\"><div class=\"fusion-layout-column fusion_builder_column fusion-builder-column-2 fusion_builder_column_1_1 1_1 fusion-flex-column\" style=\"--awb-bg-size:cover;--awb-width-large:100%;--awb-margin-top-large:0px;--awb-spacing-right-large:1.92%;--awb-margin-bottom-large:20px;--awb-spacing-left-large:1.92%;--awb-width-medium:100%;--awb-order-medium:0;--awb-spacing-right-medium:1.92%;--awb-spacing-left-medium:1.92%;--awb-width-small:100%;--awb-order-small:0;--awb-spacing-right-small:1.92%;--awb-spacing-left-small:1.92%;\"><div class=\"fusion-column-wrapper fusion-column-has-shadow fusion-flex-justify-content-flex-start fusion-content-layout-column\"><div class=\"fusion-text fusion-text-2\"><h4>Regulament de ordine interioara<\/h4>\n<hr \/>\n<\/div><div class=\"fusion-text fusion-text-3\"><p>Documentul cu Regulamentul de ordine interioara al primariei [nume primarie] il puteti vedea dand click pe linkul de mai jos.<\/p>\n<\/div><div ><a class=\"fusion-button button-flat fusion-button-default-size button-default fusion-button-default button-1 fusion-button-default-span fusion-button-default-type\" target=\"_self\" href=\"https:\/\/primaria-online.primaria.eu\/conop\/wp-content\/uploads\/sites\/10\/2024\/11\/Formular-contact.pdf\"><span class=\"fusion-button-text\">Regulament primaria [nume primarie]<\/span><\/a><\/div><\/div><\/div><div class=\"fusion-layout-column fusion_builder_column fusion-builder-column-3 fusion_builder_column_1_1 1_1 fusion-flex-column\" style=\"--awb-bg-size:cover;--awb-width-large:100%;--awb-margin-top-large:0px;--awb-spacing-right-large:1.92%;--awb-margin-bottom-large:20px;--awb-spacing-left-large:1.92%;--awb-width-medium:100%;--awb-order-medium:0;--awb-spacing-right-medium:1.92%;--awb-spacing-left-medium:1.92%;--awb-width-small:100%;--awb-order-small:0;--awb-spacing-right-small:1.92%;--awb-spacing-left-small:1.92%;\"><div class=\"fusion-column-wrapper fusion-column-has-shadow fusion-flex-justify-content-flex-start fusion-content-layout-column\"><div class=\"fusion-text fusion-text-4\"><h4>Regulament de functionare si organizare<\/h4>\n<hr \/>\n<\/div><div class=\"accordian fusion-accordian\" style=\"--awb-border-size:1px;--awb-icon-size:20px;--awb-content-font-size:14px;--awb-content-line-height:20px;--awb-icon-alignment:right;--awb-hover-color:var(--awb-color2);--awb-border-color:var(--awb-color3);--awb-background-color:var(--awb-color1);--awb-divider-color:var(--awb-color7);--awb-divider-hover-color:var(--awb-color3);--awb-icon-color:#687183;--awb-title-color:var(--awb-color6);--awb-content-color:var(--awb-color6);--awb-icon-box-color:var(--awb-color8);--awb-toggle-hover-accent-color:var(--awb-color5);--awb-title-font-family:var(--awb-typography1-font-family);--awb-title-font-weight:var(--awb-typography1-font-weight);--awb-title-font-style:var(--awb-typography1-font-style);--awb-title-font-size:14px;--awb-title-letter-spacing:var(--awb-typography1-letter-spacing);--awb-title-line-height:20px;--awb-content-font-family:var(--awb-typography4-font-family);--awb-content-font-weight:var(--awb-typography4-font-weight);--awb-content-font-style:var(--awb-typography4-font-style);\"><div class=\"panel-group fusion-toggle-icon-right fusion-toggle-icon-unboxed\" id=\"accordion-285-1\"><div class=\"fusion-panel panel-default panel-7afd956b2314f6405 fusion-toggle-no-divider\" style=\"--awb-title-color:var(--awb-color8);\"><div class=\"panel-heading\"><h4 class=\"panel-title toggle\" id=\"toggle_7afd956b2314f6405\"><a aria-expanded=\"false\" aria-controls=\"7afd956b2314f6405\" role=\"button\" data-toggle=\"collapse\" data-parent=\"#accordion-285-1\" data-target=\"#7afd956b2314f6405\" href=\"#7afd956b2314f6405\"><span class=\"fusion-toggle-icon-wrapper\" aria-hidden=\"true\"><i class=\"fa-fusion-box active-icon fa-angle-up fas\" aria-hidden=\"true\"><\/i><i class=\"fa-fusion-box inactive-icon fa-angle-down fas\" aria-hidden=\"true\"><\/i><\/span><span class=\"fusion-toggle-heading\">Informarea publicului cu privire respectarea normelor de conduita 2023<\/span><\/a><\/h4><\/div><div id=\"7afd956b2314f6405\" class=\"panel-collapse collapse \" aria-labelledby=\"toggle_7afd956b2314f6405\"><div class=\"panel-body toggle-content fusion-clearfix\">\n<p><strong>Obiectul sesiz\u0103rilor privind cazurile de \u00eenc\u0103lcare a normelor de conduit\u0103 profesional\u0103<\/strong><\/p>\n<p>&#8211; \u00cent\u00e2rziere sistematic\u0103 \u00een efectuarea lucr\u0103rilor;<br \/>\n&#8211; Neglijen\u021b\u0103 repetat\u0103 \u00een efectuarea lucr\u0103rilor;<br \/>\n&#8211; Nerespectarea programului de lucru;<br \/>\n&#8211; Manifest\u0103ri care aduc atingere prestigiului institu\u021biei<\/p>\n<p><strong>Cauzele \u015fi consecin\u0163ele nerespect\u0103rii normelor de conduit\u0103<\/strong><\/p>\n<p>&#8211; \u00eent\u00e2rzierea sistematic\u0103 \u00een efectuarea lucr\u0103rilor;<br \/>\n&#8211; neglijen\u021b\u0103 repetat\u0103 \u00een efectuarea lucr\u0103rilor;<br \/>\n&#8211; nerespectarea programului de lucru;<br \/>\n&#8211; manifest\u0103ri care aduc atingere prestigiului institu\u021biei<\/p>\n<p><strong>Consecin\u021be<\/strong> :<br \/>\n&#8211; aplicarea de sanc\u021biuni disciplinare<\/p>\n<p>Numar sesizari solutionate in 2023: 45<\/p>\n<\/div><\/div><\/div><div class=\"fusion-panel panel-default panel-75574f4c679055cc3 fusion-toggle-no-divider\" style=\"--awb-title-color:var(--awb-color8);\"><div class=\"panel-heading\"><h4 class=\"panel-title toggle\" id=\"toggle_75574f4c679055cc3\"><a aria-expanded=\"false\" aria-controls=\"75574f4c679055cc3\" role=\"button\" data-toggle=\"collapse\" data-parent=\"#accordion-285-1\" data-target=\"#75574f4c679055cc3\" href=\"#75574f4c679055cc3\"><span class=\"fusion-toggle-icon-wrapper\" aria-hidden=\"true\"><i class=\"fa-fusion-box active-icon fa-angle-up fas\" aria-hidden=\"true\"><\/i><i class=\"fa-fusion-box inactive-icon fa-angle-down fas\" aria-hidden=\"true\"><\/i><\/span><span class=\"fusion-toggle-heading\">Informarea publicului cu privire respectarea normelor de conduita 2022<\/span><\/a><\/h4><\/div><div id=\"75574f4c679055cc3\" class=\"panel-collapse collapse \" aria-labelledby=\"toggle_75574f4c679055cc3\"><div class=\"panel-body toggle-content fusion-clearfix\">\n<p><strong>Obiectul sesiz\u0103rilor privind cazurile de \u00eenc\u0103lcare a normelor de conduit\u0103 profesional\u0103<\/strong><\/p>\n<p>&#8211; \u00cent\u00e2rziere sistematic\u0103 \u00een efectuarea lucr\u0103rilor;<br \/>\n&#8211; Neglijen\u021b\u0103 repetat\u0103 \u00een efectuarea lucr\u0103rilor;<br \/>\n&#8211; Nerespectarea programului de lucru;<br \/>\n&#8211; Manifest\u0103ri care aduc atingere prestigiului institu\u021biei<\/p>\n<p><strong>Cauzele \u015fi consecin\u0163ele nerespect\u0103rii normelor de conduit\u0103<\/strong><\/p>\n<p>&#8211; \u00eent\u00e2rzierea sistematic\u0103 \u00een efectuarea lucr\u0103rilor;<br \/>\n&#8211; neglijen\u021b\u0103 repetat\u0103 \u00een efectuarea lucr\u0103rilor;<br \/>\n&#8211; nerespectarea programului de lucru;<br \/>\n&#8211; manifest\u0103ri care aduc atingere prestigiului institu\u021biei<\/p>\n<p><strong>Consecin\u021be<\/strong> :<br \/>\n&#8211; aplicarea de sanc\u021biuni disciplinare<\/p>\n<\/div><\/div><\/div><div class=\"fusion-panel panel-default panel-b1a631e420a06fdaf fusion-toggle-no-divider\" style=\"--awb-title-color:var(--awb-color8);\"><div class=\"panel-heading\"><h4 class=\"panel-title toggle\" id=\"toggle_b1a631e420a06fdaf\"><a aria-expanded=\"false\" aria-controls=\"b1a631e420a06fdaf\" role=\"button\" data-toggle=\"collapse\" data-parent=\"#accordion-285-1\" data-target=\"#b1a631e420a06fdaf\" href=\"#b1a631e420a06fdaf\"><span class=\"fusion-toggle-icon-wrapper\" aria-hidden=\"true\"><i class=\"fa-fusion-box active-icon fa-angle-up fas\" aria-hidden=\"true\"><\/i><i class=\"fa-fusion-box inactive-icon fa-angle-down fas\" aria-hidden=\"true\"><\/i><\/span><span class=\"fusion-toggle-heading\">Informarea publicului cu privire respectarea normelor de conduita 2021<\/span><\/a><\/h4><\/div><div id=\"b1a631e420a06fdaf\" class=\"panel-collapse collapse \" aria-labelledby=\"toggle_b1a631e420a06fdaf\"><div class=\"panel-body toggle-content fusion-clearfix\">\n<p><strong>Obiectul sesiz\u0103rilor privind cazurile de \u00eenc\u0103lcare a normelor de conduit\u0103 profesional\u0103<\/strong><\/p>\n<p>&#8211; \u00cent\u00e2rziere sistematic\u0103 \u00een efectuarea lucr\u0103rilor;<br \/>\n&#8211; Neglijen\u021b\u0103 repetat\u0103 \u00een efectuarea lucr\u0103rilor;<br \/>\n&#8211; Nerespectarea programului de lucru;<br \/>\n&#8211; Manifest\u0103ri care aduc atingere prestigiului institu\u021biei<\/p>\n<p><strong>Cauzele \u015fi consecin\u0163ele nerespect\u0103rii normelor de conduit\u0103<\/strong><\/p>\n<p>&#8211; \u00eent\u00e2rzierea sistematic\u0103 \u00een efectuarea lucr\u0103rilor;<br \/>\n&#8211; neglijen\u021b\u0103 repetat\u0103 \u00een efectuarea lucr\u0103rilor;<br \/>\n&#8211; nerespectarea programului de lucru;<br \/>\n&#8211; manifest\u0103ri care aduc atingere prestigiului institu\u021biei<\/p>\n<p><strong>Consecin\u021be<\/strong> :<br \/>\n&#8211; aplicarea de sanc\u021biuni disciplinare<\/p>\n<\/div><\/div><\/div><div class=\"fusion-panel panel-default panel-494b2f44bafbb6a27 fusion-toggle-no-divider\" style=\"--awb-title-color:var(--awb-color8);\"><div class=\"panel-heading\"><h4 class=\"panel-title toggle\" id=\"toggle_494b2f44bafbb6a27\"><a aria-expanded=\"false\" aria-controls=\"494b2f44bafbb6a27\" role=\"button\" data-toggle=\"collapse\" data-parent=\"#accordion-285-1\" data-target=\"#494b2f44bafbb6a27\" href=\"#494b2f44bafbb6a27\"><span class=\"fusion-toggle-icon-wrapper\" aria-hidden=\"true\"><i class=\"fa-fusion-box active-icon fa-angle-up fas\" aria-hidden=\"true\"><\/i><i class=\"fa-fusion-box inactive-icon fa-angle-down fas\" aria-hidden=\"true\"><\/i><\/span><span class=\"fusion-toggle-heading\">Informarea publicului cu privire respectarea normelor de conduita 2020<\/span><\/a><\/h4><\/div><div id=\"494b2f44bafbb6a27\" class=\"panel-collapse collapse \" aria-labelledby=\"toggle_494b2f44bafbb6a27\"><div class=\"panel-body toggle-content fusion-clearfix\">\n<p><strong>Obiectul sesiz\u0103rilor privind cazurile de \u00eenc\u0103lcare a normelor de conduit\u0103 profesional\u0103<\/strong><\/p>\n<p>&#8211; \u00cent\u00e2rziere sistematic\u0103 \u00een efectuarea lucr\u0103rilor;<br \/>\n&#8211; Neglijen\u021b\u0103 repetat\u0103 \u00een efectuarea lucr\u0103rilor;<br \/>\n&#8211; Nerespectarea programului de lucru;<br \/>\n&#8211; Manifest\u0103ri care aduc atingere prestigiului institu\u021biei<\/p>\n<p><strong>Cauzele \u015fi consecin\u0163ele nerespect\u0103rii normelor de conduit\u0103<\/strong><\/p>\n<p>&#8211; \u00eent\u00e2rzierea sistematic\u0103 \u00een efectuarea lucr\u0103rilor;<br \/>\n&#8211; neglijen\u021b\u0103 repetat\u0103 \u00een efectuarea lucr\u0103rilor;<br \/>\n&#8211; nerespectarea programului de lucru;<br \/>\n&#8211; manifest\u0103ri care aduc atingere prestigiului institu\u021biei<\/p>\n<p><strong>Consecin\u021be<\/strong> :<br \/>\n&#8211; aplicarea de sanc\u021biuni disciplinare<\/p>\n<\/div><\/div><\/div><\/div><\/div><\/div><\/div><\/div><\/div><\/p>\n","protected":false},"excerpt":{"rendered":"","protected":false},"author":3,"featured_media":0,"parent":12,"menu_order":0,"comment_status":"closed","ping_status":"closed","template":"100-width.php","meta":{"_acf_changed":false,"footnotes":""},"acf":[],"_links":{"self":[{"href":"https:\/\/primaria-online.primaria.eu\/conop\/wp-json\/wp\/v2\/pages\/285"}],"collection":[{"href":"https:\/\/primaria-online.primaria.eu\/conop\/wp-json\/wp\/v2\/pages"}],"about":[{"href":"https:\/\/primaria-online.primaria.eu\/conop\/wp-json\/wp\/v2\/types\/page"}],"author":[{"embeddable":true,"href":"https:\/\/primaria-online.primaria.eu\/conop\/wp-json\/wp\/v2\/users\/3"}],"replies":[{"embeddable":true,"href":"https:\/\/primaria-online.primaria.eu\/conop\/wp-json\/wp\/v2\/comments?post=285"}],"version-history":[{"count":17,"href":"https:\/\/primaria-online.primaria.eu\/conop\/wp-json\/wp\/v2\/pages\/285\/revisions"}],"predecessor-version":[{"id":1232,"href":"https:\/\/primaria-online.primaria.eu\/conop\/wp-json\/wp\/v2\/pages\/285\/revisions\/1232"}],"up":[{"embeddable":true,"href":"https:\/\/primaria-online.primaria.eu\/conop\/wp-json\/wp\/v2\/pages\/12"}],"wp:attachment":[{"href":"https:\/\/primaria-online.primaria.eu\/conop\/wp-json\/wp\/v2\/media?parent=285"}],"curies":[{"name":"wp","href":"https:\/\/api.w.org\/{rel}","templated":true}]}}